{"id":242,"date":"2012-04-18T10:18:05","date_gmt":"2012-04-18T09:18:05","guid":{"rendered":"http:\/\/www.canalboating.cz\/?page_id=242"},"modified":"2014-10-12T11:10:23","modified_gmt":"2014-10-12T10:10:23","slug":"cesko-2008","status":"publish","type":"page","link":"https:\/\/www.canalboating.cz\/en\/cestopisy\/cesko-2008\/","title":{"rendered":"Czech 2008"},"content":{"rendered":"<p><\/p>\n<h1>A few days on Vltava and Labe rivers &#8230; or a good tip also for beginners<\/h1>\n<p style=\"text-align: justify;\"><strong><em>I have navigated through many regions of Europe and the world but the Vltava and Labe is attracting me more and more. Good navigating conditions, beautiful surrounding, experiences of numerous locks passing occupied by a willing start, new marinas with a perfect equipment&#8230;.indicate an optimistic presence and future for a local Czech canalboating. This is meant also for the ones which are still hesitating to pick up this hobby. A couple of attached photos and odvise for inspiration.<\/em><\/strong><\/p>\n<p><img loading=\"lazy\" decoding=\"async\" src=\"http:\/\/www.canalboating.cz\/wp-content\/uploads\/2012\/04\/1.jpg\" alt=\"\" title=\"1\" width=\"560\" height=\"420\" class=\"aligncenter size-full wp-image-2344\" srcset=\"https:\/\/www.canalboating.cz\/wp-content\/uploads\/2012\/04\/1.jpg 560w, https:\/\/www.canalboating.cz\/wp-content\/uploads\/2012\/04\/1-300x225.jpg 300w, https:\/\/www.canalboating.cz\/wp-content\/uploads\/2012\/04\/1-268x200.jpg 268w\" sizes=\"auto, (max-width: 560px) 100vw, 560px\" \/><\/p>\n<p style=\"text-align: justify;\">\u201e<a href=\"http:\/\/www.vltavacharter.cz\/\">Vltava Charter<\/a>\u201c company moors its three charter boats at the Liben bridge and near a dock GolfYacht : Otis, Lucky and Otice. Eventhought they are not the best charter boats, they are quite easy-to-manipulate, fuel-saving and equiped with everything a crew of four needs. The starting place of the navigation is situated on the river just under Prague. This is very good for beginners &#8211; if they navigate down the stream, but this way they loose out on an unique experience of navigation through the centre of the city.<\/p>\n<p><img loading=\"lazy\" decoding=\"async\" src=\"http:\/\/www.canalboating.cz\/wp-content\/uploads\/2012\/04\/2.jpg\" alt=\"\" title=\"2\" width=\"560\" height=\"339\" class=\"aligncenter size-full wp-image-2345\" srcset=\"https:\/\/www.canalboating.cz\/wp-content\/uploads\/2012\/04\/2.jpg 560w, https:\/\/www.canalboating.cz\/wp-content\/uploads\/2012\/04\/2-300x181.jpg 300w\" sizes=\"auto, (max-width: 560px) 100vw, 560px\" \/><\/p>\n<p style=\"text-align: justify;\">Backed by navigation charts of Vltava adn Labe rivers (both good and up-to-date) we set sail&#8230;After short navigation se get a chace to sweep into a laguna of an old harbour of Prague-Hole\u0161ovice. For the time being it seems like a junkyard with old toeboats, but in future it shall change into a luxury marina \u2013 construction of high-cost house buildings \u201eon the bank\u201c gives a guarantee of the change to future owners of boats.<\/p>\n<p><img loading=\"lazy\" decoding=\"async\" src=\"http:\/\/www.canalboating.cz\/wp-content\/uploads\/2012\/04\/3.jpg\" alt=\"\" title=\"3\" width=\"560\" height=\"434\" class=\"aligncenter size-full wp-image-2346\" srcset=\"https:\/\/www.canalboating.cz\/wp-content\/uploads\/2012\/04\/3.jpg 560w, https:\/\/www.canalboating.cz\/wp-content\/uploads\/2012\/04\/3-300x232.jpg 300w\" sizes=\"auto, (max-width: 560px) 100vw, 560px\" \/><\/p>\n<p style=\"text-align: justify;\">All the way to Nelahozeves Vltava river reeves through a delightsome valleey comparable with \u201eriver-classics\u201c like Mohan, Rhine and others. A railway on a left river band adds a glimmer of drama and modernity, newly established ferries and restaurants on river banks remind us of far older times. This part of river misses only a few more anchorages to be perfect.<\/p>\n<p><img loading=\"lazy\" decoding=\"async\" src=\"http:\/\/www.canalboating.cz\/wp-content\/uploads\/2012\/04\/4.jpg\" alt=\"\" title=\"4\" width=\"560\" height=\"396\" class=\"aligncenter size-full wp-image-2347\" srcset=\"https:\/\/www.canalboating.cz\/wp-content\/uploads\/2012\/04\/4.jpg 560w, https:\/\/www.canalboating.cz\/wp-content\/uploads\/2012\/04\/4-300x212.jpg 300w\" sizes=\"auto, (max-width: 560px) 100vw, 560px\" \/><\/p>\n<p style=\"text-align: justify;\">We started at riv. km. 49 and we had to pass five lock chambers: Podbaba \u2013 riv. Km 44, Roztoky \u2013 riv. km. 36, Dol\u00e1nky \u2013 riv. Kkm. 27, Mi\u0159ejovice \u2013 riv. km. 18 and Ho\u0159\u00edn \u2013 riv. km.9 of the Ho\u0159\u00edn cannal. The freight ship transport on the river was very slight, that allowed us to get through imediately and with no problems \u2013 few kilometres before we were supposed to pass the lock chambers we just had to make a phone call to the maitenance of the locks and arrange detailes. The \u201echamberers\u201c were very willing.<\/p>\n<p><img loading=\"lazy\" decoding=\"async\" src=\"http:\/\/www.canalboating.cz\/wp-content\/uploads\/2012\/04\/5.jpg\" alt=\"\" title=\"5\" width=\"560\" height=\"388\" class=\"aligncenter size-full wp-image-2348\" srcset=\"https:\/\/www.canalboating.cz\/wp-content\/uploads\/2012\/04\/5.jpg 560w, https:\/\/www.canalboating.cz\/wp-content\/uploads\/2012\/04\/5-300x207.jpg 300w\" sizes=\"auto, (max-width: 560px) 100vw, 560px\" \/><\/p>\n<p style=\"text-align: justify;\">On the first day we normally get to Nelahozeves and to ist \u201eMarina Vltava\u201c (<a href=\"http:\/\/www.marinavltava.cz\/\">www.marinavltava.cz<\/a>) on left bank, riv. km. 20. This is one of few (the only one?)on Vltava river that deserves five stars (or five anchors?) rating. Neat and pleasing surrounding and perfect servise. All non-residents should visit a local chateau. This marina is on the right spot to stop and stay over on out way back in few days.<\/p>\n<p><img loading=\"lazy\" decoding=\"async\" src=\"http:\/\/www.canalboating.cz\/wp-content\/uploads\/2012\/04\/6.jpg\" alt=\"\" title=\"6\" width=\"560\" height=\"325\" class=\"aligncenter size-full wp-image-2349\" srcset=\"https:\/\/www.canalboating.cz\/wp-content\/uploads\/2012\/04\/6.jpg 560w, https:\/\/www.canalboating.cz\/wp-content\/uploads\/2012\/04\/6-300x174.jpg 300w\" sizes=\"auto, (max-width: 560px) 100vw, 560px\" \/><\/p>\n<p style=\"text-align: justify;\">I love the view across the Ho\u0159\u00edn lock chamber&#8230; High above a junction of Vltava and Labe rivers there is a M\u011bln\u00edk Castle overlooking whole local landscape thet is covered with covered with wineyards. Here we have to make dicision about a direction of our navigation: we can go right up the stream of middle Labe river or left down the lower Labe river. Either choise is good and interestint! We decided to go down the stream to get down to \u201eMarina Labe\u201c in P\u00ed\u0161\u0165any at Litom\u011b\u0159ice, that is other \u201efive anchors\u201c marina in this region (<a href=\"http:\/\/www.marinalabe.cz\/\">www.marinalabe.cz<\/a>). It is situated on riv. km. 53.<\/p>\n<p><img loading=\"lazy\" decoding=\"async\" src=\"http:\/\/www.canalboating.cz\/wp-content\/uploads\/2012\/04\/7.jpg\" alt=\"\" title=\"7\" width=\"560\" height=\"396\" class=\"aligncenter size-full wp-image-2350\" srcset=\"https:\/\/www.canalboating.cz\/wp-content\/uploads\/2012\/04\/7.jpg 560w, https:\/\/www.canalboating.cz\/wp-content\/uploads\/2012\/04\/7-300x212.jpg 300w\" sizes=\"auto, (max-width: 560px) 100vw, 560px\" \/><\/p>\n<p style=\"text-align: justify;\">This is not an entrance intoto a local power station how it mihgt seem, but a lock chamber Doln\u00ed Be\u0159kovice \u2013 riv. km. 7 \u2013 first under the rivers junction. Also \u201eindustrial panorama\u201c belongs to lower Labe. Then we were about to pass through one more chamber in \u0160t\u011bt\u00ed \u2013 riv. km. 18 \u2013 and navigate to Roudnice nad Labem. The rules of passing Labe lock chambers are the same like the one valid for Vltava riv. You can find more info at <a href=\"http:\/\/www.pla.cz\/\">www.pla.cz<\/a>.<\/p>\n<p><img loading=\"lazy\" decoding=\"async\" src=\"http:\/\/www.canalboating.cz\/wp-content\/uploads\/2012\/04\/8.jpg\" alt=\"\" title=\"8\" width=\"560\" height=\"364\" class=\"aligncenter size-full wp-image-2351\" srcset=\"https:\/\/www.canalboating.cz\/wp-content\/uploads\/2012\/04\/8.jpg 560w, https:\/\/www.canalboating.cz\/wp-content\/uploads\/2012\/04\/8-300x195.jpg 300w\" sizes=\"auto, (max-width: 560px) 100vw, 560px\" \/><\/p>\n<p style=\"text-align: justify;\">Navigation along valley of Labe f riv. belongs among the interesting ones. View at wineyards is otimistic and tells about the fact the river is flowing through \u201every favourable\u201c landscape. Rivers are fortunate in choosing their ways \u2013 mosel wine, rhine wine, Marna and its champaine&#8230; Otherwise fairway is well-arranged and marked with floats where neccesary.<\/p>\n<p><img loading=\"lazy\" decoding=\"async\" src=\"http:\/\/www.canalboating.cz\/wp-content\/uploads\/2012\/04\/9.jpg\" alt=\"\" title=\"9\" width=\"560\" height=\"364\" class=\"aligncenter size-full wp-image-2352\" srcset=\"https:\/\/www.canalboating.cz\/wp-content\/uploads\/2012\/04\/9.jpg 560w, https:\/\/www.canalboating.cz\/wp-content\/uploads\/2012\/04\/9-300x195.jpg 300w\" sizes=\"auto, (max-width: 560px) 100vw, 560px\" \/><\/p>\n<p style=\"text-align: justify;\">Because of a morning delay caused by a defect on our starting battery we lost chace to reach our destination in P\u00ed\u0161\u0165any. We decided to stay over in Roudnice on riv. km. 28. We found a handy place to anchorage in an upper floating channel aboveRoudnice lock. Eventhough it was situated right next to a busy walkway, during night it was quite peaceful. In morning we set off back to Prague.<\/p>\n<p><img loading=\"lazy\" decoding=\"async\" src=\"http:\/\/www.canalboating.cz\/wp-content\/uploads\/2012\/04\/10.jpg\" alt=\"\" title=\"10\" width=\"560\" height=\"397\" class=\"aligncenter size-full wp-image-2353\" srcset=\"https:\/\/www.canalboating.cz\/wp-content\/uploads\/2012\/04\/10.jpg 560w, https:\/\/www.canalboating.cz\/wp-content\/uploads\/2012\/04\/10-300x212.jpg 300w\" sizes=\"auto, (max-width: 560px) 100vw, 560px\" \/><\/p>\n<p style=\"text-align: justify;\">You cna meet \u201eVy\u0161ehrad\u201c &#8211; a touristic \u201ehuddle of iron\u201c &#8211; on Ho\u0159\u00edn lock once in al blue moon. What a peace of bark is it! It was an adventure to meet it on a relatvely narrow Ho\u0159\u00edn channel.Befor entering this 11 km long channal it is advisable to give a call to the lock maitenance and ask if\/what is navigating in the opposite direction.<\/p>\n<p><img loading=\"lazy\" decoding=\"async\" src=\"http:\/\/www.canalboating.cz\/wp-content\/uploads\/2012\/04\/11.jpg\" alt=\"\" title=\"11\" width=\"560\" height=\"379\" class=\"aligncenter size-full wp-image-2354\" srcset=\"https:\/\/www.canalboating.cz\/wp-content\/uploads\/2012\/04\/11.jpg 560w, https:\/\/www.canalboating.cz\/wp-content\/uploads\/2012\/04\/11-300x203.jpg 300w\" sizes=\"auto, (max-width: 560px) 100vw, 560px\" \/><\/p>\n<p style=\"text-align: justify;\">Again staying over night in \u201eMarina Vltava\u201c in nelahozeves. What to add? There is a great chef and the marin owner Petr Ko\u017een\u00fd makes sure also other services are on a perfect level.<\/p>\n<p><img loading=\"lazy\" decoding=\"async\" src=\"http:\/\/www.canalboating.cz\/wp-content\/uploads\/2012\/04\/12.jpg\" alt=\"\" title=\"12\" width=\"560\" height=\"425\" class=\"aligncenter size-full wp-image-2355\" srcset=\"https:\/\/www.canalboating.cz\/wp-content\/uploads\/2012\/04\/12.jpg 560w, https:\/\/www.canalboating.cz\/wp-content\/uploads\/2012\/04\/12-300x227.jpg 300w\" sizes=\"auto, (max-width: 560px) 100vw, 560px\" \/><\/p>\n<p style=\"text-align: justify;\">As the title says thie navigation is good tip also for beginners. I really meant it serioursly and tryed to teach my grand daughters Kl\u00e1rka and Veronika \u201eskills of navigation\u201c. Anyway they really enjoyed our trip. So try it too&#8230;and if you feel like you can write few notes to me or send your photos&#8230;<\/p>\n<p>&nbsp;<\/p>\n<p style=\"text-align: justify;\"><strong>August 2008<\/strong><\/p>\n<p><\/p>","protected":false},"excerpt":{"rendered":"<p>A few days on Vltava and Labe rivers &#8230; or a good tip also for beginners I have navigated through many regions of Europe and the world but the Vltava and Labe is attracting me more and more. Good navigating conditions, beautiful surrounding, experiences of numerous locks passing occupied by &#8230;<\/p>\n","protected":false},"author":1,"featured_media":0,"parent":124,"menu_order":26,"comment_status":"closed","ping_status":"closed","template":"","meta":{"footnotes":""},"class_list":["post-242","page","type-page","status-publish","hentry"],"_links":{"self":[{"href":"https:\/\/www.canalboating.cz\/en\/wp-json\/wp\/v2\/pages\/242","targetHints":{"allow":["GET"]}}],"collection":[{"href":"https:\/\/www.canalboating.cz\/en\/wp-json\/wp\/v2\/pages"}],"about":[{"href":"https:\/\/www.canalboating.cz\/en\/wp-json\/wp\/v2\/types\/page"}],"author":[{"embeddable":true,"href":"https:\/\/www.canalboating.cz\/en\/wp-json\/wp\/v2\/users\/1"}],"replies":[{"embeddable":true,"href":"https:\/\/www.canalboating.cz\/en\/wp-json\/wp\/v2\/comments?post=242"}],"version-history":[{"count":40,"href":"https:\/\/www.canalboating.cz\/en\/wp-json\/wp\/v2\/pages\/242\/revisions"}],"predecessor-version":[{"id":2829,"href":"https:\/\/www.canalboating.cz\/en\/wp-json\/wp\/v2\/pages\/242\/revisions\/2829"}],"up":[{"embeddable":true,"href":"https:\/\/www.canalboating.cz\/en\/wp-json\/wp\/v2\/pages\/124"}],"wp:attachment":[{"href":"https:\/\/www.canalboating.cz\/en\/wp-json\/wp\/v2\/media?parent=242"}],"curies":[{"name":"wp","href":"https:\/\/api.w.org\/{rel}","templated":true}]}}