{"id":65,"date":"2012-04-17T15:18:46","date_gmt":"2012-04-17T14:18:46","guid":{"rendered":"http:\/\/www.canalboating.cz\/?page_id=65"},"modified":"2021-11-29T16:50:40","modified_gmt":"2021-11-29T15:50:40","slug":"uvod","status":"publish","type":"page","link":"https:\/\/www.canalboating.cz\/de\/uvod\/","title":{"rendered":"Einleitung"},"content":{"rendered":"<p><img loading=\"lazy\" decoding=\"async\" src=\"https:\/\/www.canalboating.cz\/wp-content\/uploads\/2021\/11\/PF2022.jpg\" alt=\"\" width=\"600\" height=\"374\" class=\"aligncenter size-full wp-image-4244\" srcset=\"https:\/\/www.canalboating.cz\/wp-content\/uploads\/2021\/11\/PF2022.jpg 600w, https:\/\/www.canalboating.cz\/wp-content\/uploads\/2021\/11\/PF2022-300x187.jpg 300w\" sizes=\"auto, (max-width: 600px) 100vw, 600px\" \/><\/p>\n<h1>Warum CANALBOATING?<\/h1>\n<p style=\"text-align: justify;\">Der Schifffahrt \u2013 mit den Motoryachten und den Booten, den Hausbooten und den Segelbooten \u2013 durch die Kan\u00e4le, die schiffbarene Fl\u00fcsse, die Seen und entlang den Meerk\u00fcsten, einfach durch die Binnenwasser, sich widmen viele Leute und Fans in der Freizeit und in der Urlaub. Lange habe ich einen kurzen tschechischen Ausdruck f\u00fcr diese Aktivit\u00e4t gesucht. Schliesslich habe ich resigniert und ich habe treffenden englischen Canalboating benutzt.<\/p>\n<p>&nbsp;<\/p>\n<h1>Warum mit BLECHA?<\/h1>\n<p style=\"text-align: justify;\">Mein Name ist <strong>Josef Blecha<\/strong>.Ich bin in <a href=\"http:\/\/www.mujicin.cz\/\"><img loading=\"lazy\" decoding=\"async\" title=\"znakjicin\" src=\"http:\/\/www.canalboating.cz\/wp-content\/uploads\/2012\/04\/znakjicin.gif\" alt=\"\" width=\"28\" height=\"33\" \/><\/a>am Ende der ersten H\u00e4lfte im vorhergehenden Jahrhundert geboren. Jetzt lebe in <a href=\"http:\/\/www.mukolin.cz\/\"><img loading=\"lazy\" decoding=\"async\" class=\"alignnone size-full wp-image-90\" title=\"znakkolin\" src=\"http:\/\/www.canalboating.cz\/wp-content\/uploads\/2012\/04\/znakkolin.gif\" alt=\"\" width=\"28\" height=\"33\" \/><\/a> \u2013 ein paar des Zehners Meter von Fluss Elbe. Mein grosses Hobby ist Canalboating. \u00dcber die Reisen, die mit meine Ehefrau  <strong>Ludmila<\/strong> nehmen unter, schreibe ich ab und zu in verschiedenartige Zietschriften. Ich bin Mitglied <a href=\"http:\/\/www.ckc.cz\/\"><img loading=\"lazy\" decoding=\"async\" class=\"alignnone size-full wp-image-77\" title=\"logockc\" src=\"http:\/\/www.canalboating.cz\/wp-content\/uploads\/2012\/04\/logockc.jpg\" alt=\"\" width=\"90\" height=\"24\" \/><\/a>. Auch bin ich Mitglied des Sportvereines &#8222;Sportboothafen Kol\u00edn&#8220;, der bereitet in Kolin Aufbau dem Sportboothafen auf Elbe vor. Das Boot besitze ich bis jetzt nicht.<\/p>\n<p>&nbsp;<\/p>\n<h1>Und warum DIESE SEITEN?<\/h1>\n<p style=\"text-align: justify;\">In der Tschechien ist vorl\u00e4ufig viele Informationen \u00fcber Canalboating nicht. Daher wollte ich mich mit Ihnen \u2013 wen Sie Interesse werden haben \u2013 in meinen Erfahrungen und Erlebnissen aus Schifffahrt teilen, vielen von uns passendes Charterboot beschaften helfen, beraten, wie \u201edazu\u201c und einige Interesse aus Wasserwegen zeigen. Auch m\u00f6chte ich diese Seiten \u2013 G\u00e4stebuch \u2013 f\u00fcr Diskusion \u00fcber Canalboating oder f\u00fcr Ver\u00f6ffentlichung der Reisebeschreibungen anbieten.<\/p>\n<p style=\"text-align: right;\">KONTAKT: <a title=\"blecha@bert.cz\" href=\"mailto:blecha@bert.cz\">blecha@bert.cz<\/a><\/p>\n<p style=\"text-align: justify;\">Hallo <a title=\"AUF DEM BOOT\" href=\"http:\/\/www.canalboating.cz\/wp-content\/uploads\/2012\/04\/ahoj.gif\">AUF DEM BOOT<\/a> !<\/p>\n<hr \/>\n<p style=\"text-align: center;\"><a href=\"http:\/\/www.canalboating.cz\/de\/charter-lodi\/\" title=\"charter lod\u00ed\">Wer hilft die Seite &#8222;Bootcharter&#8220; vegr\u00f6\u00dfen?<\/a><\/p>\n<hr \/>\n<p><a href=\"http:\/\/www.marinavltava.cz\/\"><img loading=\"lazy\" decoding=\"async\" src=\"http:\/\/www.canalboating.cz\/wp-content\/uploads\/2012\/04\/nelahozeves.gif\" alt=\"\" title=\"nelahozeves\" width=\"88\" height=\"31\" class=\"alignleft size-full wp-image-81\" \/><\/a><br \/>\nMarina Moldau in Nelahozeves<br \/>\n&nbsp;<br \/>\n<a href=\"http:\/\/www.water-ways.net\/\"><img loading=\"lazy\" decoding=\"async\" src=\"http:\/\/www.canalboating.cz\/wp-content\/uploads\/2012\/04\/banerkanale.jpg\" alt=\"\" title=\"banerkanale\" width=\"90\" height=\"24\" class=\"alignleft size-full wp-image-1612\" \/><\/a><br \/>\nDie Zeitschrift fuer Binnenskipper<br \/>\n&nbsp;<br \/>\n<a href=\"http:\/\/www.beluga-on-tour.de\/\"><img loading=\"lazy\" decoding=\"async\" src=\"http:\/\/www.canalboating.cz\/wp-content\/uploads\/2012\/04\/belugalogo.jpg\" alt=\"\" title=\"belugalogo\" width=\"80\" height=\"37\" class=\"alignleft size-full wp-image-1613\" \/><\/a><br \/>\nDoris und Manfred Sutter und Boot Beluga<br \/>\n&nbsp;<br \/>\n<a href=\"http:\/\/www.schleusenverein.ch\/\"><img loading=\"lazy\" decoding=\"async\" src=\"http:\/\/www.canalboating.cz\/wp-content\/uploads\/2012\/04\/wimpellogo.jpg\" alt=\"\" title=\"wimpellogo\" width=\"80\" height=\"46\" class=\"alignleft size-full wp-image-87\" \/><\/a><br \/>\nSchleusenverein.ch &#8211; Schweiz<\/p>","protected":false},"excerpt":{"rendered":"<p>Warum CANALBOATING? Der Schifffahrt \u2013 mit den Motoryachten und den Booten, den Hausbooten und den Segelbooten \u2013 durch die Kan\u00e4le, die schiffbarene Fl\u00fcsse, die Seen und entlang den Meerk\u00fcsten, einfach durch die Binnenwasser, sich widmen viele Leute und Fans in der Freizeit und in der Urlaub. Lange habe ich einen &#8230;<\/p>\n","protected":false},"author":1,"featured_media":0,"parent":0,"menu_order":0,"comment_status":"closed","ping_status":"open","template":"","meta":{"footnotes":""},"class_list":["post-65","page","type-page","status-publish","hentry"],"_links":{"self":[{"href":"https:\/\/www.canalboating.cz\/de\/wp-json\/wp\/v2\/pages\/65","targetHints":{"allow":["GET"]}}],"collection":[{"href":"https:\/\/www.canalboating.cz\/de\/wp-json\/wp\/v2\/pages"}],"about":[{"href":"https:\/\/www.canalboating.cz\/de\/wp-json\/wp\/v2\/types\/page"}],"author":[{"embeddable":true,"href":"https:\/\/www.canalboating.cz\/de\/wp-json\/wp\/v2\/users\/1"}],"replies":[{"embeddable":true,"href":"https:\/\/www.canalboating.cz\/de\/wp-json\/wp\/v2\/comments?post=65"}],"version-history":[{"count":146,"href":"https:\/\/www.canalboating.cz\/de\/wp-json\/wp\/v2\/pages\/65\/revisions"}],"predecessor-version":[{"id":4246,"href":"https:\/\/www.canalboating.cz\/de\/wp-json\/wp\/v2\/pages\/65\/revisions\/4246"}],"wp:attachment":[{"href":"https:\/\/www.canalboating.cz\/de\/wp-json\/wp\/v2\/media?parent=65"}],"curies":[{"name":"wp","href":"https:\/\/api.w.org\/{rel}","templated":true}]}}