{"id":6,"date":"2012-04-16T18:19:56","date_gmt":"2012-04-16T17:19:56","guid":{"rendered":"http:\/\/www.canalboating.cz\/?page_id=6"},"modified":"2021-02-23T15:30:37","modified_gmt":"2021-02-23T14:30:37","slug":"domu","status":"publish","type":"page","link":"https:\/\/www.canalboating.cz\/de\/","title":{"rendered":"home"},"content":{"rendered":"<p><\/p>\n<p style=\"text-align: center;\"><object style=\"height:200px;\" id=\"kolo\" width=\"200\" height=\"200\" classid=\"clsid:d27cdb6e-ae6d-11cf-96b8-444553540000\" codebase=\"http:\/\/download.macromedia.com\/pub\/shockwave\/cabs\/flash\/swflash.cab#version=6,0,40,0\"><param name=\"quality\" value=\"high\" \/><param name=\"src\" value=\"http:\/\/www.canalboating.cz\/wp-content\/uploads\/2012\/04\/kolo.swf\" \/><embed style=\"height:200px;\" id=\"kolo\" width=\"200\" height=\"200\" type=\"application\/x-shockwave-flash\" src=\"http:\/\/www.canalboating.cz\/wp-content\/uploads\/2012\/04\/kolo.swf\" quality=\"high\" \/><\/object><\/p>\n<p style=\"text-align: center;\"><strong>Str\u00e1nky o cestov\u00e1n\u00ed na lod\u00edch, zaj\u00edmavostech z vodn\u00edch cest a charteru lod\u00ed.<br \/>\nStr\u00e1nky o cestovan\u00ed na lodiach, zauj\u00edmavostiach z vodn\u00fdch ciest a charteru lod\u00ed.<br \/>\nDie Seite \u00fcber die Bootreisen, die Merkw\u00fcrdigkeiten aus den Wasserwegen und das Bootcharter.<br \/>\nThe pages about boat traveling, interesting details about waterways and boatcharter.<br \/>\n\u0421\u0442\u043e\u0440\u0456\u043d\u043a\u0438 \u043f\u043e\u0457\u0437\u0434\u043e\u043a \u043d\u0430 \u0441\u0443\u0434\u043d\u0430\u0445, \u043f\u0440\u0438\u0432\u0430\u0431\u043b\u0438\u0432\u0456\u0441\u0442\u044c \u0432\u043e\u0434\u043d\u0438\u0445 \u0448\u043b\u044f\u0445\u0456\u0432 \u0456 \u0447\u0430\u0440\u0442\u0435\u0440\u043d\u0438\u0445 \u0447\u043e\u0432\u043d\u0456\u0432.<br \/>\nPaginas deviajar en barcos, curiosidad es de viajes nauticos y fletamento.<br \/>\nLes pages sur les voyages en bateau et les informations interessantes sur les croissieres.<br \/>\nPagine sui viaggi in navi, sulle curiozit\u00e1 di viaggi nautici e sull\u00b4 affitto delle navi.<br \/>\nStrony o podr\u00f3\u017cach \u0142odzi\u0105 , ciekawostkach z wodnych szlak\u00f3w i o czarterze \u0142odzi.<br \/>\nSidor om b\u00e5tf\u00e4rder, interessanta vattenv\u00e4gar och b\u00e5tuthyrning.<\/strong><\/p>\n<p>&nbsp;<\/p>\n<p style=\"text-align: center; font-size: 22px;\"><strong>&#8222;Canalboating s Blechou&#8220; doporu\u010duje &#8211; empfiehlt &#8211; recommends:<\/strong><\/p>\n<p>&nbsp;<\/p>\n<p style=\"text-align: center;\"><a href=\"http:\/\/www.dzunka.cz\/\" title=\"TRANS EUROPE CRUISE\" target=\"_blank\" rel=\"noopener\"><img decoding=\"async\" src=\"http:\/\/www.dzunka.cz\/img_new\/banner_dzunka_468x60.gif\" alt=\"TRANS EUROPE CRUISE\" \/><\/a><\/p>\n<p style=\"text-align: center;\"><object style=\"height:60px;\" width=\"470\" height=\"58\" classid=\"clsid:d27cdb6e-ae6d-11cf-96b8-444553540000\" codebase=\"http:\/\/download.macromedia.com\/pub\/shockwave\/cabs\/flash\/swflash.cab#version=6,0,40,0\"><param name=\"src\" value=\"http:\/\/www.holandskonalodi.cz\/flash\/2011-holandsko-na-lodi-468x60.swf\" \/><embed style=\"height:60px;\" width=\"470\" height=\"58\" type=\"application\/x-shockwave-flash\" src=\"http:\/\/www.holandskonalodi.cz\/flash\/2011-holandsko-na-lodi-468x60.swf\" \/><\/object><br \/>\n<a href=\"http:\/\/www.zeglugawislana.pl\/\" title=\"http:\/\/www.zeglugawislana.pl\/\" target=\"_blank\" rel=\"noopener\"><img loading=\"lazy\" decoding=\"async\" src=\"http:\/\/www.canalboating.cz\/wp-content\/uploads\/2012\/04\/zeglugawislana.jpg\" alt=\"\" title=\"zeglugawislana\" width=\"486\" height=\"125\" class=\"alignnone size-full wp-image-3114\" srcset=\"https:\/\/www.canalboating.cz\/wp-content\/uploads\/2012\/04\/zeglugawislana.jpg 486w, https:\/\/www.canalboating.cz\/wp-content\/uploads\/2012\/04\/zeglugawislana-300x77.jpg 300w\" sizes=\"auto, (max-width: 486px) 100vw, 486px\" \/><\/a><\/p>\n<p><\/p>","protected":false},"excerpt":{"rendered":"<p>Str\u00e1nky o cestov\u00e1n\u00ed na lod\u00edch, zaj\u00edmavostech z vodn\u00edch cest a charteru lod\u00ed. Str\u00e1nky o cestovan\u00ed na lodiach, zauj\u00edmavostiach z vodn\u00fdch ciest a charteru lod\u00ed. Die Seite \u00fcber die Bootreisen, die Merkw\u00fcrdigkeiten aus den Wasserwegen und das Bootcharter. The pages about boat traveling, interesting details about waterways and boatcharter. \u0421\u0442\u043e\u0440\u0456\u043d\u043a\u0438 \u043f\u043e\u0457\u0437\u0434\u043e\u043a &#8230;<\/p>\n","protected":false},"author":1,"featured_media":0,"parent":0,"menu_order":0,"comment_status":"closed","ping_status":"open","template":"template-full-width.php","meta":{"footnotes":""},"class_list":["post-6","page","type-page","status-publish","hentry"],"_links":{"self":[{"href":"https:\/\/www.canalboating.cz\/de\/wp-json\/wp\/v2\/pages\/6","targetHints":{"allow":["GET"]}}],"collection":[{"href":"https:\/\/www.canalboating.cz\/de\/wp-json\/wp\/v2\/pages"}],"about":[{"href":"https:\/\/www.canalboating.cz\/de\/wp-json\/wp\/v2\/types\/page"}],"author":[{"embeddable":true,"href":"https:\/\/www.canalboating.cz\/de\/wp-json\/wp\/v2\/users\/1"}],"replies":[{"embeddable":true,"href":"https:\/\/www.canalboating.cz\/de\/wp-json\/wp\/v2\/comments?post=6"}],"version-history":[{"count":70,"href":"https:\/\/www.canalboating.cz\/de\/wp-json\/wp\/v2\/pages\/6\/revisions"}],"predecessor-version":[{"id":4238,"href":"https:\/\/www.canalboating.cz\/de\/wp-json\/wp\/v2\/pages\/6\/revisions\/4238"}],"wp:attachment":[{"href":"https:\/\/www.canalboating.cz\/de\/wp-json\/wp\/v2\/media?parent=6"}],"curies":[{"name":"wp","href":"https:\/\/api.w.org\/{rel}","templated":true}]}}