{"id":4193,"date":"2020-03-06T13:07:39","date_gmt":"2020-03-06T12:07:39","guid":{"rendered":"https:\/\/www.canalboating.cz\/?page_id=4193"},"modified":"2020-03-06T13:08:06","modified_gmt":"2020-03-06T12:08:06","slug":"expedice-2019","status":"publish","type":"page","link":"https:\/\/www.canalboating.cz\/de\/cestopisy\/expedice-2019\/","title":{"rendered":"Expedition 2019"},"content":{"rendered":"<p class=\"qtranxs-available-languages-message qtranxs-available-languages-message-de\">Leider ist der Eintrag nur auf <a href=\"https:\/\/www.canalboating.cz\/cs\/wp-json\/wp\/v2\/pages\/4193\" class=\"qtranxs-available-language-link qtranxs-available-language-link-cs\" title=\"\u010ce\u0161tina\">\u010ce\u0161tina<\/a> verf\u00fcgbar.<\/p>","protected":false},"excerpt":{"rendered":"<p>Leider ist der Eintrag nur auf \u010ce\u0161tina verf\u00fcgbar.<\/p>\n","protected":false},"author":1,"featured_media":0,"parent":124,"menu_order":0,"comment_status":"closed","ping_status":"closed","template":"","meta":{"footnotes":""},"class_list":["post-4193","page","type-page","status-publish","hentry"],"_links":{"self":[{"href":"https:\/\/www.canalboating.cz\/de\/wp-json\/wp\/v2\/pages\/4193","targetHints":{"allow":["GET"]}}],"collection":[{"href":"https:\/\/www.canalboating.cz\/de\/wp-json\/wp\/v2\/pages"}],"about":[{"href":"https:\/\/www.canalboating.cz\/de\/wp-json\/wp\/v2\/types\/page"}],"author":[{"embeddable":true,"href":"https:\/\/www.canalboating.cz\/de\/wp-json\/wp\/v2\/users\/1"}],"replies":[{"embeddable":true,"href":"https:\/\/www.canalboating.cz\/de\/wp-json\/wp\/v2\/comments?post=4193"}],"version-history":[{"count":8,"href":"https:\/\/www.canalboating.cz\/de\/wp-json\/wp\/v2\/pages\/4193\/revisions"}],"predecessor-version":[{"id":4220,"href":"https:\/\/www.canalboating.cz\/de\/wp-json\/wp\/v2\/pages\/4193\/revisions\/4220"}],"up":[{"embeddable":true,"href":"https:\/\/www.canalboating.cz\/de\/wp-json\/wp\/v2\/pages\/124"}],"wp:attachment":[{"href":"https:\/\/www.canalboating.cz\/de\/wp-json\/wp\/v2\/media?parent=4193"}],"curies":[{"name":"wp","href":"https:\/\/api.w.org\/{rel}","templated":true}]}}