{"id":3780,"date":"2015-12-02T17:15:48","date_gmt":"2015-12-02T16:15:48","guid":{"rendered":"http:\/\/www.canalboating.cz\/?page_id=3780"},"modified":"2015-12-02T17:19:52","modified_gmt":"2015-12-02T16:19:52","slug":"expedice-2015","status":"publish","type":"page","link":"https:\/\/www.canalboating.cz\/de\/cestopisy\/expedice-2015\/","title":{"rendered":"(\u010ce\u0161tina) Expedice 2015"},"content":{"rendered":"<p class=\"qtranxs-available-languages-message qtranxs-available-languages-message-de\">Leider ist der Eintrag nur auf <a href=\"https:\/\/www.canalboating.cz\/cs\/wp-json\/wp\/v2\/pages\/3780\" class=\"qtranxs-available-language-link qtranxs-available-language-link-cs\" title=\"\u010ce\u0161tina\">\u010ce\u0161tina<\/a> verf\u00fcgbar.<\/p>","protected":false},"excerpt":{"rendered":"<p>Leider ist der Eintrag nur auf \u010ce\u0161tina verf\u00fcgbar.<\/p>\n","protected":false},"author":1,"featured_media":0,"parent":124,"menu_order":0,"comment_status":"closed","ping_status":"closed","template":"","meta":{"footnotes":""},"class_list":["post-3780","page","type-page","status-publish","hentry"],"_links":{"self":[{"href":"https:\/\/www.canalboating.cz\/de\/wp-json\/wp\/v2\/pages\/3780","targetHints":{"allow":["GET"]}}],"collection":[{"href":"https:\/\/www.canalboating.cz\/de\/wp-json\/wp\/v2\/pages"}],"about":[{"href":"https:\/\/www.canalboating.cz\/de\/wp-json\/wp\/v2\/types\/page"}],"author":[{"embeddable":true,"href":"https:\/\/www.canalboating.cz\/de\/wp-json\/wp\/v2\/users\/1"}],"replies":[{"embeddable":true,"href":"https:\/\/www.canalboating.cz\/de\/wp-json\/wp\/v2\/comments?post=3780"}],"version-history":[{"count":3,"href":"https:\/\/www.canalboating.cz\/de\/wp-json\/wp\/v2\/pages\/3780\/revisions"}],"predecessor-version":[{"id":3813,"href":"https:\/\/www.canalboating.cz\/de\/wp-json\/wp\/v2\/pages\/3780\/revisions\/3813"}],"up":[{"embeddable":true,"href":"https:\/\/www.canalboating.cz\/de\/wp-json\/wp\/v2\/pages\/124"}],"wp:attachment":[{"href":"https:\/\/www.canalboating.cz\/de\/wp-json\/wp\/v2\/media?parent=3780"}],"curies":[{"name":"wp","href":"https:\/\/api.w.org\/{rel}","templated":true}]}}