{"id":3751,"date":"2015-09-24T16:41:34","date_gmt":"2015-09-24T15:41:34","guid":{"rendered":"http:\/\/www.canalboating.cz\/?page_id=3751"},"modified":"2015-09-24T16:41:34","modified_gmt":"2015-09-24T15:41:34","slug":"polsko-2015","status":"publish","type":"page","link":"https:\/\/www.canalboating.cz\/de\/cestopisy\/polsko-2015\/","title":{"rendered":"Polen 2013"},"content":{"rendered":"<p class=\"qtranxs-available-languages-message qtranxs-available-languages-message-de\">Leider ist der Eintrag nur auf <a href=\"https:\/\/www.canalboating.cz\/cs\/wp-json\/wp\/v2\/pages\/3751\" class=\"qtranxs-available-language-link qtranxs-available-language-link-cs\" title=\"\u010ce\u0161tina\">\u010ce\u0161tina<\/a> verf\u00fcgbar.<\/p>","protected":false},"excerpt":{"rendered":"<p>Leider ist der Eintrag nur auf \u010ce\u0161tina verf\u00fcgbar.<\/p>\n","protected":false},"author":1,"featured_media":0,"parent":124,"menu_order":0,"comment_status":"closed","ping_status":"closed","template":"","meta":{"footnotes":""},"class_list":["post-3751","page","type-page","status-publish","hentry"],"_links":{"self":[{"href":"https:\/\/www.canalboating.cz\/de\/wp-json\/wp\/v2\/pages\/3751","targetHints":{"allow":["GET"]}}],"collection":[{"href":"https:\/\/www.canalboating.cz\/de\/wp-json\/wp\/v2\/pages"}],"about":[{"href":"https:\/\/www.canalboating.cz\/de\/wp-json\/wp\/v2\/types\/page"}],"author":[{"embeddable":true,"href":"https:\/\/www.canalboating.cz\/de\/wp-json\/wp\/v2\/users\/1"}],"replies":[{"embeddable":true,"href":"https:\/\/www.canalboating.cz\/de\/wp-json\/wp\/v2\/comments?post=3751"}],"version-history":[{"count":1,"href":"https:\/\/www.canalboating.cz\/de\/wp-json\/wp\/v2\/pages\/3751\/revisions"}],"predecessor-version":[{"id":3775,"href":"https:\/\/www.canalboating.cz\/de\/wp-json\/wp\/v2\/pages\/3751\/revisions\/3775"}],"up":[{"embeddable":true,"href":"https:\/\/www.canalboating.cz\/de\/wp-json\/wp\/v2\/pages\/124"}],"wp:attachment":[{"href":"https:\/\/www.canalboating.cz\/de\/wp-json\/wp\/v2\/media?parent=3751"}],"curies":[{"name":"wp","href":"https:\/\/api.w.org\/{rel}","templated":true}]}}