{"id":3690,"date":"2015-07-25T09:29:19","date_gmt":"2015-07-25T08:29:19","guid":{"rendered":"http:\/\/www.canalboating.cz\/?page_id=3690"},"modified":"2016-01-02T15:10:23","modified_gmt":"2016-01-02T14:10:23","slug":"cesko-2015","status":"publish","type":"page","link":"https:\/\/www.canalboating.cz\/de\/cestopisy\/cesko-2015\/","title":{"rendered":"Tschechien 2015"},"content":{"rendered":"<p><\/p>\n<h1>Eine sch\u00f6ne Fahrt auf dem Ba\u0165a-Kanal oder Tip von \u201ewww.canalboating.cz\u201c<\/h1>\n<p><a href=\"http:\/\/www.canalboating.cz\/wp-content\/uploads\/2015\/07\/BK00.jpg\"><img loading=\"lazy\" decoding=\"async\" src=\"http:\/\/www.canalboating.cz\/wp-content\/uploads\/2015\/07\/BK00-150x300.jpg\" alt=\"BK00\" width=\"150\" height=\"300\" class=\"alignright size-medium wp-image-3691\" srcset=\"https:\/\/www.canalboating.cz\/wp-content\/uploads\/2015\/07\/BK00-150x300.jpg 150w, https:\/\/www.canalboating.cz\/wp-content\/uploads\/2015\/07\/BK00.jpg 366w\" sizes=\"auto, (max-width: 150px) 100vw, 150px\" \/><\/a><\/p>\n<p style=\"text-align: justify;\"><strong><em>Der Ba\u0165a-Kanal ist ein Ph\u00e4nomen der gegenw\u00e4rtigen Schiffstouristik in der Tschechischen Republik. Er ist sowohl f\u00fcr erfahrene Bootsfahrer, als auch f\u00fcr Anf\u00e4nger geeignet\u2026, einfach f\u00fcr all jene, die sich entschlie\u00dfen, einen Wochenurlaub auf einem Boot in attraktiver Umgebung zu verbringen\u2026 vielleicht auch mit Kindern, mit kleinen Schiffsjungen.<br \/>\n&nbsp;<br \/>\nWo sich der Ba\u0165a-Kanal befindet? Im s\u00fcd\u00f6stlichen Teil der Tschechischen Republik, wobei die Wasserstra\u00dfe mit ihrer L\u00e4nge von ca. 60 km zwischen Otrokovice und dem slowakischen Grenzort Skalica f\u00fcr eine Wochentour &#8211; hin und zur\u00fcck &#8211; geradezu ideal ist (<a href=\"http:\/\/www.batacanal.cz\" target=\"_blank\">www.batacanal.cz<\/a>).<br \/>\n&nbsp;<br \/>\nUnd womit geht es auf Reisen? Nunmehr haben Sie die Gelegenheit, ein \u201erichtiges\u201c Schiff mit s\u00e4mtlicher Ausstattung zu mieten: Komb\u00fcse, WC, Dusche, Warmwasser&#8230;<br \/>\n&nbsp;<br \/>\n\u201ePandora\u201c und \u201eMarta\u201c erwarten Sie an der Anlegestelle in Babice \u2013 <a href=\"http:\/\/www.plavebni.cz\" target=\"_blank\">www.plavebni.cz<\/a>.<\/em><\/strong><\/p>\n<p>&nbsp;<br \/>\n\n\t\t<div id='gallery-6' class='gallery galleryid-3690 gallery-columns-3 gallery-size-thumbnail gallery-link-file'><figure class='gallery-item'>\n\t\t\t<span class='gallery-icon'>\n\t\t\t\t<a rel='attachment' href='https:\/\/www.canalboating.cz\/wp-content\/uploads\/2015\/07\/BK01.jpg'><img loading=\"lazy\" decoding=\"async\" width=\"150\" height=\"150\" src=\"https:\/\/www.canalboating.cz\/wp-content\/uploads\/2015\/07\/BK01-150x150.jpg\" class=\"attachment-thumbnail size-thumbnail\" alt=\"\" srcset=\"https:\/\/www.canalboating.cz\/wp-content\/uploads\/2015\/07\/BK01-150x150.jpg 150w, https:\/\/www.canalboating.cz\/wp-content\/uploads\/2015\/07\/BK01-100x100.jpg 100w\" sizes=\"auto, (max-width: 150px) 100vw, 150px\" \/><\/a>\n\t\t\t<\/span><\/figure><figure class='gallery-item'>\n\t\t\t<span class='gallery-icon'>\n\t\t\t\t<a rel='attachment' href='https:\/\/www.canalboating.cz\/wp-content\/uploads\/2015\/07\/BK02.jpg'><img loading=\"lazy\" decoding=\"async\" width=\"150\" height=\"150\" src=\"https:\/\/www.canalboating.cz\/wp-content\/uploads\/2015\/07\/BK02-150x150.jpg\" class=\"attachment-thumbnail size-thumbnail\" alt=\"\" srcset=\"https:\/\/www.canalboating.cz\/wp-content\/uploads\/2015\/07\/BK02-150x150.jpg 150w, https:\/\/www.canalboating.cz\/wp-content\/uploads\/2015\/07\/BK02-100x100.jpg 100w\" sizes=\"auto, (max-width: 150px) 100vw, 150px\" \/><\/a>\n\t\t\t<\/span><\/figure><figure class='gallery-item'>\n\t\t\t<span class='gallery-icon'>\n\t\t\t\t<a rel='attachment' href='https:\/\/www.canalboating.cz\/wp-content\/uploads\/2015\/07\/BK03.jpg'><img loading=\"lazy\" decoding=\"async\" width=\"150\" height=\"150\" src=\"https:\/\/www.canalboating.cz\/wp-content\/uploads\/2015\/07\/BK03-150x150.jpg\" class=\"attachment-thumbnail size-thumbnail\" alt=\"\" srcset=\"https:\/\/www.canalboating.cz\/wp-content\/uploads\/2015\/07\/BK03-150x150.jpg 150w, https:\/\/www.canalboating.cz\/wp-content\/uploads\/2015\/07\/BK03-100x100.jpg 100w\" sizes=\"auto, (max-width: 150px) 100vw, 150px\" \/><\/a>\n\t\t\t<\/span><\/figure><br style=\"clear: both\" \/>\n\t\t\t<div class='clear'><\/div>\n\t\t<\/div>\n<\/p>\n<p style=\"text-align: justify;\">Der Ba\u0165a-Kanal ist ca. 60 km lang und w\u00e4hrend der Fahrt erwarten Sie 13 Schleusen. Ihre Absolvierung ist einfach, sie werden von einem qualifizierten Personal bedient, das Ihnen mit Rat und Tat zu Seite steht. Es brauch lediglich ein wenig Geduld beim Warten auf \u201egr\u00fcnes Licht\u201c vor der Schiffsschleuse und Vorsicht bei der Einfahrt und der Ausfahrt aus der Schleuse. Das Festzurren des Bootes in der Schleuse erfolgt leicht und bequem mittels eines Hakens an einem an der Schleusenwand gespannten Tau.<\/p>\n\n\t\t<div id='gallery-7' class='gallery galleryid-3690 gallery-columns-3 gallery-size-thumbnail gallery-link-file'><figure class='gallery-item'>\n\t\t\t<span class='gallery-icon'>\n\t\t\t\t<a rel='attachment' href='https:\/\/www.canalboating.cz\/wp-content\/uploads\/2015\/07\/BK04.jpg'><img loading=\"lazy\" decoding=\"async\" width=\"150\" height=\"150\" src=\"https:\/\/www.canalboating.cz\/wp-content\/uploads\/2015\/07\/BK04-150x150.jpg\" class=\"attachment-thumbnail size-thumbnail\" alt=\"\" srcset=\"https:\/\/www.canalboating.cz\/wp-content\/uploads\/2015\/07\/BK04-150x150.jpg 150w, https:\/\/www.canalboating.cz\/wp-content\/uploads\/2015\/07\/BK04-100x100.jpg 100w\" sizes=\"auto, (max-width: 150px) 100vw, 150px\" \/><\/a>\n\t\t\t<\/span><\/figure><figure class='gallery-item'>\n\t\t\t<span class='gallery-icon'>\n\t\t\t\t<a rel='attachment' href='https:\/\/www.canalboating.cz\/wp-content\/uploads\/2015\/07\/BK05.jpg'><img loading=\"lazy\" decoding=\"async\" width=\"150\" height=\"150\" src=\"https:\/\/www.canalboating.cz\/wp-content\/uploads\/2015\/07\/BK05-150x150.jpg\" class=\"attachment-thumbnail size-thumbnail\" alt=\"\" srcset=\"https:\/\/www.canalboating.cz\/wp-content\/uploads\/2015\/07\/BK05-150x150.jpg 150w, https:\/\/www.canalboating.cz\/wp-content\/uploads\/2015\/07\/BK05-100x100.jpg 100w\" sizes=\"auto, (max-width: 150px) 100vw, 150px\" \/><\/a>\n\t\t\t<\/span><\/figure><figure class='gallery-item'>\n\t\t\t<span class='gallery-icon'>\n\t\t\t\t<a rel='attachment' href='https:\/\/www.canalboating.cz\/wp-content\/uploads\/2015\/07\/BK06.jpg'><img loading=\"lazy\" decoding=\"async\" width=\"150\" height=\"150\" src=\"https:\/\/www.canalboating.cz\/wp-content\/uploads\/2015\/07\/BK06-150x150.jpg\" class=\"attachment-thumbnail size-thumbnail\" alt=\"\" srcset=\"https:\/\/www.canalboating.cz\/wp-content\/uploads\/2015\/07\/BK06-150x150.jpg 150w, https:\/\/www.canalboating.cz\/wp-content\/uploads\/2015\/07\/BK06-100x100.jpg 100w\" sizes=\"auto, (max-width: 150px) 100vw, 150px\" \/><\/a>\n\t\t\t<\/span><\/figure><br style=\"clear: both\" \/>\n\t\t\t<div class='clear'><\/div>\n\t\t<\/div>\n\n<p style=\"text-align: justify;\">Der Ba\u0165a-Kanal ist nicht nur ein \u201eKanal\u201c schlechthin, im wahrsten Sinne des Wortes. Den k\u00fcnstlich angelegten Kanal l\u00f6sen sch\u00f6ne Abschnitte des regulierten Flusses March (Morava) ab: Otrokovice &#8211; Schleuse Spytihn\u011bv: Fluss, Schiffsschleuse Spytihn\u011bv &#8211; Uhersk\u00e9 Hradi\u0161t\u011b: Kanal, Uhersk\u00e9 Hradi\u0161t\u011b &#8211; Vesel\u00ed nad Moravou: Fluss, Vesel\u00ed n. M. &#8211; Marina Skalica: Kanal. Dieser Wechsel gestaltet die Fahrt abwechslungsreicher, auf dem breiten Fluss k\u00f6nnen sich selbst absolute Anf\u00e4nger in der Bedienung des Steuerrades versuchen.<\/p>\n\n\t\t<div id='gallery-8' class='gallery galleryid-3690 gallery-columns-3 gallery-size-thumbnail gallery-link-file'><figure class='gallery-item'>\n\t\t\t<span class='gallery-icon'>\n\t\t\t\t<a rel='attachment' href='https:\/\/www.canalboating.cz\/wp-content\/uploads\/2015\/07\/BK07.jpg'><img loading=\"lazy\" decoding=\"async\" width=\"150\" height=\"150\" src=\"https:\/\/www.canalboating.cz\/wp-content\/uploads\/2015\/07\/BK07-150x150.jpg\" class=\"attachment-thumbnail size-thumbnail\" alt=\"\" srcset=\"https:\/\/www.canalboating.cz\/wp-content\/uploads\/2015\/07\/BK07-150x150.jpg 150w, https:\/\/www.canalboating.cz\/wp-content\/uploads\/2015\/07\/BK07-100x100.jpg 100w\" sizes=\"auto, (max-width: 150px) 100vw, 150px\" \/><\/a>\n\t\t\t<\/span><\/figure><figure class='gallery-item'>\n\t\t\t<span class='gallery-icon'>\n\t\t\t\t<a rel='attachment' href='https:\/\/www.canalboating.cz\/wp-content\/uploads\/2015\/07\/BK08.jpg'><img loading=\"lazy\" decoding=\"async\" width=\"150\" height=\"150\" src=\"https:\/\/www.canalboating.cz\/wp-content\/uploads\/2015\/07\/BK08-150x150.jpg\" class=\"attachment-thumbnail size-thumbnail\" alt=\"\" srcset=\"https:\/\/www.canalboating.cz\/wp-content\/uploads\/2015\/07\/BK08-150x150.jpg 150w, https:\/\/www.canalboating.cz\/wp-content\/uploads\/2015\/07\/BK08-100x100.jpg 100w\" sizes=\"auto, (max-width: 150px) 100vw, 150px\" \/><\/a>\n\t\t\t<\/span><\/figure><figure class='gallery-item'>\n\t\t\t<span class='gallery-icon'>\n\t\t\t\t<a rel='attachment' href='https:\/\/www.canalboating.cz\/wp-content\/uploads\/2015\/07\/BK09.jpg'><img loading=\"lazy\" decoding=\"async\" width=\"150\" height=\"150\" src=\"https:\/\/www.canalboating.cz\/wp-content\/uploads\/2015\/07\/BK09-150x150.jpg\" class=\"attachment-thumbnail size-thumbnail\" alt=\"\" srcset=\"https:\/\/www.canalboating.cz\/wp-content\/uploads\/2015\/07\/BK09-150x150.jpg 150w, https:\/\/www.canalboating.cz\/wp-content\/uploads\/2015\/07\/BK09-100x100.jpg 100w\" sizes=\"auto, (max-width: 150px) 100vw, 150px\" \/><\/a>\n\t\t\t<\/span><\/figure><br style=\"clear: both\" \/>\n\t\t\t<div class='clear'><\/div>\n\t\t<\/div>\n\n<p style=\"text-align: justify;\">Am n\u00e4chtlichen oder sonstigen gelegentlichen Ankern mangelt es auf dieser Wasserstra\u00dfe kaum. Lediglich als Beispiel seien jene offiziellen Orte genannt, die auch eine gastronomische Erfrischung anbieten: die Anlegestellen Otrokovice, Napajedla beim Freibad Pahrbek, die Schleusen Spytihn\u011bv, Star\u00e9 M\u011bsto, Nedakonice, Str\u00e1\u017enice, in Petrov die in K\u00fcrze er\u00f6ffnete Luxus-Ferienanlage Marina, der historische Umschlagplatz Rohatec, Marina Skalica (in der Slowakei, am einstweiligen Ende des Kanals). Viele dieser Orte bieten auch den erforderlichen Bootsservice. Vor Anker gehen k\u00f6nnen Sie jedoch, \u201ewo immer Sie wollen\u201c&#8230; <\/p>\n\n\t\t<div id='gallery-9' class='gallery galleryid-3690 gallery-columns-3 gallery-size-thumbnail gallery-link-file'><figure class='gallery-item'>\n\t\t\t<span class='gallery-icon'>\n\t\t\t\t<a rel='attachment' href='https:\/\/www.canalboating.cz\/wp-content\/uploads\/2015\/07\/BK10.jpg'><img loading=\"lazy\" decoding=\"async\" width=\"150\" height=\"150\" src=\"https:\/\/www.canalboating.cz\/wp-content\/uploads\/2015\/07\/BK10-150x150.jpg\" class=\"attachment-thumbnail size-thumbnail\" alt=\"\" srcset=\"https:\/\/www.canalboating.cz\/wp-content\/uploads\/2015\/07\/BK10-150x150.jpg 150w, https:\/\/www.canalboating.cz\/wp-content\/uploads\/2015\/07\/BK10-100x100.jpg 100w\" sizes=\"auto, (max-width: 150px) 100vw, 150px\" \/><\/a>\n\t\t\t<\/span><\/figure><figure class='gallery-item'>\n\t\t\t<span class='gallery-icon'>\n\t\t\t\t<a rel='attachment' href='https:\/\/www.canalboating.cz\/wp-content\/uploads\/2015\/07\/BK11.jpg'><img loading=\"lazy\" decoding=\"async\" width=\"150\" height=\"150\" src=\"https:\/\/www.canalboating.cz\/wp-content\/uploads\/2015\/07\/BK11-150x150.jpg\" class=\"attachment-thumbnail size-thumbnail\" alt=\"\" srcset=\"https:\/\/www.canalboating.cz\/wp-content\/uploads\/2015\/07\/BK11-150x150.jpg 150w, https:\/\/www.canalboating.cz\/wp-content\/uploads\/2015\/07\/BK11-100x100.jpg 100w\" sizes=\"auto, (max-width: 150px) 100vw, 150px\" \/><\/a>\n\t\t\t<\/span><\/figure><figure class='gallery-item'>\n\t\t\t<span class='gallery-icon'>\n\t\t\t\t<a rel='attachment' href='https:\/\/www.canalboating.cz\/wp-content\/uploads\/2015\/07\/BK12.jpg'><img loading=\"lazy\" decoding=\"async\" width=\"150\" height=\"150\" src=\"https:\/\/www.canalboating.cz\/wp-content\/uploads\/2015\/07\/BK12-150x150.jpg\" class=\"attachment-thumbnail size-thumbnail\" alt=\"\" srcset=\"https:\/\/www.canalboating.cz\/wp-content\/uploads\/2015\/07\/BK12-150x150.jpg 150w, https:\/\/www.canalboating.cz\/wp-content\/uploads\/2015\/07\/BK12-100x100.jpg 100w\" sizes=\"auto, (max-width: 150px) 100vw, 150px\" \/><\/a>\n\t\t\t<\/span><\/figure><br style=\"clear: both\" \/>\n\t\t\t<div class='clear'><\/div>\n\t\t<\/div>\n\n<p style=\"text-align: justify;\">Es ist eine romantische und aktive verbrachte Zeit \u2013 dar\u00fcber hinaus mit der M\u00f6glichkeit des Besuches der zahlreichen Kulturdenkm\u00e4ler an den Rastorten &#8211; die Verkostung der m\u00e4hrischen Weine geh\u00f6rt selbstverst\u00e4ndlich auch dazu. Ebenso die vielf\u00e4ltigen M\u00f6glichkeiten des Badens an hei\u00dfen Tagen unweit der Wasserstra\u00dfe &#8211; unter anderem im Naturfreibad einige hundert Meter vom Heimathafen der Schiffe \u201ePandora\u201c und \u201eMarta\u201c in Babice.<\/p>\n\n\t\t<div id='gallery-10' class='gallery galleryid-3690 gallery-columns-3 gallery-size-thumbnail gallery-link-file'><figure class='gallery-item'>\n\t\t\t<span class='gallery-icon'>\n\t\t\t\t<a rel='attachment' href='https:\/\/www.canalboating.cz\/wp-content\/uploads\/2015\/07\/BK13.jpg'><img loading=\"lazy\" decoding=\"async\" width=\"150\" height=\"150\" src=\"https:\/\/www.canalboating.cz\/wp-content\/uploads\/2015\/07\/BK13-150x150.jpg\" class=\"attachment-thumbnail size-thumbnail\" alt=\"\" srcset=\"https:\/\/www.canalboating.cz\/wp-content\/uploads\/2015\/07\/BK13-150x150.jpg 150w, https:\/\/www.canalboating.cz\/wp-content\/uploads\/2015\/07\/BK13-100x100.jpg 100w\" sizes=\"auto, (max-width: 150px) 100vw, 150px\" \/><\/a>\n\t\t\t<\/span><\/figure><figure class='gallery-item'>\n\t\t\t<span class='gallery-icon'>\n\t\t\t\t<a rel='attachment' href='https:\/\/www.canalboating.cz\/wp-content\/uploads\/2015\/07\/BK14.jpg'><img loading=\"lazy\" decoding=\"async\" width=\"150\" height=\"150\" src=\"https:\/\/www.canalboating.cz\/wp-content\/uploads\/2015\/07\/BK14-150x150.jpg\" class=\"attachment-thumbnail size-thumbnail\" alt=\"\" srcset=\"https:\/\/www.canalboating.cz\/wp-content\/uploads\/2015\/07\/BK14-150x150.jpg 150w, https:\/\/www.canalboating.cz\/wp-content\/uploads\/2015\/07\/BK14-100x100.jpg 100w\" sizes=\"auto, (max-width: 150px) 100vw, 150px\" \/><\/a>\n\t\t\t<\/span><\/figure><figure class='gallery-item'>\n\t\t\t<span class='gallery-icon'>\n\t\t\t\t<a rel='attachment' href='https:\/\/www.canalboating.cz\/wp-content\/uploads\/2015\/07\/BK15.jpg'><img loading=\"lazy\" decoding=\"async\" width=\"150\" height=\"150\" src=\"https:\/\/www.canalboating.cz\/wp-content\/uploads\/2015\/07\/BK15-150x150.jpg\" class=\"attachment-thumbnail size-thumbnail\" alt=\"\" srcset=\"https:\/\/www.canalboating.cz\/wp-content\/uploads\/2015\/07\/BK15-150x150.jpg 150w, https:\/\/www.canalboating.cz\/wp-content\/uploads\/2015\/07\/BK15-100x100.jpg 100w\" sizes=\"auto, (max-width: 150px) 100vw, 150px\" \/><\/a>\n\t\t\t<\/span><\/figure><br style=\"clear: both\" \/>\n\t\t\t<div class='clear'><\/div>\n\t\t<\/div>\n\n<p style=\"text-align: justify;\"><strong><em>Wir haben diese Woche wirklich in vollen Z\u00fcgen genossen. Und wir begegneten vielen Leuten, die sich mit demselben Entschluss auf die Reise begeben hatten. Diese \u201eReisebeschreibung\u201c m\u00f6ge lediglich weiteren Schiffern als Inspiration dienen, nicht mehr und nicht weniger\u2026<\/strong><\/em><\/p>\n<p>&nbsp;<\/p>\n<p style=\"text-align: justify;\"><strong>Juli 2015<\/strong><\/p>\n<p style=\"text-align: justify;\"><strong>Charter: <a href=\"http:\/\/www.plavebni.cz\/\" target=\"_blank\">www.plavebni.cz<\/a><\/strong><\/p>\n<p><\/p>","protected":false},"excerpt":{"rendered":"<p>Eine sch\u00f6ne Fahrt auf dem Ba\u0165a-Kanal oder Tip von \u201ewww.canalboating.cz\u201c Der Ba\u0165a-Kanal ist ein Ph\u00e4nomen der gegenw\u00e4rtigen Schiffstouristik in der Tschechischen Republik. Er ist sowohl f\u00fcr erfahrene Bootsfahrer, als auch f\u00fcr Anf\u00e4nger geeignet\u2026, einfach f\u00fcr all jene, die sich entschlie\u00dfen, einen Wochenurlaub auf einem Boot in attraktiver Umgebung zu verbringen\u2026 &#8230;<\/p>\n","protected":false},"author":1,"featured_media":0,"parent":124,"menu_order":0,"comment_status":"closed","ping_status":"closed","template":"","meta":{"footnotes":""},"class_list":["post-3690","page","type-page","status-publish","hentry"],"_links":{"self":[{"href":"https:\/\/www.canalboating.cz\/de\/wp-json\/wp\/v2\/pages\/3690","targetHints":{"allow":["GET"]}}],"collection":[{"href":"https:\/\/www.canalboating.cz\/de\/wp-json\/wp\/v2\/pages"}],"about":[{"href":"https:\/\/www.canalboating.cz\/de\/wp-json\/wp\/v2\/types\/page"}],"author":[{"embeddable":true,"href":"https:\/\/www.canalboating.cz\/de\/wp-json\/wp\/v2\/users\/1"}],"replies":[{"embeddable":true,"href":"https:\/\/www.canalboating.cz\/de\/wp-json\/wp\/v2\/comments?post=3690"}],"version-history":[{"count":9,"href":"https:\/\/www.canalboating.cz\/de\/wp-json\/wp\/v2\/pages\/3690\/revisions"}],"predecessor-version":[{"id":3827,"href":"https:\/\/www.canalboating.cz\/de\/wp-json\/wp\/v2\/pages\/3690\/revisions\/3827"}],"up":[{"embeddable":true,"href":"https:\/\/www.canalboating.cz\/de\/wp-json\/wp\/v2\/pages\/124"}],"wp:attachment":[{"href":"https:\/\/www.canalboating.cz\/de\/wp-json\/wp\/v2\/media?parent=3690"}],"curies":[{"name":"wp","href":"https:\/\/api.w.org\/{rel}","templated":true}]}}