{"id":3512,"date":"2014-06-25T09:18:34","date_gmt":"2014-06-25T08:18:34","guid":{"rendered":"http:\/\/www.canalboating.cz\/?page_id=3512"},"modified":"2014-10-12T11:10:23","modified_gmt":"2014-10-12T10:10:23","slug":"francie-2014","status":"publish","type":"page","link":"https:\/\/www.canalboating.cz\/de\/cestopisy\/francie-2014\/","title":{"rendered":"Frankreich 2014"},"content":{"rendered":"<p><\/p>\n<h1>Der Nantes-Brest-Kanal in der franz\u00f6sischen Bretagne<\/h1>\n<p style=\"text-align: justify;\"><strong><em>Was gibt es zu dieser weniger bekannten Schifffahrtsregion zu sagen? Eine sch\u00f6ne Natur, der Hauch der Geschichte auf Schritt und Tritt, wobei der Kanal selbst ein Zeugnis der Geschichte ist, ein guter Ausstattungskomfort f\u00fcr die Schifffahrt, hilfsbereite Menschen entlang der Wasserstra\u00dfe&#8230; Der Nantes-Brest-Kanal (Canal de Nantes \u00e0 Brest) verl\u00e4uft durch die franz\u00f6sische Bretagne von Osten nach Westen und bildet mit weiteren bretonischen Kan\u00e4len ein sehr interessantes Netz von Wasserstra\u00dfen, geradezu eine Herausforderungen f\u00fcr die &#8222;Feinschmecker&#8220; unter den Binnenschiffern, zu denen in der ersten Juliwoche auch wir geh\u00f6rten.<\/em><\/strong><\/p>\n<p>&nbsp;<\/p>\n<h2>Dienstag<\/h2>\n<p style=\"text-align: justify;\">Einen Tag vorher \u00fcbernahmen wir am Nachmittag das Boot, mit welchem wir die von uns geplante Reise absolvieren: P\u00e9nichette 935 von der Firma Locaboat Holidays. Mit ihm mussten wir uns nicht gro\u00dfartig bekanntmachen, denn auf diesem Typ waren wir bereits in Irland unterwegs, wirklich ein tadelloses &#8222;Hausboot&#8220;. Wir brechen bei anhaltendem Nebel vor neun Uhr auf, ungeduldige Schiffer m\u00fcssen ein wenig ausharren, denn die Schleusen beginnen erst ab neun Uhr zu funktionieren. Der Ausgangsort ist St.-Martin-sur-Oust am 117. Flusskilometer. Jawohl, Flusskilometer, denn der gr\u00f6\u00dfte Teil der Fahrt wird sich auf dem Fluss Oust abspielen. Die sechst\u00e4gige Schifffahrt haben wir wie folgt geplant: 65 km hin, 65 km zur\u00fcck, 31 Schleusen hin, 31 Schleusen zur\u00fcck. Nach einer kurzen Mittagspause in Malestroit, Flusskilometer 132, gehen wir f\u00fcr die Nacht am kleinen Anlegesteg oberhalb der &#8222;\u00c9cluse&#8220; No 30 Blond (Schleusenkammer) am Flusskilometer 146 vor Anker. Wir brauchen weder Vorr\u00e4te noch Wasser und so ist dies ein idealer Ort.<\/p>\n\n\t\t<div id='gallery-8' class='gallery galleryid-3512 gallery-columns-3 gallery-size-thumbnail gallery-link-file'><figure class='gallery-item'>\n\t\t\t<span class='gallery-icon'>\n\t\t\t\t<a rel='attachment' href='https:\/\/www.canalboating.cz\/wp-content\/uploads\/2014\/06\/br01.jpg'><img loading=\"lazy\" decoding=\"async\" width=\"150\" height=\"150\" src=\"https:\/\/www.canalboating.cz\/wp-content\/uploads\/2014\/06\/br01-150x150.jpg\" class=\"attachment-thumbnail size-thumbnail\" alt=\"\" srcset=\"https:\/\/www.canalboating.cz\/wp-content\/uploads\/2014\/06\/br01-150x150.jpg 150w, https:\/\/www.canalboating.cz\/wp-content\/uploads\/2014\/06\/br01-100x100.jpg 100w\" sizes=\"auto, (max-width: 150px) 100vw, 150px\" \/><\/a>\n\t\t\t<\/span><\/figure><figure class='gallery-item'>\n\t\t\t<span class='gallery-icon'>\n\t\t\t\t<a rel='attachment' href='https:\/\/www.canalboating.cz\/wp-content\/uploads\/2014\/06\/br02.jpg'><img loading=\"lazy\" decoding=\"async\" width=\"150\" height=\"150\" src=\"https:\/\/www.canalboating.cz\/wp-content\/uploads\/2014\/06\/br02-150x150.jpg\" class=\"attachment-thumbnail size-thumbnail\" alt=\"\" srcset=\"https:\/\/www.canalboating.cz\/wp-content\/uploads\/2014\/06\/br02-150x150.jpg 150w, https:\/\/www.canalboating.cz\/wp-content\/uploads\/2014\/06\/br02-100x100.jpg 100w\" sizes=\"auto, (max-width: 150px) 100vw, 150px\" \/><\/a>\n\t\t\t<\/span><\/figure><figure class='gallery-item'>\n\t\t\t<span class='gallery-icon'>\n\t\t\t\t<a rel='attachment' href='https:\/\/www.canalboating.cz\/wp-content\/uploads\/2014\/06\/br03.jpg'><img loading=\"lazy\" decoding=\"async\" width=\"150\" height=\"150\" src=\"https:\/\/www.canalboating.cz\/wp-content\/uploads\/2014\/06\/br03-150x150.jpg\" class=\"attachment-thumbnail size-thumbnail\" alt=\"\" srcset=\"https:\/\/www.canalboating.cz\/wp-content\/uploads\/2014\/06\/br03-150x150.jpg 150w, https:\/\/www.canalboating.cz\/wp-content\/uploads\/2014\/06\/br03-100x100.jpg 100w\" sizes=\"auto, (max-width: 150px) 100vw, 150px\" \/><\/a>\n\t\t\t<\/span><\/figure><br style=\"clear: both\" \/>\n\t\t\t<div class='clear'><\/div>\n\t\t<\/div>\n\n<h2>Mittwoch<\/h2>\n<p style=\"text-align: justify;\">Die heutige Fahrt f\u00fchrt immer noch \u00fcber den Fluss Oust. Nach 18 km und 11 Schleusen ankern wir \u00fcber Nacht am Flusskilometer 164 bei Bocneuf-la-Rivi\u00e8re an einer kleinen Mole f\u00fcr ein Boot. Die Strecke schafften wir bequem, auch mit einer dreist\u00fcndigen Rast in Josselin zum Auff\u00fcllen von Proviant und Wasser. Einige Worte \u00fcber die sch\u00f6ne Stadt Josselin erst am &#8222;Freitag&#8220;. Nunmehr etwas zu den Schleusen. Diese befinden sich zumeist an eigenst\u00e4ndigen k\u00fcrzeren oder l\u00e4ngeren, die Wehre umgehenden Kan\u00e4len. Sie haben in der Regel folgende Abmessungen: L\u00e4nge 26 m und Breite 4,6 m bei einem durchschnittlichen Hub um zwei Meter. Die bei allen vorhandene Bedienung ist sehr hilfsbereit, wobei die Schleusenw\u00e4rter auch bei manueller Bedienung reichlich rund um die Kammer laufen m\u00fcssen. Sie arbeiten bis 18 Uhr und haben eine einst\u00fcndige Mittagspause. Der Aufenthalt an den Schleusen ist nur geringf\u00fcgig.<\/p>\n\n\t\t<div id='gallery-9' class='gallery galleryid-3512 gallery-columns-3 gallery-size-thumbnail gallery-link-file'><figure class='gallery-item'>\n\t\t\t<span class='gallery-icon'>\n\t\t\t\t<a rel='attachment' href='https:\/\/www.canalboating.cz\/wp-content\/uploads\/2014\/06\/br04.jpg'><img loading=\"lazy\" decoding=\"async\" width=\"150\" height=\"150\" src=\"https:\/\/www.canalboating.cz\/wp-content\/uploads\/2014\/06\/br04-150x150.jpg\" class=\"attachment-thumbnail size-thumbnail\" alt=\"\" srcset=\"https:\/\/www.canalboating.cz\/wp-content\/uploads\/2014\/06\/br04-150x150.jpg 150w, https:\/\/www.canalboating.cz\/wp-content\/uploads\/2014\/06\/br04-100x100.jpg 100w\" sizes=\"auto, (max-width: 150px) 100vw, 150px\" \/><\/a>\n\t\t\t<\/span><\/figure><figure class='gallery-item'>\n\t\t\t<span class='gallery-icon'>\n\t\t\t\t<a rel='attachment' href='https:\/\/www.canalboating.cz\/wp-content\/uploads\/2014\/06\/br05.jpg'><img loading=\"lazy\" decoding=\"async\" width=\"150\" height=\"150\" src=\"https:\/\/www.canalboating.cz\/wp-content\/uploads\/2014\/06\/br05-150x150.jpg\" class=\"attachment-thumbnail size-thumbnail\" alt=\"\" srcset=\"https:\/\/www.canalboating.cz\/wp-content\/uploads\/2014\/06\/br05-150x150.jpg 150w, https:\/\/www.canalboating.cz\/wp-content\/uploads\/2014\/06\/br05-100x100.jpg 100w\" sizes=\"auto, (max-width: 150px) 100vw, 150px\" \/><\/a>\n\t\t\t<\/span><\/figure><figure class='gallery-item'>\n\t\t\t<span class='gallery-icon'>\n\t\t\t\t<a rel='attachment' href='https:\/\/www.canalboating.cz\/wp-content\/uploads\/2014\/06\/br06.jpg'><img loading=\"lazy\" decoding=\"async\" width=\"150\" height=\"150\" src=\"https:\/\/www.canalboating.cz\/wp-content\/uploads\/2014\/06\/br06-150x150.jpg\" class=\"attachment-thumbnail size-thumbnail\" alt=\"\" srcset=\"https:\/\/www.canalboating.cz\/wp-content\/uploads\/2014\/06\/br06-150x150.jpg 150w, https:\/\/www.canalboating.cz\/wp-content\/uploads\/2014\/06\/br06-100x100.jpg 100w\" sizes=\"auto, (max-width: 150px) 100vw, 150px\" \/><\/a>\n\t\t\t<\/span><\/figure><br style=\"clear: both\" \/>\n\t\t\t<div class='clear'><\/div>\n\t\t<\/div>\n\n<h2>Donnerstag<\/h2>\n<p style=\"text-align: justify;\">Bis in die Stadt Rohan m\u00fcssen wir weitere 18 km und 12 Schleusen \u00fcberwinden. Dies ist jener Ort, an welchem wir morgen fr\u00fch umdrehen und zur\u00fcckfahren. Die Wasserstra\u00dfe bilden nun h\u00e4ufiger als das Flussbett des M\u00e4ander bildenden Flusses Oust lange Abschnitte k\u00fcnstlicher Kan\u00e4le. Dann, wenige Kilometer hinter Rohan, &#8222;verliert&#8220; sich der Oust v\u00f6llig, w\u00e4hrend der k\u00fcnstliche Kanal mithilfe von zw\u00f6lf unmittelbar aufeinanderfolgenden Schleusen um 70 H\u00f6henmeter bis zur Wasserscheide zwischen dem Oust und einem weiteren Fluss ansteigt. Dorthin fahren wir jedoch nicht mehr. \u00dcber Nacht ankern wir in der Marina (Yachthafen) &#8222;Rohan-Port&#8220;, wo alle Dienstleistungen wie Trinkwasser, Strom und Duschen zur Verf\u00fcgung stehen.<\/p>\n\n\t\t<div id='gallery-10' class='gallery galleryid-3512 gallery-columns-3 gallery-size-thumbnail gallery-link-file'><figure class='gallery-item'>\n\t\t\t<span class='gallery-icon'>\n\t\t\t\t<a rel='attachment' href='https:\/\/www.canalboating.cz\/wp-content\/uploads\/2014\/06\/br07.jpg'><img loading=\"lazy\" decoding=\"async\" width=\"150\" height=\"150\" src=\"https:\/\/www.canalboating.cz\/wp-content\/uploads\/2014\/06\/br07-150x150.jpg\" class=\"attachment-thumbnail size-thumbnail\" alt=\"\" srcset=\"https:\/\/www.canalboating.cz\/wp-content\/uploads\/2014\/06\/br07-150x150.jpg 150w, https:\/\/www.canalboating.cz\/wp-content\/uploads\/2014\/06\/br07-100x100.jpg 100w\" sizes=\"auto, (max-width: 150px) 100vw, 150px\" \/><\/a>\n\t\t\t<\/span><\/figure><figure class='gallery-item'>\n\t\t\t<span class='gallery-icon'>\n\t\t\t\t<a rel='attachment' href='https:\/\/www.canalboating.cz\/wp-content\/uploads\/2014\/06\/br08.jpg'><img loading=\"lazy\" decoding=\"async\" width=\"150\" height=\"150\" src=\"https:\/\/www.canalboating.cz\/wp-content\/uploads\/2014\/06\/br08-150x150.jpg\" class=\"attachment-thumbnail size-thumbnail\" alt=\"\" srcset=\"https:\/\/www.canalboating.cz\/wp-content\/uploads\/2014\/06\/br08-150x150.jpg 150w, https:\/\/www.canalboating.cz\/wp-content\/uploads\/2014\/06\/br08-100x100.jpg 100w\" sizes=\"auto, (max-width: 150px) 100vw, 150px\" \/><\/a>\n\t\t\t<\/span><\/figure><figure class='gallery-item'>\n\t\t\t<span class='gallery-icon'>\n\t\t\t\t<a rel='attachment' href='https:\/\/www.canalboating.cz\/wp-content\/uploads\/2014\/06\/br09.jpg'><img loading=\"lazy\" decoding=\"async\" width=\"150\" height=\"150\" src=\"https:\/\/www.canalboating.cz\/wp-content\/uploads\/2014\/06\/br09-150x150.jpg\" class=\"attachment-thumbnail size-thumbnail\" alt=\"\" srcset=\"https:\/\/www.canalboating.cz\/wp-content\/uploads\/2014\/06\/br09-150x150.jpg 150w, https:\/\/www.canalboating.cz\/wp-content\/uploads\/2014\/06\/br09-100x100.jpg 100w\" sizes=\"auto, (max-width: 150px) 100vw, 150px\" \/><\/a>\n\t\t\t<\/span><\/figure><br style=\"clear: both\" \/>\n\t\t\t<div class='clear'><\/div>\n\t\t<\/div>\n\n<h2>Freitag<\/h2>\n<p style=\"text-align: justify;\">Am Freitag begegneten wir bereits mehreren Sportbooten. Mit einer Yacht durchquerten wir alle 16 Schleusen bis nach Josselin, sodass wir in dieser Zeit freundschaftlichen Kontakt mit der Besatzung kn\u00fcpften. Und Josselin selbst, wo wir bereits am Nachmittag eintrafen und wo wir beschlossen, an der komfortablen und mit allem Erforderlichen ausgestatteten Mole zu \u00fcbernachten? Schon bei der &#8222;Hinfahrt&#8220; faszinierte uns die sich langsam n\u00e4hernde und eine der bekanntesten bretonischen Silhouetten, die gotische Burg des Geschlechts der Rohans aus dem 14. Jahrhundert, welches \u00fcber dem Fluss Oust hoch emporragt. Dies ist wohl das gr\u00f6\u00dfte Erlebnis bei der Fahrt auf diesem Abschnitt des Nantes-Brest-Kanals. Neben der Besichtigung der Burg sind auch ein Spaziergang und die Stadt Josselin selbst, mit ihren historischen Gassen und Fachwerkh\u00e4usern zu empfehlen &#8211; und zwar nicht nur bei der Besorgung von Eink\u00e4ufen \u2026<\/p>\n\n\t\t<div id='gallery-11' class='gallery galleryid-3512 gallery-columns-3 gallery-size-thumbnail gallery-link-file'><figure class='gallery-item'>\n\t\t\t<span class='gallery-icon'>\n\t\t\t\t<a rel='attachment' href='https:\/\/www.canalboating.cz\/wp-content\/uploads\/2014\/06\/br10.jpg'><img loading=\"lazy\" decoding=\"async\" width=\"150\" height=\"150\" src=\"https:\/\/www.canalboating.cz\/wp-content\/uploads\/2014\/06\/br10-150x150.jpg\" class=\"attachment-thumbnail size-thumbnail\" alt=\"\" srcset=\"https:\/\/www.canalboating.cz\/wp-content\/uploads\/2014\/06\/br10-150x150.jpg 150w, https:\/\/www.canalboating.cz\/wp-content\/uploads\/2014\/06\/br10-100x100.jpg 100w\" sizes=\"auto, (max-width: 150px) 100vw, 150px\" \/><\/a>\n\t\t\t<\/span><\/figure><figure class='gallery-item'>\n\t\t\t<span class='gallery-icon'>\n\t\t\t\t<a rel='attachment' href='https:\/\/www.canalboating.cz\/wp-content\/uploads\/2014\/06\/br11.jpg'><img loading=\"lazy\" decoding=\"async\" width=\"150\" height=\"150\" src=\"https:\/\/www.canalboating.cz\/wp-content\/uploads\/2014\/06\/br11-150x150.jpg\" class=\"attachment-thumbnail size-thumbnail\" alt=\"\" srcset=\"https:\/\/www.canalboating.cz\/wp-content\/uploads\/2014\/06\/br11-150x150.jpg 150w, https:\/\/www.canalboating.cz\/wp-content\/uploads\/2014\/06\/br11-100x100.jpg 100w\" sizes=\"auto, (max-width: 150px) 100vw, 150px\" \/><\/a>\n\t\t\t<\/span><\/figure><figure class='gallery-item'>\n\t\t\t<span class='gallery-icon'>\n\t\t\t\t<a rel='attachment' href='https:\/\/www.canalboating.cz\/wp-content\/uploads\/2014\/06\/br12.jpg'><img loading=\"lazy\" decoding=\"async\" width=\"150\" height=\"150\" src=\"https:\/\/www.canalboating.cz\/wp-content\/uploads\/2014\/06\/br12-150x150.jpg\" class=\"attachment-thumbnail size-thumbnail\" alt=\"\" srcset=\"https:\/\/www.canalboating.cz\/wp-content\/uploads\/2014\/06\/br12-150x150.jpg 150w, https:\/\/www.canalboating.cz\/wp-content\/uploads\/2014\/06\/br12-100x100.jpg 100w\" sizes=\"auto, (max-width: 150px) 100vw, 150px\" \/><\/a>\n\t\t\t<\/span><\/figure><br style=\"clear: both\" \/>\n\t\t\t<div class='clear'><\/div>\n\t\t<\/div>\n\n<h2>Samstag<\/h2>\n<p style=\"text-align: justify;\">Am Morgen verabschieden wir uns von dem romantischen Ankerplatz unterhalb des Schlosses von Josselin, und da ich bereits einen Tag vorher f\u00fcr neun Uhr das \u00d6ffnen der Schleuse in &#8222;Abw\u00e4rtsrichtung&#8220; vereinbart habe, k\u00f6nnen wir unsere Fahrt rasch fortsetzen. Wieder er\u00f6ffnen sich uns herrliche Ausblicke &#8211; diesmal aus der Gegenrichtung. Wir \u00fcbernachten an der st\u00e4dtischen Anlegestelle in Malestroit. Die Stadt ist eine Besichtigung wert \u2026 ein Bootsmann kann seine Zeit nicht nur auf dem Schiff verbringen \u2026 Auch die Mittagspause widmeten wir einem Spaziergang, diesmal durch das St\u00e4dtchen Le Roc-Saint-Andr\u00e9, wobei uns die Mole zum Anlegen sehr gelegen kam.<\/p>\n\n\t\t<div id='gallery-12' class='gallery galleryid-3512 gallery-columns-3 gallery-size-thumbnail gallery-link-file'><figure class='gallery-item'>\n\t\t\t<span class='gallery-icon'>\n\t\t\t\t<a rel='attachment' href='https:\/\/www.canalboating.cz\/wp-content\/uploads\/2014\/06\/br13.jpg'><img loading=\"lazy\" decoding=\"async\" width=\"150\" height=\"150\" src=\"https:\/\/www.canalboating.cz\/wp-content\/uploads\/2014\/06\/br13-150x150.jpg\" class=\"attachment-thumbnail size-thumbnail\" alt=\"\" srcset=\"https:\/\/www.canalboating.cz\/wp-content\/uploads\/2014\/06\/br13-150x150.jpg 150w, https:\/\/www.canalboating.cz\/wp-content\/uploads\/2014\/06\/br13-100x100.jpg 100w\" sizes=\"auto, (max-width: 150px) 100vw, 150px\" \/><\/a>\n\t\t\t<\/span><\/figure><figure class='gallery-item'>\n\t\t\t<span class='gallery-icon'>\n\t\t\t\t<a rel='attachment' href='https:\/\/www.canalboating.cz\/wp-content\/uploads\/2014\/06\/br14.jpg'><img loading=\"lazy\" decoding=\"async\" width=\"150\" height=\"150\" src=\"https:\/\/www.canalboating.cz\/wp-content\/uploads\/2014\/06\/br14-150x150.jpg\" class=\"attachment-thumbnail size-thumbnail\" alt=\"\" srcset=\"https:\/\/www.canalboating.cz\/wp-content\/uploads\/2014\/06\/br14-150x150.jpg 150w, https:\/\/www.canalboating.cz\/wp-content\/uploads\/2014\/06\/br14-100x100.jpg 100w\" sizes=\"auto, (max-width: 150px) 100vw, 150px\" \/><\/a>\n\t\t\t<\/span><\/figure><figure class='gallery-item'>\n\t\t\t<span class='gallery-icon'>\n\t\t\t\t<a rel='attachment' href='https:\/\/www.canalboating.cz\/wp-content\/uploads\/2014\/06\/br15.jpg'><img loading=\"lazy\" decoding=\"async\" width=\"150\" height=\"150\" src=\"https:\/\/www.canalboating.cz\/wp-content\/uploads\/2014\/06\/br15-150x150.jpg\" class=\"attachment-thumbnail size-thumbnail\" alt=\"\" srcset=\"https:\/\/www.canalboating.cz\/wp-content\/uploads\/2014\/06\/br15-150x150.jpg 150w, https:\/\/www.canalboating.cz\/wp-content\/uploads\/2014\/06\/br15-100x100.jpg 100w\" sizes=\"auto, (max-width: 150px) 100vw, 150px\" \/><\/a>\n\t\t\t<\/span><\/figure><br style=\"clear: both\" \/>\n\t\t\t<div class='clear'><\/div>\n\t\t<\/div>\n\n<h2>Sonntag<\/h2>\n<p style=\"text-align: justify;\">Der letzte Tag der Bootsfahrt, wir n\u00e4hern uns St.-Martin-sur-Oust, der Plan der Fahrt wird restlos erf\u00fcllt werden. Am Ufer des Kanals gibt es stets etwas zu beobachten. Lieber verzichteten wir auf das rasche Passieren einer Schleuse, um einem &#8222;Massenausritt&#8220; von etwa f\u00fcnfzig Reitern am Kanalufer zuzusehen. Wir ankerten an den beschriebenen Molen und Ankerpl\u00e4tzen, doch gibt es auf dieser Wasserstra\u00dfe weitaus mehr an \u00e4hnlichen und geeigneten M\u00f6glichkeiten, die auf der detaillierten Schiffskarte gut gekennzeichnet sind. Und selbstverst\u00e4ndlich ist es m\u00f6glich, in den k\u00fcnstlichen Kanalabschnitten mittels des Systems &#8222;An das Ufer sto\u00dfen, zwei Stahlpfl\u00f6cke einschlagen und sich anbinden&#8220; zu ankern.<\/p>\n\n\t\t<div id='gallery-13' class='gallery galleryid-3512 gallery-columns-3 gallery-size-thumbnail gallery-link-file'><figure class='gallery-item'>\n\t\t\t<span class='gallery-icon'>\n\t\t\t\t<a rel='attachment' href='https:\/\/www.canalboating.cz\/wp-content\/uploads\/2014\/06\/br16.jpg'><img loading=\"lazy\" decoding=\"async\" width=\"150\" height=\"150\" src=\"https:\/\/www.canalboating.cz\/wp-content\/uploads\/2014\/06\/br16-150x150.jpg\" class=\"attachment-thumbnail size-thumbnail\" alt=\"\" srcset=\"https:\/\/www.canalboating.cz\/wp-content\/uploads\/2014\/06\/br16-150x150.jpg 150w, https:\/\/www.canalboating.cz\/wp-content\/uploads\/2014\/06\/br16-100x100.jpg 100w\" sizes=\"auto, (max-width: 150px) 100vw, 150px\" \/><\/a>\n\t\t\t<\/span><\/figure><figure class='gallery-item'>\n\t\t\t<span class='gallery-icon'>\n\t\t\t\t<a rel='attachment' href='https:\/\/www.canalboating.cz\/wp-content\/uploads\/2014\/06\/br17.jpg'><img loading=\"lazy\" decoding=\"async\" width=\"150\" height=\"150\" src=\"https:\/\/www.canalboating.cz\/wp-content\/uploads\/2014\/06\/br17-150x150.jpg\" class=\"attachment-thumbnail size-thumbnail\" alt=\"\" srcset=\"https:\/\/www.canalboating.cz\/wp-content\/uploads\/2014\/06\/br17-150x150.jpg 150w, https:\/\/www.canalboating.cz\/wp-content\/uploads\/2014\/06\/br17-100x100.jpg 100w\" sizes=\"auto, (max-width: 150px) 100vw, 150px\" \/><\/a>\n\t\t\t<\/span><\/figure><figure class='gallery-item'>\n\t\t\t<span class='gallery-icon'>\n\t\t\t\t<a rel='attachment' href='https:\/\/www.canalboating.cz\/wp-content\/uploads\/2014\/06\/br18.jpg'><img loading=\"lazy\" decoding=\"async\" width=\"150\" height=\"150\" src=\"https:\/\/www.canalboating.cz\/wp-content\/uploads\/2014\/06\/br18-150x150.jpg\" class=\"attachment-thumbnail size-thumbnail\" alt=\"\" srcset=\"https:\/\/www.canalboating.cz\/wp-content\/uploads\/2014\/06\/br18-150x150.jpg 150w, https:\/\/www.canalboating.cz\/wp-content\/uploads\/2014\/06\/br18-100x100.jpg 100w\" sizes=\"auto, (max-width: 150px) 100vw, 150px\" \/><\/a>\n\t\t\t<\/span><\/figure><br style=\"clear: both\" \/>\n\t\t\t<div class='clear'><\/div>\n\t\t<\/div>\n\n<h2>Montag<\/h2>\n<p style=\"text-align: justify;\">Nach der kurzen und problemlosen morgendlichen Boots\u00fcbergabe begeben wir uns auf den Weg zu weiteren Sehensw\u00fcrdigkeiten der Bretagne. Wir wollen zumindest &#8222;vom Festland&#8220; aus weitere Orte der bretonischen Wasserwege begutachten. Die altehrw\u00fcrdige Stadt Dinan am Fluss Rance, die bedeutende Wasserstra\u00dfenkreuzung Redon oder das \u00fcberw\u00e4ltigende Ufer Granit Rose  im Norden der Bretagne mit den vor Anker liegenden Yachten &#8230;<\/p>\n\n\t\t<div id='gallery-14' class='gallery galleryid-3512 gallery-columns-3 gallery-size-thumbnail gallery-link-file'><figure class='gallery-item'>\n\t\t\t<span class='gallery-icon'>\n\t\t\t\t<a rel='attachment' href='https:\/\/www.canalboating.cz\/wp-content\/uploads\/2014\/06\/br19.jpg'><img loading=\"lazy\" decoding=\"async\" width=\"150\" height=\"150\" src=\"https:\/\/www.canalboating.cz\/wp-content\/uploads\/2014\/06\/br19-150x150.jpg\" class=\"attachment-thumbnail size-thumbnail\" alt=\"\" srcset=\"https:\/\/www.canalboating.cz\/wp-content\/uploads\/2014\/06\/br19-150x150.jpg 150w, https:\/\/www.canalboating.cz\/wp-content\/uploads\/2014\/06\/br19-100x100.jpg 100w\" sizes=\"auto, (max-width: 150px) 100vw, 150px\" \/><\/a>\n\t\t\t<\/span><\/figure><figure class='gallery-item'>\n\t\t\t<span class='gallery-icon'>\n\t\t\t\t<a rel='attachment' href='https:\/\/www.canalboating.cz\/wp-content\/uploads\/2014\/06\/br20.jpg'><img loading=\"lazy\" decoding=\"async\" width=\"150\" height=\"150\" src=\"https:\/\/www.canalboating.cz\/wp-content\/uploads\/2014\/06\/br20-150x150.jpg\" class=\"attachment-thumbnail size-thumbnail\" alt=\"\" srcset=\"https:\/\/www.canalboating.cz\/wp-content\/uploads\/2014\/06\/br20-150x150.jpg 150w, https:\/\/www.canalboating.cz\/wp-content\/uploads\/2014\/06\/br20-100x100.jpg 100w\" sizes=\"auto, (max-width: 150px) 100vw, 150px\" \/><\/a>\n\t\t\t<\/span><\/figure><figure class='gallery-item'>\n\t\t\t<span class='gallery-icon'>\n\t\t\t\t<a rel='attachment' href='https:\/\/www.canalboating.cz\/wp-content\/uploads\/2014\/06\/br21.jpg'><img loading=\"lazy\" decoding=\"async\" width=\"150\" height=\"150\" src=\"https:\/\/www.canalboating.cz\/wp-content\/uploads\/2014\/06\/br21-150x150.jpg\" class=\"attachment-thumbnail size-thumbnail\" alt=\"\" srcset=\"https:\/\/www.canalboating.cz\/wp-content\/uploads\/2014\/06\/br21-150x150.jpg 150w, https:\/\/www.canalboating.cz\/wp-content\/uploads\/2014\/06\/br21-100x100.jpg 100w\" sizes=\"auto, (max-width: 150px) 100vw, 150px\" \/><\/a>\n\t\t\t<\/span><\/figure><br style=\"clear: both\" \/>\n\t\t\t<div class='clear'><\/div>\n\t\t<\/div>\n\n<h2><em>Canal de Nantes-Brest, Kurzer Exkurs in die Geschichte<\/em><\/h2>\n<p style=\"text-align: justify;\"><em>Im Jahre 1783 schl\u00e4gt der Graf von Kersanzon einen Ost-West-Kanal vor, der die Arsenale von Nantes, Loriet und Brest verbindet. Die Bauarbeiten beginnen im Jahre 1811 und der Abschnitt Nantes-Redon wird 1833 f\u00fcr die Schifffahrt freigeben, wobei die Verbindung Nantes-Brest schlie\u00dflich im Jahre 1842 fertiggestellt wird.<br \/>\nDie Ausma\u00dfe dieser Baustelle: \u00fcber 360 km schiffbare Wasserwege, im Wesentlichen kanalisierte Fl\u00fcsse, aber auch drei k\u00fcnstliche Kanalabschnitte, um die Flusst\u00e4ler miteinander zu verbinden. Es mussten 237 Schleusen, Speicherbecken und viele Br\u00fccken gebaut und tausende von Tonnen Erde mit den sehr begrenzten technischen Mitteln der damaligen Zeit bewegt werden.<\/em><\/p>\n<p>&nbsp;<\/p>\n<p style=\"text-align: justify;\"><a href=\"http:\/\/www.canalboating.cz\/wp-content\/uploads\/2014\/06\/br00.gif\"><img loading=\"lazy\" decoding=\"async\" src=\"http:\/\/www.canalboating.cz\/wp-content\/uploads\/2014\/06\/br00-300x228.gif\" alt=\"br00\" width=\"300\" height=\"228\" class=\"alignright size-medium wp-image-3514\" \/><\/a><strong><em>Dies ist lediglich ein kurzer Bericht mit einigen Fotos zu unserer Fahrt auf dem Canal des Nantes \u00e0 Brest. Sollten Sie einen weiteren attraktiven Schiffsurlaub planen, sollten Sie diese Region wirklich mit einrechnen. Sie werden bestimmt nicht entt\u00e4uscht sein\u2026<\/em><\/strong><\/p>\n<p>&nbsp;<br \/>\n&nbsp;<br \/>\n&nbsp;<br \/>\n&nbsp;<br \/>\n&nbsp;<\/p>\n<p style=\"text-align: justify;\"><strong>Juni 2014<\/strong><\/p>\n<p style=\"text-align: justify;\"><strong>Charter: <a href=\"http:\/\/www.hausboty-bockl.cz\/\">www.hausboty-bockl.cz<\/a><\/strong><\/p>\n<p><\/p>","protected":false},"excerpt":{"rendered":"<p>Der Nantes-Brest-Kanal in der franz\u00f6sischen Bretagne Was gibt es zu dieser weniger bekannten Schifffahrtsregion zu sagen? Eine sch\u00f6ne Natur, der Hauch der Geschichte auf Schritt und Tritt, wobei der Kanal selbst ein Zeugnis der Geschichte ist, ein guter Ausstattungskomfort f\u00fcr die Schifffahrt, hilfsbereite Menschen entlang der Wasserstra\u00dfe&#8230; Der Nantes-Brest-Kanal (Canal &#8230;<\/p>\n","protected":false},"author":1,"featured_media":0,"parent":124,"menu_order":2,"comment_status":"closed","ping_status":"open","template":"","meta":{"footnotes":""},"class_list":["post-3512","page","type-page","status-publish","hentry"],"_links":{"self":[{"href":"https:\/\/www.canalboating.cz\/de\/wp-json\/wp\/v2\/pages\/3512","targetHints":{"allow":["GET"]}}],"collection":[{"href":"https:\/\/www.canalboating.cz\/de\/wp-json\/wp\/v2\/pages"}],"about":[{"href":"https:\/\/www.canalboating.cz\/de\/wp-json\/wp\/v2\/types\/page"}],"author":[{"embeddable":true,"href":"https:\/\/www.canalboating.cz\/de\/wp-json\/wp\/v2\/users\/1"}],"replies":[{"embeddable":true,"href":"https:\/\/www.canalboating.cz\/de\/wp-json\/wp\/v2\/comments?post=3512"}],"version-history":[{"count":10,"href":"https:\/\/www.canalboating.cz\/de\/wp-json\/wp\/v2\/pages\/3512\/revisions"}],"predecessor-version":[{"id":3565,"href":"https:\/\/www.canalboating.cz\/de\/wp-json\/wp\/v2\/pages\/3512\/revisions\/3565"}],"up":[{"embeddable":true,"href":"https:\/\/www.canalboating.cz\/de\/wp-json\/wp\/v2\/pages\/124"}],"wp:attachment":[{"href":"https:\/\/www.canalboating.cz\/de\/wp-json\/wp\/v2\/media?parent=3512"}],"curies":[{"name":"wp","href":"https:\/\/api.w.org\/{rel}","templated":true}]}}