{"id":3294,"date":"2013-08-10T07:19:43","date_gmt":"2013-08-10T06:19:43","guid":{"rendered":"http:\/\/www.canalboating.cz\/?page_id=3294"},"modified":"2014-10-12T11:10:23","modified_gmt":"2014-10-12T10:10:23","slug":"cesko-2013","status":"publish","type":"page","link":"https:\/\/www.canalboating.cz\/de\/cestopisy\/cesko-2013\/","title":{"rendered":"Tschechien 2013"},"content":{"rendered":"<p><\/p>\n<h1>\u201eBeauty\u201c auf dem Bata Kanal<\/h1>\n<p style=\"text-align: justify;\"><strong><em>Diese Sch\u00f6nheit ist die Motoryacht \u201ePandora\u201c.<br \/>\nDer Bata Kanal in M\u00e4hren, in der Tschechischen Republik, ist ein \u00e4u\u00dferst attraktives Bootsrevier mit guten Voraussetzungen f\u00fcr Charterfahrten, nur \u2013 zum Chartern fehlte bisher ein ordentliches Boot\u2026<br \/>\nUnd das gibt es mittlerweile: seit Mai die Motoryacht \u201ePandora\u201c \u2026<br \/>\nDer Yachtbesitzer Martin N\u011bmec von der Krom\u011b\u0159\u00ed\u017esk\u00e1 plavebn\u00ed s.r.o. bot mir eine \u201eProbefahrt\u201c an. Zwei Tage kreuzten wir dann auch tats\u00e4chlich mit der \u201ePandora\u201c auf dem Bata Kanal.<\/em><\/strong><\/p>\n<p>&nbsp;<\/p>\n<p style=\"text-align: justify;\"><strong>In diesen beiden Tage<\/strong> durchfuhren wir lediglich den oberen Teil des Bata Kanals, n\u00e4mlich den Abschnitt zwischen Kostelany nad Moravou und Otrokovice. Unser Ausgangsankerplatz war der derzeitige Liegeplatz der \u201ePandora\u201c, die Schleuse Babice.<br \/>\nAuch wenn wir uns vor allem auf das Testen der \u201ePandora\u201c konzentrierten, muss ich dennoch sagen, dass wir von der Fahrt auf dem Bata Kanal begeistert waren. Die sich abwechselnden Abschnitte des klassischen Kanals und des wunderbaren Flusses Morava sind einfach herrlich und suchen weltweit ihresgleichen.<\/p>\n\n\t\t<div id='gallery-5' class='gallery galleryid-3294 gallery-columns-3 gallery-size-thumbnail gallery-link-file'><figure class='gallery-item'>\n\t\t\t<span class='gallery-icon'>\n\t\t\t\t<a rel='attachment' href='https:\/\/www.canalboating.cz\/wp-content\/uploads\/2013\/08\/M01.jpg'><img loading=\"lazy\" decoding=\"async\" width=\"150\" height=\"150\" src=\"https:\/\/www.canalboating.cz\/wp-content\/uploads\/2013\/08\/M01-150x150.jpg\" class=\"attachment-thumbnail size-thumbnail\" alt=\"\" srcset=\"https:\/\/www.canalboating.cz\/wp-content\/uploads\/2013\/08\/M01-150x150.jpg 150w, https:\/\/www.canalboating.cz\/wp-content\/uploads\/2013\/08\/M01-100x100.jpg 100w\" sizes=\"auto, (max-width: 150px) 100vw, 150px\" \/><\/a>\n\t\t\t<\/span><\/figure><figure class='gallery-item'>\n\t\t\t<span class='gallery-icon'>\n\t\t\t\t<a rel='attachment' href='https:\/\/www.canalboating.cz\/wp-content\/uploads\/2013\/08\/M02.jpg'><img loading=\"lazy\" decoding=\"async\" width=\"150\" height=\"150\" src=\"https:\/\/www.canalboating.cz\/wp-content\/uploads\/2013\/08\/M02-150x150.jpg\" class=\"attachment-thumbnail size-thumbnail\" alt=\"\" srcset=\"https:\/\/www.canalboating.cz\/wp-content\/uploads\/2013\/08\/M02-150x150.jpg 150w, https:\/\/www.canalboating.cz\/wp-content\/uploads\/2013\/08\/M02-100x100.jpg 100w\" sizes=\"auto, (max-width: 150px) 100vw, 150px\" \/><\/a>\n\t\t\t<\/span><\/figure><figure class='gallery-item'>\n\t\t\t<span class='gallery-icon'>\n\t\t\t\t<a rel='attachment' href='https:\/\/www.canalboating.cz\/wp-content\/uploads\/2013\/08\/M03.jpg'><img loading=\"lazy\" decoding=\"async\" width=\"150\" height=\"150\" src=\"https:\/\/www.canalboating.cz\/wp-content\/uploads\/2013\/08\/M03-150x150.jpg\" class=\"attachment-thumbnail size-thumbnail\" alt=\"\" srcset=\"https:\/\/www.canalboating.cz\/wp-content\/uploads\/2013\/08\/M03-150x150.jpg 150w, https:\/\/www.canalboating.cz\/wp-content\/uploads\/2013\/08\/M03-100x100.jpg 100w\" sizes=\"auto, (max-width: 150px) 100vw, 150px\" \/><\/a>\n\t\t\t<\/span><\/figure><br style=\"clear: both\" \/>\n\t\t\t<div class='clear'><\/div>\n\t\t<\/div>\n\n<p style=\"text-align: justify;\"><strong>Die Motoryacht \u201ePandora\u201c vom Bautyp<\/strong> Vistula Cruiser 30 ist ein luxuri\u00f6ses motorbetriebenes Fluss- und Kanalboot, das 2013 hergestellt und noch im gleichen Jahr im Bata Kanal zu Wasser gelassen wurde. Das Boot hat eine L\u00e4nge von 9,50 m, eine Breite von 2,92 m, eine Durchfahrtsh\u00f6he von 3,00 m (mit gesenktem Dach 2,45 m) und einen Tiefgang von 0,45 m. Die Yacht wird von einem Benzin-Au\u00dfenbordmotor Yamaha 25 (ca. 18 kW) angetrieben, der ihr nicht nur ausreichende Geschwindigkeit, sondern auch ausgezeichnete Man\u00f6vrierbarkeit verleiht, namentlich beim notwendigen Zur\u00fcckfahren. Bei Einhaltung der bewilligten Geschwindigkeit auf dem Kanal verbraucht der Motor kaum 3 Liter Benzin pro Stunde. Der Treibstofftank reicht also f\u00fcr eine einw\u00f6chige Fahrt aus. Der an Deck befindliche Steuerstand (Plicht) ist genauso, wie das gesamte Deck, von einem originellen Schutzdach gesch\u00fctzt, das vor niedrigen Kanalbr\u00fccken gesenkt werden kann; bei widrigem Wetter kann das Deck auch komplett verplant werden.<\/p>\n\n\t\t<div id='gallery-6' class='gallery galleryid-3294 gallery-columns-3 gallery-size-thumbnail gallery-link-file'><figure class='gallery-item'>\n\t\t\t<span class='gallery-icon'>\n\t\t\t\t<a rel='attachment' href='https:\/\/www.canalboating.cz\/wp-content\/uploads\/2013\/08\/M04.jpg'><img loading=\"lazy\" decoding=\"async\" width=\"150\" height=\"150\" src=\"https:\/\/www.canalboating.cz\/wp-content\/uploads\/2013\/08\/M04-150x150.jpg\" class=\"attachment-thumbnail size-thumbnail\" alt=\"\" srcset=\"https:\/\/www.canalboating.cz\/wp-content\/uploads\/2013\/08\/M04-150x150.jpg 150w, https:\/\/www.canalboating.cz\/wp-content\/uploads\/2013\/08\/M04-100x100.jpg 100w\" sizes=\"auto, (max-width: 150px) 100vw, 150px\" \/><\/a>\n\t\t\t<\/span><\/figure><figure class='gallery-item'>\n\t\t\t<span class='gallery-icon'>\n\t\t\t\t<a rel='attachment' href='https:\/\/www.canalboating.cz\/wp-content\/uploads\/2013\/08\/M05.jpg'><img loading=\"lazy\" decoding=\"async\" width=\"150\" height=\"150\" src=\"https:\/\/www.canalboating.cz\/wp-content\/uploads\/2013\/08\/M05-150x150.jpg\" class=\"attachment-thumbnail size-thumbnail\" alt=\"\" srcset=\"https:\/\/www.canalboating.cz\/wp-content\/uploads\/2013\/08\/M05-150x150.jpg 150w, https:\/\/www.canalboating.cz\/wp-content\/uploads\/2013\/08\/M05-100x100.jpg 100w\" sizes=\"auto, (max-width: 150px) 100vw, 150px\" \/><\/a>\n\t\t\t<\/span><\/figure><figure class='gallery-item'>\n\t\t\t<span class='gallery-icon'>\n\t\t\t\t<a rel='attachment' href='https:\/\/www.canalboating.cz\/wp-content\/uploads\/2013\/08\/M06.jpg'><img loading=\"lazy\" decoding=\"async\" width=\"150\" height=\"150\" src=\"https:\/\/www.canalboating.cz\/wp-content\/uploads\/2013\/08\/M06-150x150.jpg\" class=\"attachment-thumbnail size-thumbnail\" alt=\"\" srcset=\"https:\/\/www.canalboating.cz\/wp-content\/uploads\/2013\/08\/M06-150x150.jpg 150w, https:\/\/www.canalboating.cz\/wp-content\/uploads\/2013\/08\/M06-100x100.jpg 100w\" sizes=\"auto, (max-width: 150px) 100vw, 150px\" \/><\/a>\n\t\t\t<\/span><\/figure><br style=\"clear: both\" \/>\n\t\t\t<div class='clear'><\/div>\n\t\t<\/div>\n\n<p style=\"text-align: justify;\"><strong>Die Innenausstattung der Yacht ist \u00e4u\u00dferst bequem und zweckm\u00e4\u00dfig:<\/strong> die Vorderkaj\u00fcte mit zwei Kojen, die Achterkaj\u00fcte ebenfalls mit zwei Kojen, bei k\u00fcrzeren Aufenthalten k\u00f6nnen weitere drei Kojen im Speiseraum geschaffen werden. Die Kabine mit Sp\u00fcltoilette und Warmwasserdusche ist \u00fcberraschend ger\u00e4umig. In der Kochnische befinden sich eine Sp\u00fcle, ein Gaskocher mit zwei Kochplatten und ein elektrischer K\u00fchlschrank. Heizung und Gas-Warmwasserbereiter komplettieren die Einrichtung. Alle Wohnr\u00e4ume haben eine Durchgangsh\u00f6he von zwei Metern. Wohl jeder wird von den praktisch gestalteten Ablagef\u00e4chern und der \u00fcberdurchschnittlichen Ausstattung mit Geschirr und sonstigen an Bord notwendigen Kleinigkeiten begeistert sein. Ein Tank mit ausreichendem Trinkwasservorrat ist eine Sache der Selbstverst\u00e4ndlichkeit.<\/p>\n\n\t\t<div id='gallery-7' class='gallery galleryid-3294 gallery-columns-3 gallery-size-thumbnail gallery-link-file'><figure class='gallery-item'>\n\t\t\t<span class='gallery-icon'>\n\t\t\t\t<a rel='attachment' href='https:\/\/www.canalboating.cz\/wp-content\/uploads\/2013\/08\/M07.jpg'><img loading=\"lazy\" decoding=\"async\" width=\"150\" height=\"150\" src=\"https:\/\/www.canalboating.cz\/wp-content\/uploads\/2013\/08\/M07-150x150.jpg\" class=\"attachment-thumbnail size-thumbnail\" alt=\"\" srcset=\"https:\/\/www.canalboating.cz\/wp-content\/uploads\/2013\/08\/M07-150x150.jpg 150w, https:\/\/www.canalboating.cz\/wp-content\/uploads\/2013\/08\/M07-100x100.jpg 100w\" sizes=\"auto, (max-width: 150px) 100vw, 150px\" \/><\/a>\n\t\t\t<\/span><\/figure><figure class='gallery-item'>\n\t\t\t<span class='gallery-icon'>\n\t\t\t\t<a rel='attachment' href='https:\/\/www.canalboating.cz\/wp-content\/uploads\/2013\/08\/M08.jpg'><img loading=\"lazy\" decoding=\"async\" width=\"150\" height=\"150\" src=\"https:\/\/www.canalboating.cz\/wp-content\/uploads\/2013\/08\/M08-150x150.jpg\" class=\"attachment-thumbnail size-thumbnail\" alt=\"\" srcset=\"https:\/\/www.canalboating.cz\/wp-content\/uploads\/2013\/08\/M08-150x150.jpg 150w, https:\/\/www.canalboating.cz\/wp-content\/uploads\/2013\/08\/M08-100x100.jpg 100w\" sizes=\"auto, (max-width: 150px) 100vw, 150px\" \/><\/a>\n\t\t\t<\/span><\/figure><figure class='gallery-item'>\n\t\t\t<span class='gallery-icon'>\n\t\t\t\t<a rel='attachment' href='https:\/\/www.canalboating.cz\/wp-content\/uploads\/2013\/08\/M09.jpg'><img loading=\"lazy\" decoding=\"async\" width=\"150\" height=\"150\" src=\"https:\/\/www.canalboating.cz\/wp-content\/uploads\/2013\/08\/M09-150x150.jpg\" class=\"attachment-thumbnail size-thumbnail\" alt=\"\" srcset=\"https:\/\/www.canalboating.cz\/wp-content\/uploads\/2013\/08\/M09-150x150.jpg 150w, https:\/\/www.canalboating.cz\/wp-content\/uploads\/2013\/08\/M09-100x100.jpg 100w\" sizes=\"auto, (max-width: 150px) 100vw, 150px\" \/><\/a>\n\t\t\t<\/span><\/figure><br style=\"clear: both\" \/>\n\t\t\t<div class='clear'><\/div>\n\t\t<\/div>\n\n<p style=\"text-align: justify;\"><strong>Die Yacht wurde in der polnischen Werft Krajewski<\/strong> hergestellt \u2013 <a href=\"http:\/\/www.zeglugawislana.pl\/\" title=\"www.zeglugawislana.pl\">www.zeglugawislana.pl<\/a><br \/>\n<strong>Die \u201ePandora\u201c kann von der Firma<\/strong> Krom\u011b\u0159\u00ed\u017esk\u00e1 plavebn\u00ed s.r.o. gechartert werden &#8211; <a href=\"http:\/\/www.plavebni.cz\/\" title=\"www.plavebni.cz\">www.plavebni.cz<\/a>.<\/p>\n<p>&nbsp;<\/p>\n<p style=\"text-align: justify;\"><strong>Die \u201ePandora\u201c ist nat\u00fcrlich nicht das einzige Boot<\/strong> auf dem Bata Kanal, das man chartern kann. Viele weitere Boote und Hausboote bilden das unverwechselbare Kolorit dieser Region und machen die Fahrt und den Aufenthalt auf dem Wasser noch attraktiver.<\/p>\n\n\t\t<div id='gallery-8' class='gallery galleryid-3294 gallery-columns-3 gallery-size-thumbnail gallery-link-file'><figure class='gallery-item'>\n\t\t\t<span class='gallery-icon'>\n\t\t\t\t<a rel='attachment' href='https:\/\/www.canalboating.cz\/wp-content\/uploads\/2013\/08\/M10.jpg'><img loading=\"lazy\" decoding=\"async\" width=\"150\" height=\"150\" src=\"https:\/\/www.canalboating.cz\/wp-content\/uploads\/2013\/08\/M10-150x150.jpg\" class=\"attachment-thumbnail size-thumbnail\" alt=\"\" srcset=\"https:\/\/www.canalboating.cz\/wp-content\/uploads\/2013\/08\/M10-150x150.jpg 150w, https:\/\/www.canalboating.cz\/wp-content\/uploads\/2013\/08\/M10-100x100.jpg 100w\" sizes=\"auto, (max-width: 150px) 100vw, 150px\" \/><\/a>\n\t\t\t<\/span><\/figure><figure class='gallery-item'>\n\t\t\t<span class='gallery-icon'>\n\t\t\t\t<a rel='attachment' href='https:\/\/www.canalboating.cz\/wp-content\/uploads\/2013\/08\/M11.jpg'><img loading=\"lazy\" decoding=\"async\" width=\"150\" height=\"150\" src=\"https:\/\/www.canalboating.cz\/wp-content\/uploads\/2013\/08\/M11-150x150.jpg\" class=\"attachment-thumbnail size-thumbnail\" alt=\"\" srcset=\"https:\/\/www.canalboating.cz\/wp-content\/uploads\/2013\/08\/M11-150x150.jpg 150w, https:\/\/www.canalboating.cz\/wp-content\/uploads\/2013\/08\/M11-100x100.jpg 100w\" sizes=\"auto, (max-width: 150px) 100vw, 150px\" \/><\/a>\n\t\t\t<\/span><\/figure><figure class='gallery-item'>\n\t\t\t<span class='gallery-icon'>\n\t\t\t\t<a rel='attachment' href='https:\/\/www.canalboating.cz\/wp-content\/uploads\/2013\/08\/M12.jpg'><img loading=\"lazy\" decoding=\"async\" width=\"150\" height=\"150\" src=\"https:\/\/www.canalboating.cz\/wp-content\/uploads\/2013\/08\/M12-150x150.jpg\" class=\"attachment-thumbnail size-thumbnail\" alt=\"\" srcset=\"https:\/\/www.canalboating.cz\/wp-content\/uploads\/2013\/08\/M12-150x150.jpg 150w, https:\/\/www.canalboating.cz\/wp-content\/uploads\/2013\/08\/M12-100x100.jpg 100w\" sizes=\"auto, (max-width: 150px) 100vw, 150px\" \/><\/a>\n\t\t\t<\/span><\/figure><br style=\"clear: both\" \/>\n\t\t\t<div class='clear'><\/div>\n\t\t<\/div>\n\n<p style=\"text-align: justify;\"><strong>August 2013<\/strong><\/p>\n<p><a href=\"http:\/\/www.plavebni.cz\/\"><img loading=\"lazy\" decoding=\"async\" src=\"http:\/\/www.canalboating.cz\/wp-content\/uploads\/2012\/04\/kromerizska.jpg\" alt=\"kromerizska\" width=\"210\" height=\"125\" class=\"aligncenter size-full wp-image-3251\" \/><\/a><\/p>","protected":false},"excerpt":{"rendered":"<p>\u201eBeauty\u201c auf dem Bata Kanal Diese Sch\u00f6nheit ist die Motoryacht \u201ePandora\u201c. Der Bata Kanal in M\u00e4hren, in der Tschechischen Republik, ist ein \u00e4u\u00dferst attraktives Bootsrevier mit guten Voraussetzungen f\u00fcr Charterfahrten, nur \u2013 zum Chartern fehlte bisher ein ordentliches Boot\u2026 Und das gibt es mittlerweile: seit Mai die Motoryacht \u201ePandora\u201c \u2026 &#8230;<\/p>\n","protected":false},"author":1,"featured_media":0,"parent":124,"menu_order":6,"comment_status":"closed","ping_status":"open","template":"","meta":{"footnotes":""},"class_list":["post-3294","page","type-page","status-publish","hentry"],"_links":{"self":[{"href":"https:\/\/www.canalboating.cz\/de\/wp-json\/wp\/v2\/pages\/3294","targetHints":{"allow":["GET"]}}],"collection":[{"href":"https:\/\/www.canalboating.cz\/de\/wp-json\/wp\/v2\/pages"}],"about":[{"href":"https:\/\/www.canalboating.cz\/de\/wp-json\/wp\/v2\/types\/page"}],"author":[{"embeddable":true,"href":"https:\/\/www.canalboating.cz\/de\/wp-json\/wp\/v2\/users\/1"}],"replies":[{"embeddable":true,"href":"https:\/\/www.canalboating.cz\/de\/wp-json\/wp\/v2\/comments?post=3294"}],"version-history":[{"count":12,"href":"https:\/\/www.canalboating.cz\/de\/wp-json\/wp\/v2\/pages\/3294\/revisions"}],"predecessor-version":[{"id":3333,"href":"https:\/\/www.canalboating.cz\/de\/wp-json\/wp\/v2\/pages\/3294\/revisions\/3333"}],"up":[{"embeddable":true,"href":"https:\/\/www.canalboating.cz\/de\/wp-json\/wp\/v2\/pages\/124"}],"wp:attachment":[{"href":"https:\/\/www.canalboating.cz\/de\/wp-json\/wp\/v2\/media?parent=3294"}],"curies":[{"name":"wp","href":"https:\/\/api.w.org\/{rel}","templated":true}]}}