{"id":3218,"date":"2013-06-16T15:25:20","date_gmt":"2013-06-16T14:25:20","guid":{"rendered":"http:\/\/www.canalboating.cz\/?page_id=3218"},"modified":"2014-10-12T11:10:23","modified_gmt":"2014-10-12T10:10:23","slug":"anglie-2013","status":"publish","type":"page","link":"https:\/\/www.canalboating.cz\/de\/cestopisy\/anglie-2013\/","title":{"rendered":"England 2013"},"content":{"rendered":"<p class=\"qtranxs-available-languages-message qtranxs-available-languages-message-de\">Leider ist der Eintrag nur auf <a href=\"https:\/\/www.canalboating.cz\/cs\/wp-json\/wp\/v2\/pages\/3218\" class=\"qtranxs-available-language-link qtranxs-available-language-link-cs\" title=\"\u010ce\u0161tina\">\u010ce\u0161tina<\/a> verf\u00fcgbar.<\/p>","protected":false},"excerpt":{"rendered":"<p>Leider ist der Eintrag nur auf \u010ce\u0161tina verf\u00fcgbar.<\/p>\n","protected":false},"author":1,"featured_media":0,"parent":124,"menu_order":8,"comment_status":"closed","ping_status":"open","template":"","meta":{"footnotes":""},"class_list":["post-3218","page","type-page","status-publish","hentry"],"_links":{"self":[{"href":"https:\/\/www.canalboating.cz\/de\/wp-json\/wp\/v2\/pages\/3218","targetHints":{"allow":["GET"]}}],"collection":[{"href":"https:\/\/www.canalboating.cz\/de\/wp-json\/wp\/v2\/pages"}],"about":[{"href":"https:\/\/www.canalboating.cz\/de\/wp-json\/wp\/v2\/types\/page"}],"author":[{"embeddable":true,"href":"https:\/\/www.canalboating.cz\/de\/wp-json\/wp\/v2\/users\/1"}],"replies":[{"embeddable":true,"href":"https:\/\/www.canalboating.cz\/de\/wp-json\/wp\/v2\/comments?post=3218"}],"version-history":[{"count":7,"href":"https:\/\/www.canalboating.cz\/de\/wp-json\/wp\/v2\/pages\/3218\/revisions"}],"predecessor-version":[{"id":3363,"href":"https:\/\/www.canalboating.cz\/de\/wp-json\/wp\/v2\/pages\/3218\/revisions\/3363"}],"up":[{"embeddable":true,"href":"https:\/\/www.canalboating.cz\/de\/wp-json\/wp\/v2\/pages\/124"}],"wp:attachment":[{"href":"https:\/\/www.canalboating.cz\/de\/wp-json\/wp\/v2\/media?parent=3218"}],"curies":[{"name":"wp","href":"https:\/\/api.w.org\/{rel}","templated":true}]}}