{"id":264,"date":"2012-04-18T10:23:17","date_gmt":"2012-04-18T09:23:17","guid":{"rendered":"http:\/\/www.canalboating.cz\/?page_id=264"},"modified":"2014-10-12T11:10:24","modified_gmt":"2014-10-12T10:10:24","slug":"chorvatsko-2005","status":"publish","type":"page","link":"https:\/\/www.canalboating.cz\/de\/cestopisy\/chorvatsko-2005\/","title":{"rendered":"Kroatien 2005"},"content":{"rendered":"<p><\/p>\n<h1>Zur\u00fcck nach Adria<\/h1>\n<p style=\"text-align: justify;\"><strong><em>Schon in acht Monaten sind wir ans Adriatische Meer zur\u00fcckgekommen. Diesmal haben wir uns auf Segelboot Bavaria 36 eingeschiffen, wo hat sich eine \u201e\u00dcbungsschifffahrt\u201c mit firma Vltava-yacht stattgefunden. Und Kapit\u00e1n Igor Pi\u0148os, erfahrener Meereswolf, war sehr streng aber freundlich.<br \/>\nWir haben aus Hafen Biograd na Moru gesegelt und f\u00fcnf Tage sind wir zwischen Inseln Kornati, Dugi Otok, Paschman, mit Schiff gefahren.<\/em><\/strong><\/p>\n<p>&nbsp;<\/p>\n<p style=\"text-align: justify;\"><a href=\"http:\/\/www.canalboating.cz\/wp-content\/uploads\/2012\/04\/jadran01.jpg\"><img loading=\"lazy\" decoding=\"async\" src=\"http:\/\/www.canalboating.cz\/wp-content\/uploads\/2012\/04\/jadran01-150x150.jpg\" alt=\"\" title=\"OLYMPUS DIGITAL CAMERA\" width=\"150\" height=\"150\" class=\"alignleft size-thumbnail wp-image-2104\" srcset=\"https:\/\/www.canalboating.cz\/wp-content\/uploads\/2012\/04\/jadran01-150x150.jpg 150w, https:\/\/www.canalboating.cz\/wp-content\/uploads\/2012\/04\/jadran01-100x100.jpg 100w\" sizes=\"auto, (max-width: 150px) 100vw, 150px\" \/><\/a>1. Marina \u201eShangulin\u201c in Biograd na Moru \u2013 zu viel Segelboote auf einem Platz \u2026 schnell weg!<\/p>\n<p>&nbsp;<br \/>\n&nbsp;<br \/>\n&nbsp;<br \/>\n&nbsp;<br \/>\n&nbsp;<br \/>\n&nbsp;<br \/>\n&nbsp;<\/p>\n<p style=\"text-align: justify;\"><a href=\"http:\/\/www.canalboating.cz\/wp-content\/uploads\/2012\/04\/jadran02.jpg\"><img loading=\"lazy\" decoding=\"async\" src=\"http:\/\/www.canalboating.cz\/wp-content\/uploads\/2012\/04\/jadran02-150x150.jpg\" alt=\"\" title=\"OLYMPUS DIGITAL CAMERA\" width=\"150\" height=\"150\" class=\"alignleft size-thumbnail wp-image-2105\" srcset=\"https:\/\/www.canalboating.cz\/wp-content\/uploads\/2012\/04\/jadran02-150x150.jpg 150w, https:\/\/www.canalboating.cz\/wp-content\/uploads\/2012\/04\/jadran02-100x100.jpg 100w\" sizes=\"auto, (max-width: 150px) 100vw, 150px\" \/><\/a>2. Morgen im Hafen \u201eTkon\u201c.<\/p>\n<p>&nbsp;<br \/>\n&nbsp;<br \/>\n&nbsp;<br \/>\n&nbsp;<br \/>\n&nbsp;<br \/>\n&nbsp;<br \/>\n&nbsp;<\/p>\n<p style=\"text-align: justify;\"><a href=\"http:\/\/www.canalboating.cz\/wp-content\/uploads\/2012\/04\/jadran03.jpg\"><img loading=\"lazy\" decoding=\"async\" src=\"http:\/\/www.canalboating.cz\/wp-content\/uploads\/2012\/04\/jadran03-150x150.jpg\" alt=\"\" title=\"OLYMPUS DIGITAL CAMERA\" width=\"150\" height=\"150\" class=\"alignleft size-thumbnail wp-image-2106\" srcset=\"https:\/\/www.canalboating.cz\/wp-content\/uploads\/2012\/04\/jadran03-150x150.jpg 150w, https:\/\/www.canalboating.cz\/wp-content\/uploads\/2012\/04\/jadran03-100x100.jpg 100w\" sizes=\"auto, (max-width: 150px) 100vw, 150px\" \/><\/a>3. Der Kapit\u00e4n h\u00e4lt nach dem Wind Ausschau \u2026<\/p>\n<p>&nbsp;<br \/>\n&nbsp;<br \/>\n&nbsp;<br \/>\n&nbsp;<br \/>\n&nbsp;<br \/>\n&nbsp;<br \/>\n&nbsp;<\/p>\n<p style=\"text-align: justify;\"><a href=\"http:\/\/www.canalboating.cz\/wp-content\/uploads\/2012\/04\/jadran04.jpg\"><img loading=\"lazy\" decoding=\"async\" src=\"http:\/\/www.canalboating.cz\/wp-content\/uploads\/2012\/04\/jadran04-150x150.jpg\" alt=\"\" title=\"OLYMPUS DIGITAL CAMERA\" width=\"150\" height=\"150\" class=\"alignleft size-thumbnail wp-image-2107\" srcset=\"https:\/\/www.canalboating.cz\/wp-content\/uploads\/2012\/04\/jadran04-150x150.jpg 150w, https:\/\/www.canalboating.cz\/wp-content\/uploads\/2012\/04\/jadran04-100x100.jpg 100w\" sizes=\"auto, (max-width: 150px) 100vw, 150px\" \/><\/a>4. \u2026 der m\u00f6glich von den Riffen der Insel \u201eDugi Otok\u201c kommt.<\/p>\n<p>&nbsp;<br \/>\n&nbsp;<br \/>\n&nbsp;<br \/>\n&nbsp;<br \/>\n&nbsp;<br \/>\n&nbsp;<br \/>\n&nbsp;<\/p>\n<p style=\"text-align: justify;\"><a href=\"http:\/\/www.canalboating.cz\/wp-content\/uploads\/2012\/04\/jadran05.jpg\"><img loading=\"lazy\" decoding=\"async\" src=\"http:\/\/www.canalboating.cz\/wp-content\/uploads\/2012\/04\/jadran05-150x150.jpg\" alt=\"\" title=\"OLYMPUS DIGITAL CAMERA\" width=\"150\" height=\"150\" class=\"alignleft size-thumbnail wp-image-2108\" srcset=\"https:\/\/www.canalboating.cz\/wp-content\/uploads\/2012\/04\/jadran05-150x150.jpg 150w, https:\/\/www.canalboating.cz\/wp-content\/uploads\/2012\/04\/jadran05-100x100.jpg 100w\" sizes=\"auto, (max-width: 150px) 100vw, 150px\" \/><\/a>5. Der Wind gekommen \u2013 wir sind gleich \u201edie \u00dcbung\u201c in der Erhaltung des Kurses getreten.<\/p>\n<p>&nbsp;<br \/>\n&nbsp;<br \/>\n&nbsp;<br \/>\n&nbsp;<br \/>\n&nbsp;<br \/>\n&nbsp;<br \/>\n&nbsp;<\/p>\n<p style=\"text-align: justify;\"><a href=\"http:\/\/www.canalboating.cz\/wp-content\/uploads\/2012\/04\/jadran06.jpg\"><img loading=\"lazy\" decoding=\"async\" src=\"http:\/\/www.canalboating.cz\/wp-content\/uploads\/2012\/04\/jadran06-150x150.jpg\" alt=\"\" title=\"OLYMPUS DIGITAL CAMERA\" width=\"150\" height=\"150\" class=\"alignleft size-thumbnail wp-image-2109\" srcset=\"https:\/\/www.canalboating.cz\/wp-content\/uploads\/2012\/04\/jadran06-150x150.jpg 150w, https:\/\/www.canalboating.cz\/wp-content\/uploads\/2012\/04\/jadran06-100x100.jpg 100w\" sizes=\"auto, (max-width: 150px) 100vw, 150px\" \/><\/a>6. Richtung Bucht \u201eT\u011bla\u0161\u010dica\u201c, wo m\u00f6chten wir auf der Boje \u00fcbernachten.<\/p>\n<p>&nbsp;<br \/>\n&nbsp;<br \/>\n&nbsp;<br \/>\n&nbsp;<br \/>\n&nbsp;<br \/>\n&nbsp;<br \/>\n&nbsp;<\/p>\n<p style=\"text-align: justify;\"><a href=\"http:\/\/www.canalboating.cz\/wp-content\/uploads\/2012\/04\/jadran07.jpg\"><img loading=\"lazy\" decoding=\"async\" src=\"http:\/\/www.canalboating.cz\/wp-content\/uploads\/2012\/04\/jadran07-150x150.jpg\" alt=\"\" title=\"OLYMPUS DIGITAL CAMERA\" width=\"150\" height=\"150\" class=\"alignleft size-thumbnail wp-image-2110\" srcset=\"https:\/\/www.canalboating.cz\/wp-content\/uploads\/2012\/04\/jadran07-150x150.jpg 150w, https:\/\/www.canalboating.cz\/wp-content\/uploads\/2012\/04\/jadran07-100x100.jpg 100w\" sizes=\"auto, (max-width: 150px) 100vw, 150px\" \/><\/a>7. Von weitem sichtbarer Lichtturm auf der Insel \u201eSestrica\u201c best\u00e4tigt unser Richtung.<\/p>\n<p>&nbsp;<br \/>\n&nbsp;<br \/>\n&nbsp;<br \/>\n&nbsp;<br \/>\n&nbsp;<br \/>\n&nbsp;<br \/>\n&nbsp;<\/p>\n<p style=\"text-align: justify;\"><a href=\"http:\/\/www.canalboating.cz\/wp-content\/uploads\/2012\/04\/jadran08.jpg\"><img loading=\"lazy\" decoding=\"async\" src=\"http:\/\/www.canalboating.cz\/wp-content\/uploads\/2012\/04\/jadran08-150x150.jpg\" alt=\"\" title=\"OLYMPUS DIGITAL CAMERA\" width=\"150\" height=\"150\" class=\"alignleft size-thumbnail wp-image-2111\" srcset=\"https:\/\/www.canalboating.cz\/wp-content\/uploads\/2012\/04\/jadran08-150x150.jpg 150w, https:\/\/www.canalboating.cz\/wp-content\/uploads\/2012\/04\/jadran08-100x100.jpg 100w\" sizes=\"auto, (max-width: 150px) 100vw, 150px\" \/><\/a>8. Hafen \u201eKn\u011b\u017e\u201c auf der Insel \u201eI\u017e\u201c \u2013 vor der Saison ist zu viele Boote nicht hier gewesen.<\/p>\n<p>&nbsp;<br \/>\n&nbsp;<br \/>\n&nbsp;<br \/>\n&nbsp;<br \/>\n&nbsp;<br \/>\n&nbsp;<br \/>\n&nbsp;<\/p>\n<p style=\"text-align: justify;\"><a href=\"http:\/\/www.canalboating.cz\/wp-content\/uploads\/2012\/04\/jadran09.jpg\"><img loading=\"lazy\" decoding=\"async\" src=\"http:\/\/www.canalboating.cz\/wp-content\/uploads\/2012\/04\/jadran09-150x150.jpg\" alt=\"\" title=\"OLYMPUS DIGITAL CAMERA\" width=\"150\" height=\"150\" class=\"alignleft size-thumbnail wp-image-2112\" srcset=\"https:\/\/www.canalboating.cz\/wp-content\/uploads\/2012\/04\/jadran09-150x150.jpg 150w, https:\/\/www.canalboating.cz\/wp-content\/uploads\/2012\/04\/jadran09-100x100.jpg 100w\" sizes=\"auto, (max-width: 150px) 100vw, 150px\" \/><\/a>9. Angetretene Schiffsbemanunng vor dem Abgang in die Hafenkneipe.<\/p>\n<p>&nbsp;<br \/>\n&nbsp;<br \/>\n&nbsp;<br \/>\n&nbsp;<br \/>\n&nbsp;<br \/>\n&nbsp;<br \/>\n&nbsp;<\/p>\n<p style=\"text-align: justify;\"><a href=\"http:\/\/www.canalboating.cz\/wp-content\/uploads\/2012\/04\/jadran10.jpg\"><img loading=\"lazy\" decoding=\"async\" src=\"http:\/\/www.canalboating.cz\/wp-content\/uploads\/2012\/04\/jadran10-150x150.jpg\" alt=\"\" title=\"OLYMPUS DIGITAL CAMERA\" width=\"150\" height=\"150\" class=\"alignleft size-thumbnail wp-image-2113\" srcset=\"https:\/\/www.canalboating.cz\/wp-content\/uploads\/2012\/04\/jadran10-150x150.jpg 150w, https:\/\/www.canalboating.cz\/wp-content\/uploads\/2012\/04\/jadran10-100x100.jpg 100w\" sizes=\"auto, (max-width: 150px) 100vw, 150px\" \/><\/a>10. Auch in der Kneipe sind \u201eBoote\u201c \u2013 alle m\u00fcssen immer wissen, wohin sollen sie zur\u00fcckkommen.<\/p>\n<p>&nbsp;<br \/>\n&nbsp;<br \/>\n&nbsp;<br \/>\n&nbsp;<br \/>\n&nbsp;<br \/>\n&nbsp;<\/p>\n<p style=\"text-align: justify;\"><a href=\"http:\/\/www.canalboating.cz\/wp-content\/uploads\/2012\/04\/jadran11.jpg\"><img loading=\"lazy\" decoding=\"async\" src=\"http:\/\/www.canalboating.cz\/wp-content\/uploads\/2012\/04\/jadran11-150x150.jpg\" alt=\"\" title=\"OLYMPUS DIGITAL CAMERA\" width=\"150\" height=\"150\" class=\"alignleft size-thumbnail wp-image-2114\" srcset=\"https:\/\/www.canalboating.cz\/wp-content\/uploads\/2012\/04\/jadran11-150x150.jpg 150w, https:\/\/www.canalboating.cz\/wp-content\/uploads\/2012\/04\/jadran11-100x100.jpg 100w\" sizes=\"auto, (max-width: 150px) 100vw, 150px\" \/><\/a>11. \u201eDer Drill\u201c schreit fort: sicher lancet und kratzt nicht \u2026<\/p>\n<p>&nbsp;<br \/>\n&nbsp;<br \/>\n&nbsp;<br \/>\n&nbsp;<br \/>\n&nbsp;<br \/>\n&nbsp;<br \/>\n&nbsp;<\/p>\n<p style=\"text-align: justify;\"><a href=\"http:\/\/www.canalboating.cz\/wp-content\/uploads\/2012\/04\/jadran12.jpg\"><img loading=\"lazy\" decoding=\"async\" src=\"http:\/\/www.canalboating.cz\/wp-content\/uploads\/2012\/04\/jadran12-150x150.jpg\" alt=\"\" title=\"OLYMPUS DIGITAL CAMERA\" width=\"150\" height=\"150\" class=\"alignleft size-thumbnail wp-image-2115\" srcset=\"https:\/\/www.canalboating.cz\/wp-content\/uploads\/2012\/04\/jadran12-150x150.jpg 150w, https:\/\/www.canalboating.cz\/wp-content\/uploads\/2012\/04\/jadran12-100x100.jpg 100w\" sizes=\"auto, (max-width: 150px) 100vw, 150px\" \/><\/a>12. So auf diese Art nicht! Das Segelboot ist ohne soliden Wind \u2026<\/p>\n<p>&nbsp;<br \/>\n&nbsp;<br \/>\n&nbsp;<br \/>\n&nbsp;<br \/>\n&nbsp;<br \/>\n&nbsp;<br \/>\n&nbsp;<\/p>\n<p style=\"text-align: justify;\"><a href=\"http:\/\/www.canalboating.cz\/wp-content\/uploads\/2012\/04\/jadran13.jpg\"><img loading=\"lazy\" decoding=\"async\" src=\"http:\/\/www.canalboating.cz\/wp-content\/uploads\/2012\/04\/jadran13-150x150.jpg\" alt=\"\" title=\"OLYMPUS DIGITAL CAMERA\" width=\"150\" height=\"150\" class=\"alignleft size-thumbnail wp-image-2116\" srcset=\"https:\/\/www.canalboating.cz\/wp-content\/uploads\/2012\/04\/jadran13-150x150.jpg 150w, https:\/\/www.canalboating.cz\/wp-content\/uploads\/2012\/04\/jadran13-100x100.jpg 100w\" sizes=\"auto, (max-width: 150px) 100vw, 150px\" \/><\/a>13. Aber wenn er blast \u2026<\/p>\n<p>&nbsp;<br \/>\n&nbsp;<br \/>\n&nbsp;<br \/>\n&nbsp;<br \/>\n&nbsp;<br \/>\n&nbsp;<br \/>\n&nbsp;<\/p>\n<p style=\"text-align: justify;\"><a href=\"http:\/\/www.canalboating.cz\/wp-content\/uploads\/2012\/04\/jadran14.jpg\"><img loading=\"lazy\" decoding=\"async\" src=\"http:\/\/www.canalboating.cz\/wp-content\/uploads\/2012\/04\/jadran14-150x150.jpg\" alt=\"\" title=\"OLYMPUS DIGITAL CAMERA\" width=\"150\" height=\"150\" class=\"alignleft size-thumbnail wp-image-2117\" srcset=\"https:\/\/www.canalboating.cz\/wp-content\/uploads\/2012\/04\/jadran14-150x150.jpg 150w, https:\/\/www.canalboating.cz\/wp-content\/uploads\/2012\/04\/jadran14-100x100.jpg 100w\" sizes=\"auto, (max-width: 150px) 100vw, 150px\" \/><\/a>14. \u2026 auf dem Bord ist gute Laune.<\/p>\n<p>&nbsp;<br \/>\n&nbsp;<br \/>\n&nbsp;<br \/>\n&nbsp;<br \/>\n&nbsp;<br \/>\n&nbsp;<br \/>\n&nbsp;<\/p>\n<p style=\"text-align: justify;\"><a href=\"http:\/\/www.canalboating.cz\/wp-content\/uploads\/2012\/04\/jadran15.jpg\"><img loading=\"lazy\" decoding=\"async\" src=\"http:\/\/www.canalboating.cz\/wp-content\/uploads\/2012\/04\/jadran15-150x150.jpg\" alt=\"\" title=\"OLYMPUS DIGITAL CAMERA\" width=\"150\" height=\"150\" class=\"alignleft size-thumbnail wp-image-2118\" srcset=\"https:\/\/www.canalboating.cz\/wp-content\/uploads\/2012\/04\/jadran15-150x150.jpg 150w, https:\/\/www.canalboating.cz\/wp-content\/uploads\/2012\/04\/jadran15-100x100.jpg 100w\" sizes=\"auto, (max-width: 150px) 100vw, 150px\" \/><\/a>15. Es war alles gut. Tsch\u00fcss irgendwann n\u00e4chstens.<\/p>\n<p>&nbsp;<br \/>\n&nbsp;<br \/>\n&nbsp;<br \/>\n&nbsp;<br \/>\n&nbsp;<br \/>\n&nbsp;<br \/>\n&nbsp;<\/p>\n<p style=\"text-align: justify;\"><strong><em>Wunderbare Szenerie dieses Adriatischen Gebietes entt\u00e4uscht wiederhabt nicht. Nur der Wind hat ein wenig faul gewesen und wir haben bekannter Spruch nicht sagen k\u00f6nnen: \u201eSchwer auf dem Turnplatz, leicht im Kampf\u201c. Aber was, irgentwann n\u00e4chstens wird Adrenalin h\u00f6her. Wie der G\u00f6nner des Binnenwassers empfehle allen, einen Sprung auf Meer und zum Segel von Zeit zur Zeit machen.<\/em><\/strong><\/p>\n<p>&nbsp;<\/p>\n<p style=\"text-align: justify;\"><strong>Mai 2005<\/strong><\/p>\n<p style=\"text-align: justify;\"><strong>Charter: <a href=\"http:\/\/www.vltava-yacht.cz\/\">www.vltava-yacht.cz<\/a><\/strong><\/p>\n<p><\/p>","protected":false},"excerpt":{"rendered":"<p>Zur\u00fcck nach Adria Schon in acht Monaten sind wir ans Adriatische Meer zur\u00fcckgekommen. Diesmal haben wir uns auf Segelboot Bavaria 36 eingeschiffen, wo hat sich eine \u201e\u00dcbungsschifffahrt\u201c mit firma Vltava-yacht stattgefunden. Und Kapit\u00e1n Igor Pi\u0148os, erfahrener Meereswolf, war sehr streng aber freundlich. Wir haben aus Hafen Biograd na Moru gesegelt &#8230;<\/p>\n","protected":false},"author":1,"featured_media":0,"parent":124,"menu_order":37,"comment_status":"closed","ping_status":"closed","template":"","meta":{"footnotes":""},"class_list":["post-264","page","type-page","status-publish","hentry"],"_links":{"self":[{"href":"https:\/\/www.canalboating.cz\/de\/wp-json\/wp\/v2\/pages\/264","targetHints":{"allow":["GET"]}}],"collection":[{"href":"https:\/\/www.canalboating.cz\/de\/wp-json\/wp\/v2\/pages"}],"about":[{"href":"https:\/\/www.canalboating.cz\/de\/wp-json\/wp\/v2\/types\/page"}],"author":[{"embeddable":true,"href":"https:\/\/www.canalboating.cz\/de\/wp-json\/wp\/v2\/users\/1"}],"replies":[{"embeddable":true,"href":"https:\/\/www.canalboating.cz\/de\/wp-json\/wp\/v2\/comments?post=264"}],"version-history":[{"count":42,"href":"https:\/\/www.canalboating.cz\/de\/wp-json\/wp\/v2\/pages\/264\/revisions"}],"predecessor-version":[{"id":2840,"href":"https:\/\/www.canalboating.cz\/de\/wp-json\/wp\/v2\/pages\/264\/revisions\/2840"}],"up":[{"embeddable":true,"href":"https:\/\/www.canalboating.cz\/de\/wp-json\/wp\/v2\/pages\/124"}],"wp:attachment":[{"href":"https:\/\/www.canalboating.cz\/de\/wp-json\/wp\/v2\/media?parent=264"}],"curies":[{"name":"wp","href":"https:\/\/api.w.org\/{rel}","templated":true}]}}