{"id":250,"date":"2012-04-18T10:19:57","date_gmt":"2012-04-18T09:19:57","guid":{"rendered":"http:\/\/www.canalboating.cz\/?page_id=250"},"modified":"2014-10-12T11:10:23","modified_gmt":"2014-10-12T10:10:23","slug":"nemecko-2007","status":"publish","type":"page","link":"https:\/\/www.canalboating.cz\/de\/cestopisy\/nemecko-2007\/","title":{"rendered":"Deutschland 2007"},"content":{"rendered":"<p><\/p>\n<h1>Ende des Sommers in Mecklenburg<\/h1>\n<p style=\"text-align: justify;\"><strong><em>Sonniger Himmel, von Zeit zu Zeit mit den niedrig geh\u00e4ngten Wolken, m\u00e4\u00dfiger frischer Wind, kalte Morgen des Sp\u00e4tsommers \u2013 das ist ein bi\u00dfchen dramatische Kulise der unendlichen Wasserspiegel der Seen und der Kan\u00e4le in Mecklenburg gewesen. Kan\u00e4le und Seen bilden sehr interessante System der Wasserwege Mecklenburgische Gew\u00e4sser ( Obere Havel Wasserstra\u00dfe, Rheinsberger Gew\u00e4sser, M\u00fcritz \u2013 Havel Wasserstra\u00dfe, \u2026), das durch sch\u00f6ne Waldlandschaft geht und bietet \u00fcberraschend sauberes Wasser an.<\/em><\/strong><\/p>\n<p><img loading=\"lazy\" decoding=\"async\" src=\"http:\/\/www.canalboating.cz\/wp-content\/uploads\/2012\/04\/jezera01.jpg\" alt=\"\" title=\"jezera01\" width=\"560\" height=\"293\" class=\"aligncenter size-full wp-image-2259\" srcset=\"https:\/\/www.canalboating.cz\/wp-content\/uploads\/2012\/04\/jezera01.jpg 560w, https:\/\/www.canalboating.cz\/wp-content\/uploads\/2012\/04\/jezera01-300x156.jpg 300w\" sizes=\"auto, (max-width: 560px) 100vw, 560px\" \/><\/p>\n<p style=\"text-align: justify;\">Die Schifffahrt haben wir in Marina \u201eHafendorf Claassee\u201c am Ufer des Sees M\u00fcritz, der gr\u00f6\u00dfte See in Mecklenburg ist, begonnen. Die Geselschaft Kuhnle \u2013 Tours beitet hier gro\u00dfe Auswahl der Charterboote an und die M\u00f6glichkeite Schiffstouren aus diesem Punkt sehr bunt sind.<\/p>\n<p><img loading=\"lazy\" decoding=\"async\" src=\"http:\/\/www.canalboating.cz\/wp-content\/uploads\/2012\/04\/jezera02.jpg\" alt=\"\" title=\"jezera02\" width=\"560\" height=\"306\" class=\"aligncenter size-full wp-image-2260\" srcset=\"https:\/\/www.canalboating.cz\/wp-content\/uploads\/2012\/04\/jezera02.jpg 560w, https:\/\/www.canalboating.cz\/wp-content\/uploads\/2012\/04\/jezera02-300x163.jpg 300w\" sizes=\"auto, (max-width: 560px) 100vw, 560px\" \/><\/p>\n<p style=\"text-align: justify;\">Bitte, machen Sie bekannt: Vorn die Bemannung &#8211; ohne Kapit\u00e4n: Familienmitglieder, einschlie\u00dflich der j\u00fcngsten Schiffsjungen. Hinter und unter der Bemannung das Boot \u201eKormoran 1260 \u2013 Biber\u201c, das mit 11,6 m L\u00e4nge der Bemannung genug des Platzes, Verl\u00f6slichkeit und gute Man\u00f6vrierungf\u00e4higkeit f\u00fcr f\u00fcnft\u00e4glichen Unterkunft angeboten hat.<\/p>\n<p><img loading=\"lazy\" decoding=\"async\" src=\"http:\/\/www.canalboating.cz\/wp-content\/uploads\/2012\/04\/jezera03.jpg\" alt=\"\" title=\"jezera03\" width=\"560\" height=\"378\" class=\"aligncenter size-full wp-image-2261\" srcset=\"https:\/\/www.canalboating.cz\/wp-content\/uploads\/2012\/04\/jezera03.jpg 560w, https:\/\/www.canalboating.cz\/wp-content\/uploads\/2012\/04\/jezera03-300x202.jpg 300w\" sizes=\"auto, (max-width: 560px) 100vw, 560px\" \/><\/p>\n<p style=\"text-align: justify;\">Unsere Schifffahrt hat nach S\u00fcden von M\u00fcritzersee gef\u00fchrt. Nach einigen Kilometern windet man Schleuse Mirow \u00fcber. Sie geh\u00f6rt zu den frequentiersten Schleusen in diesem Gebiet. Am Montag haben wir auf Schleusung etwa eine Stunde gewartet, am Donnerstag mehr als zwei \u2013 bei der Planung der Touren muss man damit rechnen.<\/p>\n<p><img loading=\"lazy\" decoding=\"async\" src=\"http:\/\/www.canalboating.cz\/wp-content\/uploads\/2012\/04\/jezera04.jpg\" alt=\"\" title=\"jezera04\" width=\"560\" height=\"292\" class=\"aligncenter size-full wp-image-2262\" srcset=\"https:\/\/www.canalboating.cz\/wp-content\/uploads\/2012\/04\/jezera04.jpg 560w, https:\/\/www.canalboating.cz\/wp-content\/uploads\/2012\/04\/jezera04-300x156.jpg 300w\" sizes=\"auto, (max-width: 560px) 100vw, 560px\" \/><\/p>\n<p style=\"text-align: justify;\">Und so warten wir vor weiterer Schleuse, bis wir an der Reihe sind ( die Wartepl\u00e4tze sind ganz gut nicht nur f\u00fcr die Kinder, sondern auch f\u00fcr die Hunde) \u2026<\/p>\n<p><img loading=\"lazy\" decoding=\"async\" src=\"http:\/\/www.canalboating.cz\/wp-content\/uploads\/2012\/04\/jezera05.jpg\" alt=\"\" title=\"jezera05\" width=\"560\" height=\"314\" class=\"aligncenter size-full wp-image-2263\" srcset=\"https:\/\/www.canalboating.cz\/wp-content\/uploads\/2012\/04\/jezera05.jpg 560w, https:\/\/www.canalboating.cz\/wp-content\/uploads\/2012\/04\/jezera05-300x168.jpg 300w\" sizes=\"auto, (max-width: 560px) 100vw, 560px\" \/><\/p>\n<p style=\"text-align: justify;\">\u2026 denn die Kajakem m\u00fcssen zuerst die Kammer und die Fahrrinne freigeben \u2013 die wir w\u00e4hrend unserer Schifffahrt wirklich viel getroffen haben, hier ist es sehr popul\u00e4r Lieblingsaktivit\u00e4t &#8211; \u2026<\/p>\n<p><img loading=\"lazy\" decoding=\"async\" src=\"http:\/\/www.canalboating.cz\/wp-content\/uploads\/2012\/04\/jezera06.jpg\" alt=\"\" title=\"jezera06\" width=\"560\" height=\"278\" class=\"aligncenter size-full wp-image-2264\" srcset=\"https:\/\/www.canalboating.cz\/wp-content\/uploads\/2012\/04\/jezera06.jpg 560w, https:\/\/www.canalboating.cz\/wp-content\/uploads\/2012\/04\/jezera06-300x148.jpg 300w\" sizes=\"auto, (max-width: 560px) 100vw, 560px\" \/><\/p>\n<p style=\"text-align: justify;\">\u2026 und dann aus der Weit der Ausflugsdampfer hupt und will die Vorfahrt \u2026 die ihm selbsverst\u00e4ndlich gegeben wird \u2026<\/p>\n<p><img loading=\"lazy\" decoding=\"async\" src=\"http:\/\/www.canalboating.cz\/wp-content\/uploads\/2012\/04\/jezera07.jpg\" alt=\"\" title=\"jezera07\" width=\"560\" height=\"296\" class=\"aligncenter size-full wp-image-2265\" srcset=\"https:\/\/www.canalboating.cz\/wp-content\/uploads\/2012\/04\/jezera07.jpg 560w, https:\/\/www.canalboating.cz\/wp-content\/uploads\/2012\/04\/jezera07-300x158.jpg 300w\" sizes=\"auto, (max-width: 560px) 100vw, 560px\" \/><\/p>\n<p style=\"text-align: justify;\">\u2026 und schlie\u00dflich wurde Schleuse Canow auch f\u00fcr uns ge\u00f6ffnet. Dei Schleusen in Mecklenburg werden von Schleusenw\u00e4rtern bedient und die Schleusung wird keine Probleme gemacht. Einziges Problem ist immer in die Kammer &#8211; m\u00f6glichst am meisten der Boote zu sto\u00dfen, damit keine Stau entstehet.<\/p>\n<p><img loading=\"lazy\" decoding=\"async\" src=\"http:\/\/www.canalboating.cz\/wp-content\/uploads\/2012\/04\/jezera08.jpg\" alt=\"\" title=\"jezera08\" width=\"560\" height=\"303\" class=\"aligncenter size-full wp-image-2266\" srcset=\"https:\/\/www.canalboating.cz\/wp-content\/uploads\/2012\/04\/jezera08.jpg 560w, https:\/\/www.canalboating.cz\/wp-content\/uploads\/2012\/04\/jezera08-300x162.jpg 300w\" sizes=\"auto, (max-width: 560px) 100vw, 560px\" \/><\/p>\n<p style=\"text-align: justify;\">Etwa zwanzig Schleusen wurde von uns w\u00e4hrend folgenden Tagen durchgefahren. Die Schifffahrt ist durch Kan\u00e4le verlaufen, die mit den Seen die Wasserstra\u00dfe bilden \u2026<\/p>\n<p><img loading=\"lazy\" decoding=\"async\" src=\"http:\/\/www.canalboating.cz\/wp-content\/uploads\/2012\/04\/jezera09.jpg\" alt=\"\" title=\"jezera09\" width=\"560\" height=\"296\" class=\"aligncenter size-full wp-image-2267\" srcset=\"https:\/\/www.canalboating.cz\/wp-content\/uploads\/2012\/04\/jezera09.jpg 560w, https:\/\/www.canalboating.cz\/wp-content\/uploads\/2012\/04\/jezera09-300x158.jpg 300w\" sizes=\"auto, (max-width: 560px) 100vw, 560px\" \/><\/p>\n<p style=\"text-align: justify;\">\u2026 und dann gerade durch diese Seen \u2026 Was angenehmer ist, was gr\u00f6\u00dfer Erlebniss bringt, dass muss jeder allein versuchen. Ich: \u201ehalb und halb \u2026\u201c.<\/p>\n<p><img loading=\"lazy\" decoding=\"async\" src=\"http:\/\/www.canalboating.cz\/wp-content\/uploads\/2012\/04\/jezera10.jpg\" alt=\"\" title=\"jezera10\" width=\"560\" height=\"298\" class=\"aligncenter size-full wp-image-2268\" srcset=\"https:\/\/www.canalboating.cz\/wp-content\/uploads\/2012\/04\/jezera10.jpg 560w, https:\/\/www.canalboating.cz\/wp-content\/uploads\/2012\/04\/jezera10-300x159.jpg 300w\" sizes=\"auto, (max-width: 560px) 100vw, 560px\" \/><\/p>\n<p style=\"text-align: justify;\">In Mecklenburg war Sport- und Urlaubsleben herum dem Wasser immer lebhaft. Auf vielen Stellen entlang den Kan\u00e4len und auf den Seeufern sehen Sie vielreiche Kolonie der H\u00e4uschen und Schiffgaragen.<\/p>\n<p><img loading=\"lazy\" decoding=\"async\" src=\"http:\/\/www.canalboating.cz\/wp-content\/uploads\/2012\/04\/jezera11.jpg\" alt=\"\" title=\"jezera11\" width=\"560\" height=\"353\" class=\"aligncenter size-full wp-image-2269\" srcset=\"https:\/\/www.canalboating.cz\/wp-content\/uploads\/2012\/04\/jezera11.jpg 560w, https:\/\/www.canalboating.cz\/wp-content\/uploads\/2012\/04\/jezera11-300x189.jpg 300w\" sizes=\"auto, (max-width: 560px) 100vw, 560px\" \/><\/p>\n<p style=\"text-align: justify;\">Der neueste \u201eSchlager\u201c \u2013 nicht nur in Deutschland \u2013 sind neu gebautete sportliche Urlaubskomplexe: moderne Marine, die nicht nur Ankerstelle f\u00fcr Boote, sondern auch die Weekendwohnungen zur Vermietung anbieten \u2026 zum Beispiel Marina Hafendorf Rheinsberg. Nur Zeit zeigt, ob das der Schritt in die richtige Richtung ist.<\/p>\n<p><img loading=\"lazy\" decoding=\"async\" src=\"http:\/\/www.canalboating.cz\/wp-content\/uploads\/2012\/04\/jezera12.jpg\" alt=\"\" title=\"jezera12\" width=\"560\" height=\"322\" class=\"aligncenter size-full wp-image-2270\" srcset=\"https:\/\/www.canalboating.cz\/wp-content\/uploads\/2012\/04\/jezera12.jpg 560w, https:\/\/www.canalboating.cz\/wp-content\/uploads\/2012\/04\/jezera12-300x172.jpg 300w\" sizes=\"auto, (max-width: 560px) 100vw, 560px\" \/><\/p>\n<p style=\"text-align: justify;\">Ein Paar Stunden vor dem Ende unserer Schifffahrt hat Wetter zu veschlechtern begonnen \u2026 frischer Wind, kalter Regen \u2026 aber auf dem Schiff sollte man alles erkennen.<\/p>\n<p><img loading=\"lazy\" decoding=\"async\" src=\"http:\/\/www.canalboating.cz\/wp-content\/uploads\/2012\/04\/jezera13.gif\" alt=\"\" title=\"jezera13\" width=\"497\" height=\"242\" class=\"aligncenter size-full wp-image-2271\" srcset=\"https:\/\/www.canalboating.cz\/wp-content\/uploads\/2012\/04\/jezera13.gif 497w, https:\/\/www.canalboating.cz\/wp-content\/uploads\/2012\/04\/jezera13-300x146.gif 300w\" sizes=\"auto, (max-width: 497px) 100vw, 497px\" \/><\/p>\n<p style=\"text-align: justify;\">In vier Tage haben wir die Strecke: Hafendorf M\u00fcritz, Rechlin, Rheinsberg, Neustrelitz und zur\u00fcck nach M\u00fcritz absolviert, zusammen 150 km. Wie die Karte zeigt, haben wir vorallem die Nebenwasserwege benutzt, die in die sehr sch\u00f6nen und interessanten Stellen und St\u00e4dten f\u00fchren.<\/p>\n<p>&nbsp;<\/p>\n<p style=\"text-align: justify;\"><strong><em>Ich kann best\u00e4tigen, da\u00df dieses Gebiet sehr atraktiv ist: es gibt viele M\u00f6glichkeiten f\u00fcr Schifffahrt, Vermietung der Booten und die Ankerung. Und f\u00fcr Schiffbeginner ist es ganz perfekt.<\/em><\/strong><\/p>\n<p>&nbsp;<\/p>\n<p style=\"text-align: justify;\"><strong>August 2007<\/strong><\/p>\n<p style=\"text-align: justify;\"><strong>Charter: <a href=\"http:\/\/www.kuhnle-tours.de\/\">www.kuhnle-tours.de<\/a><\/strong><\/p>\n<p><\/p>","protected":false},"excerpt":{"rendered":"<p>Ende des Sommers in Mecklenburg Sonniger Himmel, von Zeit zu Zeit mit den niedrig geh\u00e4ngten Wolken, m\u00e4\u00dfiger frischer Wind, kalte Morgen des Sp\u00e4tsommers \u2013 das ist ein bi\u00dfchen dramatische Kulise der unendlichen Wasserspiegel der Seen und der Kan\u00e4le in Mecklenburg gewesen. Kan\u00e4le und Seen bilden sehr interessante System der Wasserwege &#8230;<\/p>\n","protected":false},"author":1,"featured_media":0,"parent":124,"menu_order":30,"comment_status":"closed","ping_status":"closed","template":"","meta":{"footnotes":""},"class_list":["post-250","page","type-page","status-publish","hentry"],"_links":{"self":[{"href":"https:\/\/www.canalboating.cz\/de\/wp-json\/wp\/v2\/pages\/250","targetHints":{"allow":["GET"]}}],"collection":[{"href":"https:\/\/www.canalboating.cz\/de\/wp-json\/wp\/v2\/pages"}],"about":[{"href":"https:\/\/www.canalboating.cz\/de\/wp-json\/wp\/v2\/types\/page"}],"author":[{"embeddable":true,"href":"https:\/\/www.canalboating.cz\/de\/wp-json\/wp\/v2\/users\/1"}],"replies":[{"embeddable":true,"href":"https:\/\/www.canalboating.cz\/de\/wp-json\/wp\/v2\/comments?post=250"}],"version-history":[{"count":34,"href":"https:\/\/www.canalboating.cz\/de\/wp-json\/wp\/v2\/pages\/250\/revisions"}],"predecessor-version":[{"id":2833,"href":"https:\/\/www.canalboating.cz\/de\/wp-json\/wp\/v2\/pages\/250\/revisions\/2833"}],"up":[{"embeddable":true,"href":"https:\/\/www.canalboating.cz\/de\/wp-json\/wp\/v2\/pages\/124"}],"wp:attachment":[{"href":"https:\/\/www.canalboating.cz\/de\/wp-json\/wp\/v2\/media?parent=250"}],"curies":[{"name":"wp","href":"https:\/\/api.w.org\/{rel}","templated":true}]}}