{"id":248,"date":"2012-04-18T10:19:18","date_gmt":"2012-04-18T09:19:18","guid":{"rendered":"http:\/\/www.canalboating.cz\/?page_id=248"},"modified":"2014-10-12T11:10:23","modified_gmt":"2014-10-12T10:10:23","slug":"chorvatsko-2008","status":"publish","type":"page","link":"https:\/\/www.canalboating.cz\/de\/cestopisy\/chorvatsko-2008\/","title":{"rendered":"Kroatien 2008"},"content":{"rendered":"<p><\/p>\n<h1>Vom Kanal in einem Satz ans Meer<\/h1>\n<p style=\"text-align: justify;\"><strong><em>Anfang Juni bereiten wir uns auf die den engen englischen Kanal vor. Ja warum sich im April ein bisschen den Kontrast g\u00f6nnen des Blickes auf eine ausgedehnte Meeresoberfl\u00e4che g\u00f6nnen und die Ruhe kennen lernen, die auf einer nur vom Wind angetriebenen Jacht herrscht. Die Schifffahrtsregion waren die wieder die Cornat \u2013 Inseln. Etwas hat uns \u00fcberhaupt nicht gest\u00f6rt \u2013 weder f\u00fcr viele weitere Schiffe ist es nicht restlos m\u00f6glich, den Zauber der gro\u00dfen Menge der Inselecken zu kosten, Buchten und H\u00e4fen, erforschen der historischen Zusammenh\u00e4nge des gesamten Cornat Ph\u00e4nomens.<\/em><\/strong><\/p>\n<p>&nbsp;<\/p>\n<p style=\"text-align: justify;\"><a href=\"http:\/\/www.canalboating.cz\/wp-content\/uploads\/2012\/04\/jadr01v.jpg\"><img loading=\"lazy\" decoding=\"async\" src=\"http:\/\/www.canalboating.cz\/wp-content\/uploads\/2012\/04\/jadr01v-150x150.jpg\" alt=\"\" title=\"jadr01v\" width=\"150\" height=\"150\" class=\"alignleft size-thumbnail wp-image-2277\" srcset=\"https:\/\/www.canalboating.cz\/wp-content\/uploads\/2012\/04\/jadr01v-150x150.jpg 150w, https:\/\/www.canalboating.cz\/wp-content\/uploads\/2012\/04\/jadr01v-100x100.jpg 100w\" sizes=\"auto, (max-width: 150px) 100vw, 150px\" \/><\/a>1. Marine Tankerkommerz in Zadar, wo unsere Schifffahrt zu den Cornets und Umgebung beginnt. In dieser Marine sitzen viele Charterfirmen \u2013 unsere war Ecos Yachting und wir hatten noch Bavaria 36 zur Verf\u00fcgung<\/p>\n<p>&nbsp;<br \/>\n&nbsp;<br \/>\n&nbsp;<br \/>\n&nbsp;<br \/>\n&nbsp;<\/p>\n<p style=\"text-align: justify;\"><a href=\"http:\/\/www.canalboating.cz\/wp-content\/uploads\/2012\/04\/jadr02v.jpg\"><img loading=\"lazy\" decoding=\"async\" src=\"http:\/\/www.canalboating.cz\/wp-content\/uploads\/2012\/04\/jadr02v-150x150.jpg\" alt=\"\" title=\"jadr02v\" width=\"150\" height=\"150\" class=\"alignleft size-thumbnail wp-image-2278\" srcset=\"https:\/\/www.canalboating.cz\/wp-content\/uploads\/2012\/04\/jadr02v-150x150.jpg 150w, https:\/\/www.canalboating.cz\/wp-content\/uploads\/2012\/04\/jadr02v-100x100.jpg 100w\" sizes=\"auto, (max-width: 150px) 100vw, 150px\" \/><\/a>2. Vor dem Auslaufen aus Zadar sollte man keinesfalls eine Besichtigung des alten Teils der Stadt auf der Halbinsel vers\u00e4umen: der alte Hafen vor dem \u201eirdischen Tor\u201c und die restlichen Sehensw\u00fcrdigkeiten kann man auf einem abendlichen Spaziergang sehen.<\/p>\n<p>&nbsp;<br \/>\n&nbsp;<br \/>\n&nbsp;<br \/>\n&nbsp;<br \/>\n&nbsp;<\/p>\n<p style=\"text-align: justify;\"><a href=\"http:\/\/www.canalboating.cz\/wp-content\/uploads\/2012\/04\/jadr03v.jpg\"><img loading=\"lazy\" decoding=\"async\" src=\"http:\/\/www.canalboating.cz\/wp-content\/uploads\/2012\/04\/jadr03v-150x150.jpg\" alt=\"\" title=\"jadr03v\" width=\"150\" height=\"150\" class=\"alignleft size-thumbnail wp-image-2279\" srcset=\"https:\/\/www.canalboating.cz\/wp-content\/uploads\/2012\/04\/jadr03v-150x150.jpg 150w, https:\/\/www.canalboating.cz\/wp-content\/uploads\/2012\/04\/jadr03v-100x100.jpg 100w\" sizes=\"auto, (max-width: 150px) 100vw, 150px\" \/><\/a>3. Das Ziel unserer ersten Schifffahrt? Aber nur die \u00f6rtlichen, wollen wir auch nicht auslassen \u2013 das alte Frack eines Handelsschiffes bei der Insel Lagnac eng am n\u00f6rdlichen Rand der Insel Duki Otok. Die Sandbank, die ihr Schicksal war, ist sehr zum ankern geeignet.<\/p>\n<p>&nbsp;<br \/>\n&nbsp;<br \/>\n&nbsp;<br \/>\n&nbsp;<br \/>\n&nbsp;<\/p>\n<p style=\"text-align: justify;\"><a href=\"http:\/\/www.canalboating.cz\/wp-content\/uploads\/2012\/04\/jadr04v.jpg\"><img loading=\"lazy\" decoding=\"async\" src=\"http:\/\/www.canalboating.cz\/wp-content\/uploads\/2012\/04\/jadr04v-150x150.jpg\" alt=\"\" title=\"jadr04v\" width=\"150\" height=\"150\" class=\"alignleft size-thumbnail wp-image-2280\" srcset=\"https:\/\/www.canalboating.cz\/wp-content\/uploads\/2012\/04\/jadr04v-150x150.jpg 150w, https:\/\/www.canalboating.cz\/wp-content\/uploads\/2012\/04\/jadr04v-100x100.jpg 100w\" sizes=\"auto, (max-width: 150px) 100vw, 150px\" \/><\/a>4. Die Bucht \u201eTelascica\u201c: Nie sind wir entt\u00e4uscht von der Sch\u00f6nheit ihrer Natur und die Menge der Ankerpl\u00e4tze. Nur die \u00f6rtlichen W\u00e4chter des Naturparks erwirken oft einen ungeheuerlich hohen Eintrittspreis nur um lediglich Zugang zu den ausgedehnten Buchten zu haben.<\/p>\n<p>&nbsp;<br \/>\n&nbsp;<br \/>\n&nbsp;<br \/>\n&nbsp;<br \/>\n&nbsp;<\/p>\n<p style=\"text-align: justify;\"><a href=\"http:\/\/www.canalboating.cz\/wp-content\/uploads\/2012\/04\/jadr05v.jpg\"><img loading=\"lazy\" decoding=\"async\" src=\"http:\/\/www.canalboating.cz\/wp-content\/uploads\/2012\/04\/jadr05v-150x150.jpg\" alt=\"\" title=\"jadr05v\" width=\"150\" height=\"150\" class=\"alignleft size-thumbnail wp-image-2281\" srcset=\"https:\/\/www.canalboating.cz\/wp-content\/uploads\/2012\/04\/jadr05v-150x150.jpg 150w, https:\/\/www.canalboating.cz\/wp-content\/uploads\/2012\/04\/jadr05v-100x100.jpg 100w\" sizes=\"auto, (max-width: 150px) 100vw, 150px\" \/><\/a>5. Vor der \u00dcberfahrt von Telascice nach Zlarina trafen wir im Cornat \u2013 Kanal die angestrengt k\u00e4mpfende Mannschaft der Jacht \u201eMajove Regate 2008\u201c, eine ordentliche Jacht aus dem Jachtclub Prag. Bis auf den m\u00e4\u00dfigen Hintermann k\u00e4mpften sie mit voller Kraft &#8230;<\/p>\n<p>&nbsp;<br \/>\n&nbsp;<br \/>\n&nbsp;<br \/>\n&nbsp;<br \/>\n&nbsp;<\/p>\n<p style=\"text-align: justify;\"><a href=\"http:\/\/www.canalboating.cz\/wp-content\/uploads\/2012\/04\/jadr06v.jpg\"><img loading=\"lazy\" decoding=\"async\" src=\"http:\/\/www.canalboating.cz\/wp-content\/uploads\/2012\/04\/jadr06v-150x150.jpg\" alt=\"\" title=\"jadr06v\" width=\"150\" height=\"150\" class=\"alignleft size-thumbnail wp-image-2282\" srcset=\"https:\/\/www.canalboating.cz\/wp-content\/uploads\/2012\/04\/jadr06v-150x150.jpg 150w, https:\/\/www.canalboating.cz\/wp-content\/uploads\/2012\/04\/jadr06v-100x100.jpg 100w\" sizes=\"auto, (max-width: 150px) 100vw, 150px\" \/><\/a>6. Die Insel Obrucan best\u00e4tigt nur, dass der Name Cornat \u2013 gekr\u00f6nte Inseln \u2013 nicht durch Zufall entstanden ist. Es sch\u00fctzt seine Kronen vernichtet und trotzt den Angriffen vom offenen Meer.<\/p>\n<p>&nbsp;<br \/>\n&nbsp;<br \/>\n&nbsp;<br \/>\n&nbsp;<br \/>\n&nbsp;<br \/>\n&nbsp;<\/p>\n<p style=\"text-align: justify;\"><a href=\"http:\/\/www.canalboating.cz\/wp-content\/uploads\/2012\/04\/jadr07v.jpg\"><img loading=\"lazy\" decoding=\"async\" src=\"http:\/\/www.canalboating.cz\/wp-content\/uploads\/2012\/04\/jadr07v-150x150.jpg\" alt=\"\" title=\"jadr07v\" width=\"150\" height=\"150\" class=\"alignleft size-thumbnail wp-image-2283\" srcset=\"https:\/\/www.canalboating.cz\/wp-content\/uploads\/2012\/04\/jadr07v-150x150.jpg 150w, https:\/\/www.canalboating.cz\/wp-content\/uploads\/2012\/04\/jadr07v-100x100.jpg 100w\" sizes=\"auto, (max-width: 150px) 100vw, 150px\" \/><\/a>7. Die Insel Mana mit ihren Ruinen, die jedoch nur lauter \u00dcberreste von Filmkulissen aus dem Jahre 1959 sind. Trotzdem locken diese Kulissen, Anker zu setzen und auf den Scheitel der Insel zu steigen. Der Ausblick auf das Labyrinth von Inseln und Inselchen lohnt eine solche Anstrengung auf dem Festland.<\/p>\n<p>&nbsp;<br \/>\n&nbsp;<br \/>\n&nbsp;<br \/>\n&nbsp;<\/p>\n<p style=\"text-align: justify;\"><a href=\"http:\/\/www.canalboating.cz\/wp-content\/uploads\/2012\/04\/jadr08v.jpg\"><img loading=\"lazy\" decoding=\"async\" src=\"http:\/\/www.canalboating.cz\/wp-content\/uploads\/2012\/04\/jadr08v-150x150.jpg\" alt=\"\" title=\"jadr08v\" width=\"150\" height=\"150\" class=\"alignleft size-thumbnail wp-image-2284\" srcset=\"https:\/\/www.canalboating.cz\/wp-content\/uploads\/2012\/04\/jadr08v-150x150.jpg 150w, https:\/\/www.canalboating.cz\/wp-content\/uploads\/2012\/04\/jadr08v-100x100.jpg 100w\" sizes=\"auto, (max-width: 150px) 100vw, 150px\" \/><\/a>8. Eine n\u00e4chtliche Bootsfahrt l\u00e4sst sich ziemlich schwierig fotografieren&#8230;.aber bei ihr hat man die intensivsten Erlebnisse. Unter dem Mantel der zu dunklen \u201eadrianischen\u201c N\u00e4chte verwirklichten wir drei \u201eN\u00e4chtlein\u201c und trainierten n\u00e4chtliche Navigation.<\/p>\n<p>&nbsp;<br \/>\n&nbsp;<br \/>\n&nbsp;<br \/>\n&nbsp;<br \/>\n&nbsp;<\/p>\n<p style=\"text-align: justify;\"><a href=\"http:\/\/www.canalboating.cz\/wp-content\/uploads\/2012\/04\/jadr09v.jpg\"><img loading=\"lazy\" decoding=\"async\" src=\"http:\/\/www.canalboating.cz\/wp-content\/uploads\/2012\/04\/jadr09v-150x150.jpg\" alt=\"\" title=\"jadr09v\" width=\"150\" height=\"150\" class=\"alignleft size-thumbnail wp-image-2285\" srcset=\"https:\/\/www.canalboating.cz\/wp-content\/uploads\/2012\/04\/jadr09v-150x150.jpg 150w, https:\/\/www.canalboating.cz\/wp-content\/uploads\/2012\/04\/jadr09v-100x100.jpg 100w\" sizes=\"auto, (max-width: 150px) 100vw, 150px\" \/><\/a>9. Das Einlaufen in die \u201eGalgenlagune\u201c durch den Kanal der Heiligen Antje ist ziemlich imposant. Hier beginnt sich das Salzwasser mit dem S\u00fc\u00dfwasser, dass aus dem Fluss Krk kommt, zu vermischen. Hier ist wirklich viel los. Wer nicht wollte, dass das Ganze hier schon endet, kann das alterw\u00fcrdige Sibenik besuchen.<\/p>\n<p>&nbsp;<br \/>\n&nbsp;<br \/>\n&nbsp;<br \/>\n&nbsp;<\/p>\n<p style=\"text-align: justify;\"><a href=\"http:\/\/www.canalboating.cz\/wp-content\/uploads\/2012\/04\/jadr10v.jpg\"><img loading=\"lazy\" decoding=\"async\" src=\"http:\/\/www.canalboating.cz\/wp-content\/uploads\/2012\/04\/jadr10v-150x150.jpg\" alt=\"\" title=\"jadr10v\" width=\"150\" height=\"150\" class=\"alignleft size-thumbnail wp-image-2286\" srcset=\"https:\/\/www.canalboating.cz\/wp-content\/uploads\/2012\/04\/jadr10v-150x150.jpg 150w, https:\/\/www.canalboating.cz\/wp-content\/uploads\/2012\/04\/jadr10v-100x100.jpg 100w\" sizes=\"auto, (max-width: 150px) 100vw, 150px\" \/><\/a>10. Und Sibenik lohnt sich wirklich \u2013 auch vom Wasser aus, wie es durchflochten ist von kleinen, engen und emporlaufenden Gassen. Da wurde uns die Zeit k\u00fcrzer, in der der zweite Teil der Besatzung intensiv die \u201eArbeit an Bord\u201c beim Einlaufen an die Mole \u00fcbte.<\/p>\n<p>&nbsp;<br \/>\n&nbsp;<br \/>\n&nbsp;<br \/>\n&nbsp;<br \/>\n&nbsp;<\/p>\n<p style=\"text-align: justify;\"><a href=\"http:\/\/www.canalboating.cz\/wp-content\/uploads\/2012\/04\/jadr11v.jpg\"><img loading=\"lazy\" decoding=\"async\" src=\"http:\/\/www.canalboating.cz\/wp-content\/uploads\/2012\/04\/jadr11v-150x150.jpg\" alt=\"\" title=\"jadr11v\" width=\"150\" height=\"150\" class=\"alignleft size-thumbnail wp-image-2287\" srcset=\"https:\/\/www.canalboating.cz\/wp-content\/uploads\/2012\/04\/jadr11v-150x150.jpg 150w, https:\/\/www.canalboating.cz\/wp-content\/uploads\/2012\/04\/jadr11v-100x100.jpg 100w\" sizes=\"auto, (max-width: 150px) 100vw, 150px\" \/><\/a>11. Die Adepten des Kapit\u00e4nskurses (Habe ich bisher etwas nicht erz\u00e4hlt, dass das Hauptziel der Mehrheit der Besatzung das Ablegen der Kapit\u00e4nspr\u00fcfung war?) trainieren das Anlegen an der Mole. Die Aufgabe hie\u00df, zwischen den Jachten zweier Mitglieder durchzufahren und keine Kratzer zu machen.<\/p>\n<p>&nbsp;<br \/>\n&nbsp;<br \/>\n&nbsp;<br \/>\n&nbsp;<\/p>\n<p style=\"text-align: justify;\"><a href=\"http:\/\/www.canalboating.cz\/wp-content\/uploads\/2012\/04\/jadr12v.jpg\"><img loading=\"lazy\" decoding=\"async\" src=\"http:\/\/www.canalboating.cz\/wp-content\/uploads\/2012\/04\/jadr12v-150x150.jpg\" alt=\"\" title=\"jadr12v\" width=\"150\" height=\"150\" class=\"alignleft size-thumbnail wp-image-2288\" srcset=\"https:\/\/www.canalboating.cz\/wp-content\/uploads\/2012\/04\/jadr12v-150x150.jpg 150w, https:\/\/www.canalboating.cz\/wp-content\/uploads\/2012\/04\/jadr12v-100x100.jpg 100w\" sizes=\"auto, (max-width: 150px) 100vw, 150px\" \/><\/a>Kleiner Test: Was macht der Kapit\u00e4n?<br \/>\na)Er h\u00e4lt nach Zielen f\u00fcr weitere Bootsfahrten Ausschau;<br \/>\nb) Er m\u00f6chte eine bessere \u00dcbersicht \u00fcber das Boot haben;<br \/>\nc) Er floh vor der ruchlosen Mannschaft;<br \/>\nd) Er b\u00fc\u00dft die Strafen f\u00fcr die Tyrannei der Mannschaft<\/p>\n<p>&nbsp;<br \/>\n&nbsp;<br \/>\n&nbsp;<\/p>\n<p style=\"text-align: justify;\"><a href=\"http:\/\/www.canalboating.cz\/wp-content\/uploads\/2012\/04\/jadr13v.jpg\"><img loading=\"lazy\" decoding=\"async\" src=\"http:\/\/www.canalboating.cz\/wp-content\/uploads\/2012\/04\/jadr13v-150x150.jpg\" alt=\"\" title=\"jadr13v\" width=\"150\" height=\"150\" class=\"alignleft size-thumbnail wp-image-2289\" srcset=\"https:\/\/www.canalboating.cz\/wp-content\/uploads\/2012\/04\/jadr13v-150x150.jpg 150w, https:\/\/www.canalboating.cz\/wp-content\/uploads\/2012\/04\/jadr13v-100x100.jpg 100w\" sizes=\"auto, (max-width: 150px) 100vw, 150px\" \/><\/a>13. Auf dem Fluss kann man nicht weiterfahren, ein St\u00fcck hinter den Skradin sind bekannten Wasserf\u00e4lle. Aber als Ankerplatz f\u00fcr eine \u00dcbernachtung ist dieser Platz hervorragend.<\/p>\n<p>&nbsp;<br \/>\n&nbsp;<br \/>\n&nbsp;<br \/>\n&nbsp;<br \/>\n&nbsp;<br \/>\n&nbsp;<\/p>\n<p style=\"text-align: justify;\"><a href=\"http:\/\/www.canalboating.cz\/wp-content\/uploads\/2012\/04\/jadr14v.jpg\"><img loading=\"lazy\" decoding=\"async\" src=\"http:\/\/www.canalboating.cz\/wp-content\/uploads\/2012\/04\/jadr14v-150x150.jpg\" alt=\"\" title=\"jadr14v\" width=\"150\" height=\"150\" class=\"alignleft size-thumbnail wp-image-2290\" srcset=\"https:\/\/www.canalboating.cz\/wp-content\/uploads\/2012\/04\/jadr14v-150x150.jpg 150w, https:\/\/www.canalboating.cz\/wp-content\/uploads\/2012\/04\/jadr14v-100x100.jpg 100w\" sizes=\"auto, (max-width: 150px) 100vw, 150px\" \/><\/a>14. Als die erste Mannschaft \u2013 Roman, Martin, Lida, Katka, Honza, Mirek, Jakub (a Pepik) von Bord geht, ist der Erfolg der Fahrt schon garantiert<\/p>\n<p>&nbsp;<br \/>\n&nbsp;<br \/>\n&nbsp;<br \/>\n&nbsp;<br \/>\n&nbsp;<br \/>\n&nbsp;<\/p>\n<p style=\"text-align: justify;\"><a href=\"http:\/\/www.canalboating.cz\/wp-content\/uploads\/2012\/04\/jadr15v.jpg\"><img loading=\"lazy\" decoding=\"async\" src=\"http:\/\/www.canalboating.cz\/wp-content\/uploads\/2012\/04\/jadr15v-150x150.jpg\" alt=\"\" title=\"jadr15v\" width=\"150\" height=\"150\" class=\"alignleft size-thumbnail wp-image-2291\" srcset=\"https:\/\/www.canalboating.cz\/wp-content\/uploads\/2012\/04\/jadr15v-150x150.jpg 150w, https:\/\/www.canalboating.cz\/wp-content\/uploads\/2012\/04\/jadr15v-100x100.jpg 100w\" sizes=\"auto, (max-width: 150px) 100vw, 150px\" \/><\/a>15. Einen Augenblick nach dem Sonnenuntergang kommt die Vorstellung einer weiteren Ausfahrt und das ist: Jachting<\/p>\n<p>&nbsp;<br \/>\n&nbsp;<br \/>\n&nbsp;<br \/>\n&nbsp;<br \/>\n&nbsp;<br \/>\n&nbsp;<br \/>\n&nbsp;<\/p>\n<p style=\"text-align: justify;\"><strong><em>In einer Woche haben wir die Strecke Zadar \u2013 Lagnac \u2013 Telscica \u2013 Zlarin &#8211; Sibenik \u2013 Skradin und zur\u00fcck nach Zadar durchfahren. Alle Anw\u00e4rter auf die Kapit\u00e4nspr\u00fcfung haben die Pr\u00fcfung bestanden.<br \/>\nAlso dann, Auf Wiedersehen auf dem Meer<\/em><\/strong><\/p>\n<p>&nbsp;<\/p>\n<p style=\"text-align: justify;\"><strong><em>PS: Diese kurze Fotoreportage zeige ich deshalb, damit rechtgl\u00e4ubige Binnenschiffer eine Inspiration finden und zeitweise auf das Meer ausbrechen, um neue Erfahrungen zu sammeln.<\/em><\/strong><\/p>\n<p>&nbsp;<\/p>\n<p style=\"text-align: justify;\"><strong>Mai 2008<\/strong><\/p>\n<p style=\"text-align: justify;\"><strong>Organisation der Jachtfahrten: <a href=\"http:\/\/www.yachtnet.cz\/\">YachtNet Praha<\/a><\/strong><\/p>\n<p><\/p>","protected":false},"excerpt":{"rendered":"<p>Vom Kanal in einem Satz ans Meer Anfang Juni bereiten wir uns auf die den engen englischen Kanal vor. Ja warum sich im April ein bisschen den Kontrast g\u00f6nnen des Blickes auf eine ausgedehnte Meeresoberfl\u00e4che g\u00f6nnen und die Ruhe kennen lernen, die auf einer nur vom Wind angetriebenen Jacht herrscht. &#8230;<\/p>\n","protected":false},"author":1,"featured_media":0,"parent":124,"menu_order":29,"comment_status":"closed","ping_status":"closed","template":"","meta":{"footnotes":""},"class_list":["post-248","page","type-page","status-publish","hentry"],"_links":{"self":[{"href":"https:\/\/www.canalboating.cz\/de\/wp-json\/wp\/v2\/pages\/248","targetHints":{"allow":["GET"]}}],"collection":[{"href":"https:\/\/www.canalboating.cz\/de\/wp-json\/wp\/v2\/pages"}],"about":[{"href":"https:\/\/www.canalboating.cz\/de\/wp-json\/wp\/v2\/types\/page"}],"author":[{"embeddable":true,"href":"https:\/\/www.canalboating.cz\/de\/wp-json\/wp\/v2\/users\/1"}],"replies":[{"embeddable":true,"href":"https:\/\/www.canalboating.cz\/de\/wp-json\/wp\/v2\/comments?post=248"}],"version-history":[{"count":48,"href":"https:\/\/www.canalboating.cz\/de\/wp-json\/wp\/v2\/pages\/248\/revisions"}],"predecessor-version":[{"id":2832,"href":"https:\/\/www.canalboating.cz\/de\/wp-json\/wp\/v2\/pages\/248\/revisions\/2832"}],"up":[{"embeddable":true,"href":"https:\/\/www.canalboating.cz\/de\/wp-json\/wp\/v2\/pages\/124"}],"wp:attachment":[{"href":"https:\/\/www.canalboating.cz\/de\/wp-json\/wp\/v2\/media?parent=248"}],"curies":[{"name":"wp","href":"https:\/\/api.w.org\/{rel}","templated":true}]}}