{"id":238,"date":"2012-04-18T10:16:30","date_gmt":"2012-04-18T09:16:30","guid":{"rendered":"http:\/\/www.canalboating.cz\/?page_id=238"},"modified":"2014-10-12T11:10:23","modified_gmt":"2014-10-12T10:10:23","slug":"nemecko-2009","status":"publish","type":"page","link":"https:\/\/www.canalboating.cz\/de\/cestopisy\/nemecko-2009\/","title":{"rendered":"Deutschland 2009"},"content":{"rendered":"<p><img loading=\"lazy\" decoding=\"async\" src=\"http:\/\/www.canalboating.cz\/wp-content\/uploads\/2012\/04\/n0d.jpg\" alt=\"\" title=\"n0d\" width=\"560\" height=\"145\" class=\"aligncenter size-full wp-image-2362\" srcset=\"https:\/\/www.canalboating.cz\/wp-content\/uploads\/2012\/04\/n0d.jpg 560w, https:\/\/www.canalboating.cz\/wp-content\/uploads\/2012\/04\/n0d-300x77.jpg 300w\" sizes=\"auto, (max-width: 560px) 100vw, 560px\" \/><\/p>\n<p style=\"text-align: justify;\"><strong><em>Die flache Landschaft zwischen Berlin und Elbe ist mit einem dichten Netz von Wasserwegen durchzogen: Kan\u00e4le, Seen, schiffbare Fl\u00fcsse. Sie bieten unersch\u00f6pfliche M\u00f6glichkeiten zum Ankern in Marinen oder auch in freier Natur. Wir haben uns entschlossen, von unserem Ausgangspunkt in Brandenburg aus haupts\u00e4chlich den Teil der Fl\u00fcsse Elbe und Havel kennen zu lernen, und wir haben dies keineswegs bereut.<\/em><\/strong><\/p>\n<p>&nbsp;<\/p>\n<h2>Montag: Der Elbe-Havel-Kanal am Nachmittag<\/h2>\n<p style=\"text-align: justify;\">Von der Marina Schoners Wehr sind wir erst um vier Uhr Nachmittag abgefahren. Die \u00dcbergabe des Bootes verlief sehr entgegenkommend und das Boot war gut vorbereitet. Am meisten jedoch erfreute uns die g\u00fcnstige Wettervorhersage f\u00fcr die kommende Woche. Unmittelbar nach der Ausfahrt aus dem seitlichen Flussarm der Havel erwartete uns die erste gro\u00dfe Schleuse Brandenburg. Wir konnten gleich die \u201eT\u00e4tigkeiten ein\u00fcben\u201c, die zur Durchfahrt von Schleusen in diesem Gebiet erforderlich sind. Etwa 50 m vor jeder Schleuse befindet sich eine Anlegestelle f\u00fcr Sportboote mit \u201eHaustelefon\u201c zur Kammer, durch das die Besatzung mit der Bedienung den Termin der Durchfahrt abmacht. Obwohl wir nur etwa 12 km die Havel und 18 km den Elbe-Havel-Kanal entlang geplant hatten, verursachte die Durchfahrt weiterer zweier Schleusen doch, dass wir in den neuen Sportboothafen Gentin erst nach acht Uhr abends hungrig anlangten.<\/p>\n\n\t\t<div id='gallery-8' class='gallery galleryid-238 gallery-columns-3 gallery-size-thumbnail gallery-link-file'><figure class='gallery-item'>\n\t\t\t<span class='gallery-icon'>\n\t\t\t\t<a rel='attachment' href='https:\/\/www.canalboating.cz\/wp-content\/uploads\/2012\/04\/n1.jpg'><img loading=\"lazy\" decoding=\"async\" width=\"150\" height=\"150\" src=\"https:\/\/www.canalboating.cz\/wp-content\/uploads\/2012\/04\/n1-150x150.jpg\" class=\"attachment-thumbnail size-thumbnail\" alt=\"\" srcset=\"https:\/\/www.canalboating.cz\/wp-content\/uploads\/2012\/04\/n1-150x150.jpg 150w, https:\/\/www.canalboating.cz\/wp-content\/uploads\/2012\/04\/n1-100x100.jpg 100w\" sizes=\"auto, (max-width: 150px) 100vw, 150px\" \/><\/a>\n\t\t\t<\/span><\/figure><figure class='gallery-item'>\n\t\t\t<span class='gallery-icon'>\n\t\t\t\t<a rel='attachment' href='https:\/\/www.canalboating.cz\/wp-content\/uploads\/2012\/04\/n2.jpg'><img loading=\"lazy\" decoding=\"async\" width=\"150\" height=\"150\" src=\"https:\/\/www.canalboating.cz\/wp-content\/uploads\/2012\/04\/n2-150x150.jpg\" class=\"attachment-thumbnail size-thumbnail\" alt=\"\" srcset=\"https:\/\/www.canalboating.cz\/wp-content\/uploads\/2012\/04\/n2-150x150.jpg 150w, https:\/\/www.canalboating.cz\/wp-content\/uploads\/2012\/04\/n2-100x100.jpg 100w\" sizes=\"auto, (max-width: 150px) 100vw, 150px\" \/><\/a>\n\t\t\t<\/span><\/figure><figure class='gallery-item'>\n\t\t\t<span class='gallery-icon'>\n\t\t\t\t<a rel='attachment' href='https:\/\/www.canalboating.cz\/wp-content\/uploads\/2012\/04\/n3.jpg'><img loading=\"lazy\" decoding=\"async\" width=\"150\" height=\"150\" src=\"https:\/\/www.canalboating.cz\/wp-content\/uploads\/2012\/04\/n3-150x150.jpg\" class=\"attachment-thumbnail size-thumbnail\" alt=\"\" srcset=\"https:\/\/www.canalboating.cz\/wp-content\/uploads\/2012\/04\/n3-150x150.jpg 150w, https:\/\/www.canalboating.cz\/wp-content\/uploads\/2012\/04\/n3-100x100.jpg 100w\" sizes=\"auto, (max-width: 150px) 100vw, 150px\" \/><\/a>\n\t\t\t<\/span><\/figure><br style=\"clear: both\" \/>\n\t\t\t<div class='clear'><\/div>\n\t\t<\/div>\n\n<h2>Dienstag: Die Elbe-Wendelrutsche<\/h2>\n<p style=\"text-align: justify;\">Den Elbe-Havel-Kanal fuhren wir noch 12 km entlang. Dieser ist nach der unl\u00e4ngsten Fertigstellung des Riesenaqu\u00e4duktes \u00fcber die Elbe bei Magdeburg eine frequentierte Verbindung zwischen Berlin und dem Mittellandkanal. Am 351. Flusskilometer befindet sich eine kurze Kanalabbiegung in die Elbe. Dort lie\u00df uns die Schleuse Parey auf den flink flie\u00dfenden Fluss herunter. Zun\u00e4chst musste ich einem etwa einhundertf\u00fcnfzig Meter langen Frachter die Vorfahrt geben, aber dann nahmen wir schon eine Geschwindigkeit von 20 km\/h auf &#8211; 6 km Flussstrom und 14 km Schiffsmotor.<br \/>\nDie hiesige Elbe weist einen ganz anderen Charakter als z.B. die uns gut bekannte Elbe bei Kolin auf. Ihr schneller Strom ist auf den ersten Blick sichtbar, der Fluss ergie\u00dft sich h\u00e4ufig in seitliche Lagunen. Die Ufer sind flach, die umliegenden Wiesen und Weiden gehen bis ins Wasser \u00fcber, der Wasserstrom ist durch Hunderte Gras- oder Schuttausl\u00e4ufer in die Fahrrinne konzentriert. Die Fahrrinne verl\u00e4uft nicht im gesamten Flussprofil, sie ist relativ schmal und mit Bojen abgesteckt. Vor allem G\u00fcterschiffe mit gr\u00f6\u00dferem Tiefgang m\u00fcssen die Fahrrinne nach dem Prinzip &#8211; Naufahrt: \u201egr\u00fcn zu rot\u201c und \u201erot zu gr\u00fcn\u201c konsequent und genau einhalten. Nach 18 km Flusswendelrutsche legten wir in Tangerm\u00fcnde an. Die sch\u00f6ne Marina befindet sich am Ende eines ehemaligen G\u00fcterhafens, voll ausgestattet, mit der Kulisse der historischen Stadtmauern.<\/p>\n\n\t\t<div id='gallery-9' class='gallery galleryid-238 gallery-columns-3 gallery-size-thumbnail gallery-link-file'><figure class='gallery-item'>\n\t\t\t<span class='gallery-icon'>\n\t\t\t\t<a rel='attachment' href='https:\/\/www.canalboating.cz\/wp-content\/uploads\/2012\/04\/n4.jpg'><img loading=\"lazy\" decoding=\"async\" width=\"150\" height=\"150\" src=\"https:\/\/www.canalboating.cz\/wp-content\/uploads\/2012\/04\/n4-150x150.jpg\" class=\"attachment-thumbnail size-thumbnail\" alt=\"\" srcset=\"https:\/\/www.canalboating.cz\/wp-content\/uploads\/2012\/04\/n4-150x150.jpg 150w, https:\/\/www.canalboating.cz\/wp-content\/uploads\/2012\/04\/n4-100x100.jpg 100w\" sizes=\"auto, (max-width: 150px) 100vw, 150px\" \/><\/a>\n\t\t\t<\/span><\/figure><figure class='gallery-item'>\n\t\t\t<span class='gallery-icon'>\n\t\t\t\t<a rel='attachment' href='https:\/\/www.canalboating.cz\/wp-content\/uploads\/2012\/04\/n5.jpg'><img loading=\"lazy\" decoding=\"async\" width=\"150\" height=\"150\" src=\"https:\/\/www.canalboating.cz\/wp-content\/uploads\/2012\/04\/n5-150x150.jpg\" class=\"attachment-thumbnail size-thumbnail\" alt=\"\" srcset=\"https:\/\/www.canalboating.cz\/wp-content\/uploads\/2012\/04\/n5-150x150.jpg 150w, https:\/\/www.canalboating.cz\/wp-content\/uploads\/2012\/04\/n5-100x100.jpg 100w\" sizes=\"auto, (max-width: 150px) 100vw, 150px\" \/><\/a>\n\t\t\t<\/span><\/figure><figure class='gallery-item'>\n\t\t\t<span class='gallery-icon'>\n\t\t\t\t<a rel='attachment' href='https:\/\/www.canalboating.cz\/wp-content\/uploads\/2012\/04\/n6.jpg'><img loading=\"lazy\" decoding=\"async\" width=\"150\" height=\"150\" src=\"https:\/\/www.canalboating.cz\/wp-content\/uploads\/2012\/04\/n6-150x150.jpg\" class=\"attachment-thumbnail size-thumbnail\" alt=\"\" srcset=\"https:\/\/www.canalboating.cz\/wp-content\/uploads\/2012\/04\/n6-150x150.jpg 150w, https:\/\/www.canalboating.cz\/wp-content\/uploads\/2012\/04\/n6-100x100.jpg 100w\" sizes=\"auto, (max-width: 150px) 100vw, 150px\" \/><\/a>\n\t\t\t<\/span><\/figure><br style=\"clear: both\" \/>\n\t\t\t<div class='clear'><\/div>\n\t\t<\/div>\n\n<h2>Mittwoch: Von der Elbe in die romantische Havel<\/h2>\n<p style=\"text-align: justify;\">Heute beenden wir die Elbfahrt, etwa 35 km bis zum 423. Flusskilometer, wo wir \u00fcber einen kurzen Kanal durch die Schleuse Havelberg in die Havel gelangen. Die Elbe flie\u00dft genauso schnell wie gestern und wir begegnen h\u00e4ufiger G\u00fcterschiffen sowie einem Personenschiff. Hier ist es angebracht, auf eine kleinere Elb-Beschwernis aufmerksam zu machen, und zwar auf die Flusspendelf\u00e4hren. Sie sind an einem etwa 200 m langen Seil angeh\u00e4ngt, das mitten im Fluss verankert ist und sich an gelben Pontons befestigt zur F\u00e4hre zieht. Gew\u00f6hnlich kann sie nur von einer Seite her umschifft werden, und zwar wenn sich die F\u00e4hre in ihrer Ausgangsposition befindet. Sofern sie gerade bei der \u00dcberfahrt ist, sperrt sie die Fahrrinne ab. Und wenn sich kein Funkger\u00e4t an Bord befindet, ist es schwer, im Voraus zu ermitteln, wo sich die F\u00e4hre befindet. Es ist am besten, hinter einem gr\u00f6\u00dferen Boot herzufahren, das mit einem Funkger\u00e4t ausgestattet ist.<br \/>\nDie Untere Havel \u00fcberraschte uns mit ihrer romantischen Sch\u00f6nheit. Als w\u00e4re sie gar kein schiffbarer Fluss. In der flachen Landschaft ergie\u00dft sie sich in umfangreiche und unregelm\u00e4\u00dfige Schlingen, bildet zahlreiche Uferfeuchtgebiete und unabsehbare Schilffl\u00e4chen. Es gibt st\u00e4ndig etwas zu beobachten: die am Ufer stehende \u201eStatue\u201c eines Reihers, umherfliegende Kormorane, um das Boot herum bettelnde Schw\u00e4ne, zahlreiche Entenfamilien beim ersten Schwimmunterricht. Zur Nacht ankerten wir in der Dorfmarina in Strodehne in einem seitlichen Flussarm der Havel.<\/p>\n\n\t\t<div id='gallery-10' class='gallery galleryid-238 gallery-columns-3 gallery-size-thumbnail gallery-link-file'><figure class='gallery-item'>\n\t\t\t<span class='gallery-icon'>\n\t\t\t\t<a rel='attachment' href='https:\/\/www.canalboating.cz\/wp-content\/uploads\/2012\/04\/n7.jpg'><img loading=\"lazy\" decoding=\"async\" width=\"150\" height=\"150\" src=\"https:\/\/www.canalboating.cz\/wp-content\/uploads\/2012\/04\/n7-150x150.jpg\" class=\"attachment-thumbnail size-thumbnail\" alt=\"\" srcset=\"https:\/\/www.canalboating.cz\/wp-content\/uploads\/2012\/04\/n7-150x150.jpg 150w, https:\/\/www.canalboating.cz\/wp-content\/uploads\/2012\/04\/n7-100x100.jpg 100w\" sizes=\"auto, (max-width: 150px) 100vw, 150px\" \/><\/a>\n\t\t\t<\/span><\/figure><figure class='gallery-item'>\n\t\t\t<span class='gallery-icon'>\n\t\t\t\t<a rel='attachment' href='https:\/\/www.canalboating.cz\/wp-content\/uploads\/2012\/04\/n8.jpg'><img loading=\"lazy\" decoding=\"async\" width=\"150\" height=\"150\" src=\"https:\/\/www.canalboating.cz\/wp-content\/uploads\/2012\/04\/n8-150x150.jpg\" class=\"attachment-thumbnail size-thumbnail\" alt=\"\" srcset=\"https:\/\/www.canalboating.cz\/wp-content\/uploads\/2012\/04\/n8-150x150.jpg 150w, https:\/\/www.canalboating.cz\/wp-content\/uploads\/2012\/04\/n8-100x100.jpg 100w\" sizes=\"auto, (max-width: 150px) 100vw, 150px\" \/><\/a>\n\t\t\t<\/span><\/figure><figure class='gallery-item'>\n\t\t\t<span class='gallery-icon'>\n\t\t\t\t<a rel='attachment' href='https:\/\/www.canalboating.cz\/wp-content\/uploads\/2012\/04\/n9.jpg'><img loading=\"lazy\" decoding=\"async\" width=\"150\" height=\"150\" src=\"https:\/\/www.canalboating.cz\/wp-content\/uploads\/2012\/04\/n9-150x150.jpg\" class=\"attachment-thumbnail size-thumbnail\" alt=\"\" srcset=\"https:\/\/www.canalboating.cz\/wp-content\/uploads\/2012\/04\/n9-150x150.jpg 150w, https:\/\/www.canalboating.cz\/wp-content\/uploads\/2012\/04\/n9-100x100.jpg 100w\" sizes=\"auto, (max-width: 150px) 100vw, 150px\" \/><\/a>\n\t\t\t<\/span><\/figure><br style=\"clear: both\" \/>\n\t\t\t<div class='clear'><\/div>\n\t\t<\/div>\n\n<h2>Donnerstag: Die Havel und ihre Schleusen<\/h2>\n<p style=\"text-align: justify;\">Wir wachen in langsam zergehenden Nebel auf und bewegen uns dann den ganzen Tag die Untere Havel entlang vorw\u00e4rts. Von der Landschaft her ist die Fahrt auch weiterhin sehr interessant, der Fluss ist verlassen, nur sehr selten begegnen wir anderen Booten. Zun\u00e4chst steuern wir auf Rathenow zu, wo der Fluss mehrere schiffbare Arme bildet. Durch die Stadt kann man auf zweierlei Art und Weise fahren: durch eine kleine Stadtschleuse, die allerdings erst ab Mai in Betrieb ist, oder durch eine gro\u00dfe Schleuse am Rande der Stadt.<br \/>\nAn diesem Abschnitt der Unteren Havel befinden sich etwa sechs Schleusen, die schon so manches gesehen haben. F\u00fcr den heutigen G\u00fcterbetrieb, der sozusagen gleich Null ist, sind sie beinahe unverh\u00e4ltnism\u00e4\u00dfig gro\u00df und weisen eine Besonderheit auf, die sie f\u00fcr Sportboote etwas \u201eschwierig\u201c machen: die Seitenw\u00e4nde sind schr\u00e4g, aus heute bereits ziemlich verwittertem Ziegelmauerwerk erbaut. Bei der Bergfahrt macht das nichts aus, aber bei der Talfahrt droht das Aufsitzen auf die Seitenwand. Wir \u00fcbernachten in Bahnitz, nach 50 km Fahrt, in einer kleinen Dorfanlegestelle. Der Ort bietet wunderbare abendliche Spazierg\u00e4nge in die Umgebung, die Bestandteil des Naturparks Westhavelland ist.<\/p>\n\n\t\t<div id='gallery-11' class='gallery galleryid-238 gallery-columns-3 gallery-size-thumbnail gallery-link-file'><figure class='gallery-item'>\n\t\t\t<span class='gallery-icon'>\n\t\t\t\t<a rel='attachment' href='https:\/\/www.canalboating.cz\/wp-content\/uploads\/2012\/04\/n10.jpg'><img loading=\"lazy\" decoding=\"async\" width=\"150\" height=\"150\" src=\"https:\/\/www.canalboating.cz\/wp-content\/uploads\/2012\/04\/n10-150x150.jpg\" class=\"attachment-thumbnail size-thumbnail\" alt=\"\" srcset=\"https:\/\/www.canalboating.cz\/wp-content\/uploads\/2012\/04\/n10-150x150.jpg 150w, https:\/\/www.canalboating.cz\/wp-content\/uploads\/2012\/04\/n10-100x100.jpg 100w\" sizes=\"auto, (max-width: 150px) 100vw, 150px\" \/><\/a>\n\t\t\t<\/span><\/figure><figure class='gallery-item'>\n\t\t\t<span class='gallery-icon'>\n\t\t\t\t<a rel='attachment' href='https:\/\/www.canalboating.cz\/wp-content\/uploads\/2012\/04\/n11.jpg'><img loading=\"lazy\" decoding=\"async\" width=\"150\" height=\"150\" src=\"https:\/\/www.canalboating.cz\/wp-content\/uploads\/2012\/04\/n11-150x150.jpg\" class=\"attachment-thumbnail size-thumbnail\" alt=\"\" srcset=\"https:\/\/www.canalboating.cz\/wp-content\/uploads\/2012\/04\/n11-150x150.jpg 150w, https:\/\/www.canalboating.cz\/wp-content\/uploads\/2012\/04\/n11-100x100.jpg 100w\" sizes=\"auto, (max-width: 150px) 100vw, 150px\" \/><\/a>\n\t\t\t<\/span><\/figure><figure class='gallery-item'>\n\t\t\t<span class='gallery-icon'>\n\t\t\t\t<a rel='attachment' href='https:\/\/www.canalboating.cz\/wp-content\/uploads\/2012\/04\/n12.jpg'><img loading=\"lazy\" decoding=\"async\" width=\"150\" height=\"150\" src=\"https:\/\/www.canalboating.cz\/wp-content\/uploads\/2012\/04\/n12-150x150.jpg\" class=\"attachment-thumbnail size-thumbnail\" alt=\"\" srcset=\"https:\/\/www.canalboating.cz\/wp-content\/uploads\/2012\/04\/n12-150x150.jpg 150w, https:\/\/www.canalboating.cz\/wp-content\/uploads\/2012\/04\/n12-100x100.jpg 100w\" sizes=\"auto, (max-width: 150px) 100vw, 150px\" \/><\/a>\n\t\t\t<\/span><\/figure><br style=\"clear: both\" \/>\n\t\t\t<div class='clear'><\/div>\n\t\t<\/div>\n\n<h2>Freitag: Erster Mai auf dem Wasser<\/h2>\n<p style=\"text-align: justify;\">Ein St\u00fcck hinter Bahnitz bildet die Havel kleinere zusammenh\u00e4ngende Seen, bis sie uns zum gro\u00dfen Plauer See bei Brandenburg f\u00fchrt. Dort schlossen wir uns in der Gegenrichtung an die Strecke an, die wir am Montag entlang gefahren waren, und der Elbe-Havel-Kreis wurde somit geschlossen. Vor uns lagen aber noch zwei Tage Fahrt und so steuerten wir die Richtung Potsdam an. Wir winkten unserer Muttermarina Schoners Wehr zu und setzten die Fahrt gegen den Flussstrom fort. Auf dem Wasserweg erh\u00f6hte sich deutlich der Betrieb von Motorjachten, ein klarer Beweis daf\u00fcr, dass das durch den ersten Mai verl\u00e4ngerte Wochenende die Berliner Schiffer aufs Wasser gelockt hat.<br \/>\nZur n\u00e4chtlichen Ankerung fanden wir die sch\u00f6ne \u201eforstliche\u201c Fichtner Marina in Deetz. Sie wurde aus einem alten G\u00fcterhafen, der im neunzehnten und zwanzigsten Jahrhundert zur Verladung von Ziegeln aus vielen umliegenden Ziegeleien diente, gef\u00fchlvoll umgebaut. Von den Ziegeleien gibt es heute keine Spur mehr, aber der Lehrpfad rund um die \u00fcberfluteten Br\u00fcche, die von der gef\u00f6rderten Ziegelerde hinterblieben sind, ist ganz interessant.<\/p>\n\n\t\t<div id='gallery-12' class='gallery galleryid-238 gallery-columns-3 gallery-size-thumbnail gallery-link-file'><figure class='gallery-item'>\n\t\t\t<span class='gallery-icon'>\n\t\t\t\t<a rel='attachment' href='https:\/\/www.canalboating.cz\/wp-content\/uploads\/2012\/04\/n13.jpg'><img loading=\"lazy\" decoding=\"async\" width=\"150\" height=\"150\" src=\"https:\/\/www.canalboating.cz\/wp-content\/uploads\/2012\/04\/n13-150x150.jpg\" class=\"attachment-thumbnail size-thumbnail\" alt=\"\" srcset=\"https:\/\/www.canalboating.cz\/wp-content\/uploads\/2012\/04\/n13-150x150.jpg 150w, https:\/\/www.canalboating.cz\/wp-content\/uploads\/2012\/04\/n13-100x100.jpg 100w\" sizes=\"auto, (max-width: 150px) 100vw, 150px\" \/><\/a>\n\t\t\t<\/span><\/figure><figure class='gallery-item'>\n\t\t\t<span class='gallery-icon'>\n\t\t\t\t<a rel='attachment' href='https:\/\/www.canalboating.cz\/wp-content\/uploads\/2012\/04\/n14.jpg'><img loading=\"lazy\" decoding=\"async\" width=\"150\" height=\"150\" src=\"https:\/\/www.canalboating.cz\/wp-content\/uploads\/2012\/04\/n14-150x150.jpg\" class=\"attachment-thumbnail size-thumbnail\" alt=\"\" srcset=\"https:\/\/www.canalboating.cz\/wp-content\/uploads\/2012\/04\/n14-150x150.jpg 150w, https:\/\/www.canalboating.cz\/wp-content\/uploads\/2012\/04\/n14-100x100.jpg 100w\" sizes=\"auto, (max-width: 150px) 100vw, 150px\" \/><\/a>\n\t\t\t<\/span><\/figure><figure class='gallery-item'>\n\t\t\t<span class='gallery-icon'>\n\t\t\t\t<a rel='attachment' href='https:\/\/www.canalboating.cz\/wp-content\/uploads\/2012\/04\/n15.jpg'><img loading=\"lazy\" decoding=\"async\" width=\"150\" height=\"150\" src=\"https:\/\/www.canalboating.cz\/wp-content\/uploads\/2012\/04\/n15-150x150.jpg\" class=\"attachment-thumbnail size-thumbnail\" alt=\"\" srcset=\"https:\/\/www.canalboating.cz\/wp-content\/uploads\/2012\/04\/n15-150x150.jpg 150w, https:\/\/www.canalboating.cz\/wp-content\/uploads\/2012\/04\/n15-100x100.jpg 100w\" sizes=\"auto, (max-width: 150px) 100vw, 150px\" \/><\/a>\n\t\t\t<\/span><\/figure><br style=\"clear: both\" \/>\n\t\t\t<div class='clear'><\/div>\n\t\t<\/div>\n\n<h2>Samstag: In Potsdam waren wir schon<\/h2>\n<p style=\"text-align: justify;\">Aus der Fichtner Marina waren es bis Potsdam blo\u00dfe 35 km. Die Strecke die Potsdamer Havel entlang dr\u00e4ngt allerdings nicht zur Eile. Sie f\u00fchrt gr\u00f6\u00dftenteils die Potsdamer Seen entlang, warum sollte man also bei angenehmem Wetter und in sch\u00f6ner Landschaft in Eile sein?<br \/>\nUnter dem Eindruck dieses verl\u00e4ngerten Wochenendes hegten wir Bef\u00fcrchtungen, dass alle Pl\u00e4tze in den Marinen am Abend besetzt sein werden, das Gegenteil war jedoch der Fall.  Der Nachmittag habe ich es \u201ebegriffen\u201c. Alle sch\u00f6nen und ruhigen Buchten au\u00dferhalb des Hauptwasserweges boten den ankernden Booten Zuflucht. Ihre Besatzungen widmeten sich angenehmen T\u00e4tigkeiten: Baden, Angeln, Grillen an Bord oder nur Faulenzen an der Nachmittagssonne. Die Marina in Potsdam, die wir bereits vor sieben Jahren aufgesucht hatten, war tats\u00e4chlich leer. An diesem Tag machten wir uns noch zur Besichtigung eines weltbekannten Denkmals \u2013 Schloss Cecilienhof \u2013 auf.<\/p>\n\n\t\t<div id='gallery-13' class='gallery galleryid-238 gallery-columns-3 gallery-size-thumbnail gallery-link-file'><figure class='gallery-item'>\n\t\t\t<span class='gallery-icon'>\n\t\t\t\t<a rel='attachment' href='https:\/\/www.canalboating.cz\/wp-content\/uploads\/2012\/04\/n16.jpg'><img loading=\"lazy\" decoding=\"async\" width=\"150\" height=\"150\" src=\"https:\/\/www.canalboating.cz\/wp-content\/uploads\/2012\/04\/n16-150x150.jpg\" class=\"attachment-thumbnail size-thumbnail\" alt=\"\" srcset=\"https:\/\/www.canalboating.cz\/wp-content\/uploads\/2012\/04\/n16-150x150.jpg 150w, https:\/\/www.canalboating.cz\/wp-content\/uploads\/2012\/04\/n16-100x100.jpg 100w\" sizes=\"auto, (max-width: 150px) 100vw, 150px\" \/><\/a>\n\t\t\t<\/span><\/figure><figure class='gallery-item'>\n\t\t\t<span class='gallery-icon'>\n\t\t\t\t<a rel='attachment' href='https:\/\/www.canalboating.cz\/wp-content\/uploads\/2012\/04\/n17.jpg'><img loading=\"lazy\" decoding=\"async\" width=\"150\" height=\"150\" src=\"https:\/\/www.canalboating.cz\/wp-content\/uploads\/2012\/04\/n17-150x150.jpg\" class=\"attachment-thumbnail size-thumbnail\" alt=\"\" srcset=\"https:\/\/www.canalboating.cz\/wp-content\/uploads\/2012\/04\/n17-150x150.jpg 150w, https:\/\/www.canalboating.cz\/wp-content\/uploads\/2012\/04\/n17-100x100.jpg 100w\" sizes=\"auto, (max-width: 150px) 100vw, 150px\" \/><\/a>\n\t\t\t<\/span><\/figure><figure class='gallery-item'>\n\t\t\t<span class='gallery-icon'>\n\t\t\t\t<a rel='attachment' href='https:\/\/www.canalboating.cz\/wp-content\/uploads\/2012\/04\/n18.jpg'><img loading=\"lazy\" decoding=\"async\" width=\"150\" height=\"150\" src=\"https:\/\/www.canalboating.cz\/wp-content\/uploads\/2012\/04\/n18-150x150.jpg\" class=\"attachment-thumbnail size-thumbnail\" alt=\"\" srcset=\"https:\/\/www.canalboating.cz\/wp-content\/uploads\/2012\/04\/n18-150x150.jpg 150w, https:\/\/www.canalboating.cz\/wp-content\/uploads\/2012\/04\/n18-100x100.jpg 100w\" sizes=\"auto, (max-width: 150px) 100vw, 150px\" \/><\/a>\n\t\t\t<\/span><\/figure><br style=\"clear: both\" \/>\n\t\t\t<div class='clear'><\/div>\n\t\t<\/div>\n\n<h2>Sonntag: Zur\u00fcck nach Brandenburg und nach Hause<\/h2>\n<p style=\"text-align: justify;\">Vom letzten Tag berichtet es sich immer schlecht \u2013 wieder geht eine gelungene Fahrt zu Ende. Wir umschifften Potsdam unter der Glienicker Br\u00fccke \u2013 der ber\u00fcchtigten \u201eSpionenbr\u00fccke\u201c \u2013 durch und steuerten \u00fcber den Jungfernsee und den Sacrow-Paretzer Kanal auf Brandenburg zu. Auf den frei geankerten Booten wachten gerade die Besatzungen auf und die Abgeh\u00e4rtesten darunter nahmen durch ein Bad in den Seen ihre Morgenhygiene vor. Sp\u00e4ter nach dem Mittagessen begegneten wir anderen Booten auf dem R\u00fcckweg in die heimatlichen Marinen, die sich am ehesten erst in Berlin befanden. Und dann ging es schon Schlag auf Schlag, um zwei Uhr waren wir in der Marina, bis vier Uhr war das Boot \u00fcbergeben und dann machten wir uns auch schon mit dem Auto auf den Heimweg auf.<\/p>\n<p>\n\t\t<div id='gallery-14' class='gallery galleryid-238 gallery-columns-3 gallery-size-thumbnail gallery-link-file'><figure class='gallery-item'>\n\t\t\t<span class='gallery-icon'>\n\t\t\t\t<a rel='attachment' href='https:\/\/www.canalboating.cz\/wp-content\/uploads\/2012\/04\/n19.jpg'><img loading=\"lazy\" decoding=\"async\" width=\"150\" height=\"150\" src=\"https:\/\/www.canalboating.cz\/wp-content\/uploads\/2012\/04\/n19-150x150.jpg\" class=\"attachment-thumbnail size-thumbnail\" alt=\"\" srcset=\"https:\/\/www.canalboating.cz\/wp-content\/uploads\/2012\/04\/n19-150x150.jpg 150w, https:\/\/www.canalboating.cz\/wp-content\/uploads\/2012\/04\/n19-100x100.jpg 100w\" sizes=\"auto, (max-width: 150px) 100vw, 150px\" \/><\/a>\n\t\t\t<\/span><\/figure><figure class='gallery-item'>\n\t\t\t<span class='gallery-icon'>\n\t\t\t\t<a rel='attachment' href='https:\/\/www.canalboating.cz\/wp-content\/uploads\/2012\/04\/n20.jpg'><img loading=\"lazy\" decoding=\"async\" width=\"150\" height=\"150\" src=\"https:\/\/www.canalboating.cz\/wp-content\/uploads\/2012\/04\/n20-150x150.jpg\" class=\"attachment-thumbnail size-thumbnail\" alt=\"\" srcset=\"https:\/\/www.canalboating.cz\/wp-content\/uploads\/2012\/04\/n20-150x150.jpg 150w, https:\/\/www.canalboating.cz\/wp-content\/uploads\/2012\/04\/n20-100x100.jpg 100w\" sizes=\"auto, (max-width: 150px) 100vw, 150px\" \/><\/a>\n\t\t\t<\/span><\/figure><figure class='gallery-item'>\n\t\t\t<span class='gallery-icon'>\n\t\t\t\t<a rel='attachment' href='https:\/\/www.canalboating.cz\/wp-content\/uploads\/2012\/04\/n21.jpg'><img loading=\"lazy\" decoding=\"async\" width=\"150\" height=\"150\" src=\"https:\/\/www.canalboating.cz\/wp-content\/uploads\/2012\/04\/n21-150x150.jpg\" class=\"attachment-thumbnail size-thumbnail\" alt=\"\" srcset=\"https:\/\/www.canalboating.cz\/wp-content\/uploads\/2012\/04\/n21-150x150.jpg 150w, https:\/\/www.canalboating.cz\/wp-content\/uploads\/2012\/04\/n21-100x100.jpg 100w\" sizes=\"auto, (max-width: 150px) 100vw, 150px\" \/><\/a>\n\t\t\t<\/span><\/figure><br style=\"clear: both\" \/>\n\t\t\t<div class='clear'><\/div>\n\t\t<\/div>\n<br \/>\n&nbsp;<\/p>\n<p style=\"text-align: justify;\"><strong>Mai 2009<\/strong><\/p>\n<p style=\"text-align: justify;\"><strong>Charter: <a href=\"http:\/\/www.schoners-wehr.de\/\">www.schoners-wehr.de<\/a><\/strong><\/p>\n<p><\/p>","protected":false},"excerpt":{"rendered":"<p>Die flache Landschaft zwischen Berlin und Elbe ist mit einem dichten Netz von Wasserwegen durchzogen: Kan\u00e4le, Seen, schiffbare Fl\u00fcsse. Sie bieten unersch\u00f6pfliche M\u00f6glichkeiten zum Ankern in Marinen oder auch in freier Natur. Wir haben uns entschlossen, von unserem Ausgangspunkt in Brandenburg aus haupts\u00e4chlich den Teil der Fl\u00fcsse Elbe und Havel &#8230;<\/p>\n","protected":false},"author":1,"featured_media":0,"parent":124,"menu_order":25,"comment_status":"closed","ping_status":"closed","template":"","meta":{"footnotes":""},"class_list":["post-238","page","type-page","status-publish","hentry"],"_links":{"self":[{"href":"https:\/\/www.canalboating.cz\/de\/wp-json\/wp\/v2\/pages\/238","targetHints":{"allow":["GET"]}}],"collection":[{"href":"https:\/\/www.canalboating.cz\/de\/wp-json\/wp\/v2\/pages"}],"about":[{"href":"https:\/\/www.canalboating.cz\/de\/wp-json\/wp\/v2\/types\/page"}],"author":[{"embeddable":true,"href":"https:\/\/www.canalboating.cz\/de\/wp-json\/wp\/v2\/users\/1"}],"replies":[{"embeddable":true,"href":"https:\/\/www.canalboating.cz\/de\/wp-json\/wp\/v2\/comments?post=238"}],"version-history":[{"count":35,"href":"https:\/\/www.canalboating.cz\/de\/wp-json\/wp\/v2\/pages\/238\/revisions"}],"predecessor-version":[{"id":2828,"href":"https:\/\/www.canalboating.cz\/de\/wp-json\/wp\/v2\/pages\/238\/revisions\/2828"}],"up":[{"embeddable":true,"href":"https:\/\/www.canalboating.cz\/de\/wp-json\/wp\/v2\/pages\/124"}],"wp:attachment":[{"href":"https:\/\/www.canalboating.cz\/de\/wp-json\/wp\/v2\/media?parent=238"}],"curies":[{"name":"wp","href":"https:\/\/api.w.org\/{rel}","templated":true}]}}