{"id":124,"date":"2012-04-17T16:04:33","date_gmt":"2012-04-17T15:04:33","guid":{"rendered":"http:\/\/www.canalboating.cz\/?page_id=124"},"modified":"2020-03-06T13:10:10","modified_gmt":"2020-03-06T12:10:10","slug":"cestopisy","status":"publish","type":"page","link":"https:\/\/www.canalboating.cz\/de\/cestopisy\/","title":{"rendered":"Reisen"},"content":{"rendered":"<p><\/p>\n<h1>Reiseberichte<\/h1>\n<p><img loading=\"lazy\" decoding=\"async\" src=\"http:\/\/www.canalboating.cz\/wp-content\/uploads\/2012\/04\/cestopisy1.jpg\" alt=\"\" title=\"cestopisy\" width=\"320\" height=\"354\" class=\"alignright size-full wp-image-2760\" srcset=\"https:\/\/www.canalboating.cz\/wp-content\/uploads\/2012\/04\/cestopisy1.jpg 320w, https:\/\/www.canalboating.cz\/wp-content\/uploads\/2012\/04\/cestopisy1-271x300.jpg 271w\" sizes=\"auto, (max-width: 320px) 100vw, 320px\" \/><img loading=\"lazy\" decoding=\"async\" src=\"https:\/\/www.canalboating.cz\/wp-content\/uploads\/2012\/04\/fr.png\" alt=\"\" title=\"fr\" width=\"16\" height=\"11\" class=\"alignnone size-full wp-image-2734\" \/> <a href=\"https:\/\/www.canalboating.cz\/de\/cestopisy\/francie-2019\/\" title=\"Frankreich 2019\">Frankreich 2019<\/a><br \/>\n<img loading=\"lazy\" decoding=\"async\" src=\"https:\/\/www.canalboating.cz\/wp-content\/uploads\/2012\/04\/cz.png\" alt=\"\" title=\"cz\" width=\"16\" height=\"11\" class=\"alignnone size-full wp-image-2734\" \/> <a href=\"https:\/\/www.canalboating.cz\/de\/cestopisy\/cesko-2018\/\" title=\"Tschechien 2018\">Tschechien 2018<\/a><\/p>\n<hr size=\"2\" \/>\n<img loading=\"lazy\" decoding=\"async\" src=\"http:\/\/www.canalboating.cz\/wp-content\/uploads\/2012\/04\/au.png\" alt=\"\" title=\"au\" width=\"16\" height=\"11\" class=\"alignnone size-full wp-image-2730\" \/> <strong>Australien<\/strong> <a href=\"http:\/\/www.canalboating.cz\/de\/cestopisy\/australie-2006\/\" title=\"Australien 2006\">2006<\/a><br \/>\n<img loading=\"lazy\" decoding=\"async\" src=\"http:\/\/www.canalboating.cz\/wp-content\/uploads\/2012\/04\/eg.png\" alt=\"\" title=\"eg\" width=\"16\" height=\"11\" class=\"alignnone size-full wp-image-2725\" \/> <strong>\u00c4gypten<\/strong> <a href=\"http:\/\/www.canalboating.cz\/de\/cestopisy\/egypt-2012\/\" title=\"\u00c4gypten 2012\">2012<\/a><br \/>\n<img loading=\"lazy\" decoding=\"async\" src=\"http:\/\/www.canalboating.cz\/wp-content\/uploads\/2012\/04\/be.png\" alt=\"be\" width=\"16\" height=\"11\" class=\"alignnone size-full wp-image-2860\" \/> <strong>Belgien<\/strong> <a href=\"http:\/\/www.canalboating.cz\/de\/cestopisy\/belgie-2013\/\" title=\"Belgien 2013\">2013<\/a><br \/>\n<img loading=\"lazy\" decoding=\"async\" src=\"http:\/\/www.canalboating.cz\/wp-content\/uploads\/2012\/04\/dk.png\" alt=\"\" title=\"dk\" width=\"16\" height=\"11\" class=\"alignnone size-full wp-image-2736\" \/> <strong>D\u00e4nemark<\/strong> <a href=\"http:\/\/www.canalboating.cz\/de\/cestopisy\/dansko-2010\/\" title=\"D\u00e4nemark 2010\">2010<\/a><br \/>\n<img loading=\"lazy\" decoding=\"async\" src=\"http:\/\/www.canalboating.cz\/wp-content\/uploads\/2012\/04\/de.png\" alt=\"\" title=\"de\" width=\"16\" height=\"11\" class=\"alignnone size-full wp-image-2735\" \/> <strong>Deutschland<\/strong> <a href=\"http:\/\/www.canalboating.cz\/de\/cestopisy\/nemecko-2002\/\" title=\"Deutschland 2002\">2002<\/a> <a href=\"http:\/\/www.canalboating.cz\/de\/cestopisy\/nemecko-2002-ii\/\" title=\"Deutschland 2002 II\">2002 II<\/a> <a href=\"http:\/\/www.canalboating.cz\/de\/cestopisy\/nemecko-2005\/\" title=\"Deutschland 2005\">2005<\/a> <a href=\"http:\/\/www.canalboating.cz\/de\/cestopisy\/nemecko-2007\/\" title=\"Deutschland 2007\">2007<\/a> <a href=\"http:\/\/www.canalboating.cz\/de\/cestopisy\/nemecko-2009\/\" title=\"Deutschland 2009\">2009<\/a> <a href=\"http:\/\/www.canalboating.cz\/de\/cestopisy\/deutschland-2009-ii\/\" title=\"Deutschland 2009 II\">2009 II<\/a> <a href=\"http:\/\/www.canalboating.cz\/de\/cestopisy\/nemecko-2011\/\" title=\"Deutschland 2011\">2011<\/a> <a href=\"http:\/\/www.canalboating.cz\/de\/cestopisy\/nemecko-2012\/\" title=\"Deutschland 2012\">2012<\/a> <a href=\"http:\/\/www.canalboating.cz\/de\/cestopisy\/nemecko-2013\/\" title=\"Deutschland 2013\">2013<\/a> <a href=\"http:\/\/www.canalboating.cz\/de\/cestopisy\/nemecko-2014\/\" title=\"Deutschland 2014\">2014<\/a> <a href=\"http:\/\/www.canalboating.cz\/de\/cestopisy\/nemecko-2016\/\" title=\"Deutschland 2016\">2016<\/a><br \/>\n<img loading=\"lazy\" decoding=\"async\" src=\"http:\/\/www.canalboating.cz\/wp-content\/uploads\/2012\/04\/gb.png\" alt=\"\" title=\"gb\" width=\"16\" height=\"11\" class=\"alignnone size-full wp-image-2727\" \/> <strong>England<\/strong> <a href=\"http:\/\/www.canalboating.cz\/de\/cestopisy\/anglie-2008\/\" title=\"England 2008\">2008<\/a> <a href=\"http:\/\/www.canalboating.cz\/de\/cestopisy\/anglie-2010\/\" title=\"England 2010\">2010<\/a> <a href=\"http:\/\/www.canalboating.cz\/de\/cestopisy\/anglie-2013\/\" title=\"England 2013\">2013<\/a><br \/>\n<img loading=\"lazy\" decoding=\"async\" src=\"http:\/\/www.canalboating.cz\/wp-content\/uploads\/2012\/04\/fi.png\" alt=\"\" title=\"fi\" width=\"16\" height=\"11\" class=\"alignnone size-full wp-image-2737\" \/> <strong>Finland<\/strong> <a href=\"http:\/\/www.canalboating.cz\/de\/cestopisy\/finsko-2004\/\" title=\"Finland 2004\">2004<\/a> <a href=\"http:\/\/www.canalboating.cz\/de\/cestopisy\/finsko-2017\/\" title=\"Finnland 2017\">2017<\/a><br \/>\n<img loading=\"lazy\" decoding=\"async\" src=\"http:\/\/www.canalboating.cz\/wp-content\/uploads\/2012\/04\/fr.png\" alt=\"\" title=\"fr\" width=\"16\" height=\"11\" class=\"alignnone size-full wp-image-2738\" \/> <strong>Frankreich<\/strong> <a href=\"http:\/\/www.canalboating.cz\/de\/cestopisy\/francie-2001\/\" title=\"Frankreich 2001\">2001<\/a> <a href=\"http:\/\/www.canalboating.cz\/de\/cestopisy\/francie-2003\/\" title=\"Frankreich 2002\">2002<\/a> <a href=\"http:\/\/www.canalboating.cz\/de\/cestopisy\/francie-2007\/\" title=\"Frankreich 2007\">2007<\/a> <a href=\"http:\/\/www.canalboating.cz\/de\/cestopisy\/francie-2014\/\" title=\"Frankreich 2014\">2014<\/a> <a href=\"http:\/\/www.canalboating.cz\/de\/cestopisy\/francie-2015\/\" title=\"Frankreich 2015\">2015<\/a><br \/>\n<img loading=\"lazy\" decoding=\"async\" src=\"http:\/\/www.canalboating.cz\/wp-content\/uploads\/2012\/04\/ie.png\" alt=\"\" title=\"ie\" width=\"16\" height=\"11\" class=\"alignnone size-full wp-image-2740\" \/> <strong>Irland<\/strong> <a href=\"http:\/\/www.canalboating.cz\/de\/cestopisy\/irsko-2005\/\" title=\"Irland 2005\">2005<\/a><br \/>\n<img loading=\"lazy\" decoding=\"async\" src=\"http:\/\/www.canalboating.cz\/wp-content\/uploads\/2012\/04\/it.png\" alt=\"\" title=\"it\" width=\"16\" height=\"11\" class=\"alignnone size-full wp-image-2741\" \/> <strong>Italien<\/strong> <a href=\"http:\/\/www.canalboating.cz\/de\/cestopisy\/italie-2003\/\" title=\"Italien 2003\">2003<\/a> <a href=\"http:\/\/www.canalboating.cz\/de\/cestopisy\/italie-2014\/\" title=\"Italien 2014\">2014<\/a><br \/>\n<img loading=\"lazy\" decoding=\"async\" src=\"http:\/\/www.canalboating.cz\/wp-content\/uploads\/2012\/04\/ca.png\" alt=\"\" title=\"ca\" width=\"16\" height=\"11\" class=\"alignnone size-full wp-image-2733\" \/> <strong>Kanada<\/strong> <a href=\"http:\/\/www.canalboating.cz\/de\/cestopisy\/kanada-2009\/\" title=\"Kanada 2009\">2009<\/a><br \/>\n<img loading=\"lazy\" decoding=\"async\" src=\"http:\/\/www.canalboating.cz\/wp-content\/uploads\/2012\/04\/hr.png\" alt=\"\" title=\"hr\" width=\"16\" height=\"11\" class=\"alignnone size-full wp-image-2739\" \/> <strong>Kroatien<\/strong> <a href=\"http:\/\/www.canalboating.cz\/de\/cestopisy\/chorvatsko-2004\/\" title=\"Kroatien 2004\">2004<\/a> <a href=\"http:\/\/www.canalboating.cz\/de\/cestopisy\/chorvatsko-2005\/\" title=\"Kroatien 2005\">2005<\/a> <a href=\"http:\/\/www.canalboating.cz\/de\/cestopisy\/chorvatsko-2008\/\" title=\"Kroatien 2008\">2008<\/a><br \/>\n<img loading=\"lazy\" decoding=\"async\" src=\"http:\/\/www.canalboating.cz\/wp-content\/uploads\/2012\/04\/mn.png\" alt=\"mn\" width=\"16\" height=\"11\" class=\"alignnone size-full wp-image-3472\" \/> <strong>Mongolei<\/strong> <a href=\"http:\/\/www.canalboating.cz\/de\/cestopisy\/mongolsko-2013\/\" title=\"Mongolei 2013\">2013<\/a><br \/>\n<img loading=\"lazy\" decoding=\"async\" src=\"http:\/\/www.canalboating.cz\/wp-content\/uploads\/2012\/04\/nl.png\" alt=\"\" title=\"nl\" width=\"16\" height=\"11\" class=\"alignnone size-full wp-image-2723\" \/> <strong>Niederlande<\/strong> <a href=\"http:\/\/www.canalboating.cz\/de\/cestopisy\/nizozemi-2000\/\" title=\"Niederlande 2000\">2000<\/a> <a href=\"http:\/\/www.canalboating.cz\/de\/cestopisy\/nizozemi-2008\/\" title=\"Niederlande 2008\">2008<\/a> <a href=\"http:\/\/www.canalboating.cz\/de\/cestopisy\/nizozemi-2011\/\" title=\"Niederlande 2011\">2011<\/a> <a href=\"http:\/\/www.canalboating.cz\/de\/cestopisy\/nizozemi-2012\/\" title=\"Niederlande 2012\">2012<\/a><br \/>\n<img loading=\"lazy\" decoding=\"async\" src=\"http:\/\/www.canalboating.cz\/wp-content\/uploads\/2012\/04\/no.png\" alt=\"\" title=\"no\" width=\"16\" height=\"11\" class=\"alignnone size-full wp-image-2742\" \/> <strong>Norwegen<\/strong> <a href=\"http:\/\/www.canalboating.cz\/de\/cestopisy\/norsko-2011\/\" title=\"Norwegen 2011\">2011<\/a><br \/>\n<img loading=\"lazy\" decoding=\"async\" src=\"http:\/\/www.canalboating.cz\/wp-content\/uploads\/2012\/04\/at.png\" alt=\"at\" width=\"16\" height=\"11\" class=\"alignnone size-full wp-image-2858\" \/> <strong>\u00d6sterreich<\/strong> <a href=\"http:\/\/www.canalboating.cz\/de\/cestopisy\/rakousko-2013\/\" title=\"\u00d6sterreich 2013\">2013<\/a><br \/>\n<img loading=\"lazy\" decoding=\"async\" src=\"http:\/\/www.canalboating.cz\/wp-content\/uploads\/2012\/04\/pl.png\" alt=\"\" title=\"pl\" width=\"16\" height=\"11\" class=\"alignnone size-full wp-image-2750\" \/> <strong>Polen<\/strong> <a href=\"http:\/\/www.canalboating.cz\/de\/cestopisy\/polsko-2012\/\" title=\"Polen 2012\">Polen 2012<\/a> <a href=\"http:\/\/www.canalboating.cz\/de\/cestopisy\/polsko-2013\/\" title=\"Polen 2013\">2013<\/a> <a href=\"http:\/\/www.canalboating.cz\/de\/cestopisy\/polsko-2015\/\" title=\"Polen 2015\">2015<\/a> <a href=\"http:\/\/www.canalboating.cz\/de\/cestopisy\/polsko-2016\/\" title=\"Polen 2016\">2016 I<\/a> <a href=\"http:\/\/www.canalboating.cz\/de\/cestopisy\/polsko-2016-2\/\" title=\"Polen 2016\">2016 II<\/a> <a href=\"https:\/\/www.canalboating.cz\/de\/cestopisy\/polsko-2018\/\" title=\"Polen 2018\">2018<\/a><br \/>\n<img loading=\"lazy\" decoding=\"async\" src=\"http:\/\/www.canalboating.cz\/wp-content\/uploads\/2012\/04\/pt.png\" alt=\"\" title=\"pt\" width=\"16\" height=\"11\" class=\"alignnone size-full wp-image-2751\" \/> <strong>Portugal<\/strong> <a href=\"http:\/\/www.canalboating.cz\/de\/cestopisy\/portugalsko-2012\/\" title=\"Portugal 2012\">2012<\/a><br \/>\n<img loading=\"lazy\" decoding=\"async\" src=\"http:\/\/www.canalboating.cz\/wp-content\/uploads\/2012\/04\/scotland.png\" alt=\"\" title=\"scotland\" width=\"16\" height=\"11\" class=\"alignnone size-full wp-image-2743\" \/> <strong>Schottland<\/strong> <a href=\"http:\/\/www.canalboating.cz\/de\/cestopisy\/skotsko-2003\/\" title=\"Schottland 2003\">2003<\/a><br \/>\n<img loading=\"lazy\" decoding=\"async\" src=\"http:\/\/www.canalboating.cz\/wp-content\/uploads\/2012\/04\/se.png\" alt=\"\" title=\"se\" width=\"16\" height=\"11\" class=\"alignnone size-full wp-image-2744\" \/> <strong>Schweden<\/strong> <a href=\"http:\/\/www.canalboating.cz\/de\/cestopisy\/svedsko-2007\/\" title=\"Schweden 2007\">2007<\/a><br \/>\n<img loading=\"lazy\" decoding=\"async\" src=\"http:\/\/www.canalboating.cz\/wp-content\/uploads\/2012\/04\/es.png\" alt=\"\" title=\"es\" width=\"16\" height=\"11\" class=\"alignnone size-full wp-image-2749\" \/> <strong>Spanien<\/strong> <a href=\"http:\/\/www.canalboating.cz\/de\/cestopisy\/spanelsko-2012\/\" title=\"Spanien 2012\">2012<\/a><br \/>\n<img loading=\"lazy\" decoding=\"async\" src=\"http:\/\/www.canalboating.cz\/wp-content\/uploads\/2012\/04\/cz.png\" alt=\"\" title=\"cz\" width=\"16\" height=\"11\" class=\"alignnone size-full wp-image-2734\" \/> <strong>Tschechien<\/strong> <a href=\"http:\/\/www.canalboating.cz\/de\/cestopisy\/cesko-2006\/\" title=\"Tschechien 2006\">2006<\/a> <a href=\"http:\/\/www.canalboating.cz\/de\/cestopisy\/cesko-2008\/\" title=\"Tschechien 2008\">2008<\/a> <a href=\"http:\/\/www.canalboating.cz\/de\/cestopisy\/cesko-2010\/\" title=\"Tschechien 2010\">2010<\/a> <a href=\"http:\/\/www.canalboating.cz\/de\/cestopisy\/cesko-2012\/\" title=\"Tschechien 2012\">2012<\/a> <a href=\"http:\/\/www.canalboating.cz\/de\/cestopisy\/cesko-2013\/\" title=\"Tschechien 2013\">2013<\/a> <a href=\"http:\/\/www.canalboating.cz\/de\/cestopisy\/cesko-2015\/\" title=\"Tschechien 2015\">2015<\/a><\/p>\n<hr size=\"2\" \/>\n<a href=\"http:\/\/www.canalboating.cz\/de\/cestopisy\/cestopisy-pratel-canalboatingu\/\" title=\"Die Reisen der Freunden des Canalboatings\">Die Reisen der Freunden des Canalboatings<\/a><br \/>\n&nbsp;<br \/>\n&nbsp;<\/p>\n<h1>PLATZ F\u00dcR IHRE REKLAME:<\/h1>\n<p><a href=\"http:\/\/www.mashgargano.com\/default_eng.aspx\"><img loading=\"lazy\" decoding=\"async\" src=\"http:\/\/www.canalboating.cz\/wp-content\/uploads\/2012\/04\/mash_gargano.png\" alt=\"mash_gargano\" width=\"100\" height=\"96\" class=\"alignleft size-full wp-image-3547\" \/><\/a> MASH Gargano: Super Tip auf die Urlaub in italienischer Gargano.<br \/>\n&nbsp;<br \/>\n&nbsp;<br \/>\n&nbsp;<br \/>\n&nbsp;<br \/>\n&nbsp;<br \/>\n<a href=\"http:\/\/www.donau-fun-charter.at\/\"><img loading=\"lazy\" decoding=\"async\" src=\"http:\/\/www.canalboating.cz\/wp-content\/uploads\/2012\/04\/Donau.jpg\" alt=\"Donau\" width=\"256\" height=\"90\" class=\"alignleft size-full wp-image-3259\" \/><\/a>Motorbootvermietung an der Donau<br \/>\nvon Kelheim bis Heinburg<br \/>\n<a href=\"http:\/\/www.donau-fun-charter.at\/\" title=\"www.donau-fun-charter.at\">www.donau-fun-charter.at<\/a><br \/>\n&nbsp;<br \/>\n&nbsp;<br \/>\n&nbsp;<br \/>\n<a href=\"http:\/\/www.beluga-on-tour.de\/\"><img loading=\"lazy\" decoding=\"async\" src=\"http:\/\/www.canalboating.cz\/wp-content\/uploads\/2012\/04\/beluga.jpg\" alt=\"\" title=\"beluga\" width=\"150\" height=\"200\" class=\"alignleft size-full wp-image-206\" \/><\/a>Doris Sutter<br \/>\n&#8222;12 Fl\u00fcsse f\u00fcr Beluga&#8220;<br \/>\n&#8230; 6 L\u00e4nder &#8211; 12 Fl\u00fcsse, unz\u00e4hlige Kan\u00e4le,<br \/>\nSt\u00e4dte wie Prag, Berlin und Bremen, &#8230;<\/p>","protected":false},"excerpt":{"rendered":"<p>Reiseberichte Frankreich 2019 Tschechien 2018 Australien 2006 \u00c4gypten 2012 Belgien 2013 D\u00e4nemark 2010 Deutschland 2002 2002 II 2005 2007 2009 2009 II 2011 2012 2013 2014 2016 England 2008 2010 2013 Finland 2004 2017 Frankreich 2001 2002 2007 2014 2015 Irland 2005 Italien 2003 2014 Kanada 2009 Kroatien 2004 2005 &#8230;<\/p>\n","protected":false},"author":1,"featured_media":0,"parent":0,"menu_order":0,"comment_status":"closed","ping_status":"open","template":"","meta":{"footnotes":""},"class_list":["post-124","page","type-page","status-publish","hentry"],"_links":{"self":[{"href":"https:\/\/www.canalboating.cz\/de\/wp-json\/wp\/v2\/pages\/124","targetHints":{"allow":["GET"]}}],"collection":[{"href":"https:\/\/www.canalboating.cz\/de\/wp-json\/wp\/v2\/pages"}],"about":[{"href":"https:\/\/www.canalboating.cz\/de\/wp-json\/wp\/v2\/types\/page"}],"author":[{"embeddable":true,"href":"https:\/\/www.canalboating.cz\/de\/wp-json\/wp\/v2\/users\/1"}],"replies":[{"embeddable":true,"href":"https:\/\/www.canalboating.cz\/de\/wp-json\/wp\/v2\/comments?post=124"}],"version-history":[{"count":192,"href":"https:\/\/www.canalboating.cz\/de\/wp-json\/wp\/v2\/pages\/124\/revisions"}],"predecessor-version":[{"id":4222,"href":"https:\/\/www.canalboating.cz\/de\/wp-json\/wp\/v2\/pages\/124\/revisions\/4222"}],"wp:attachment":[{"href":"https:\/\/www.canalboating.cz\/de\/wp-json\/wp\/v2\/media?parent=124"}],"curies":[{"name":"wp","href":"https:\/\/api.w.org\/{rel}","templated":true}]}}